{"id":46332,"date":"2024-04-18T10:16:59","date_gmt":"2024-04-18T08:16:59","guid":{"rendered":"https:\/\/pegasus-sportswear.de\/imprint\/"},"modified":"2025-11-27T23:14:52","modified_gmt":"2025-11-27T22:14:52","slug":"imprint","status":"publish","type":"page","link":"https:\/\/pegasus-sportswear.de\/en\/imprint\/","title":{"rendered":"Imprint"},"content":{"rendered":"\t\t<div data-elementor-type=\"wp-page\" data-elementor-id=\"46332\" class=\"elementor elementor-46332 elementor-622\" data-elementor-post-type=\"page\">\n\t\t\t\t<div class=\"elementor-element elementor-element-a7a2ff6 e-flex e-con-boxed e-con e-parent\" data-id=\"a7a2ff6\" data-element_type=\"container\" data-e-type=\"container\" data-settings=\"{&quot;background_background&quot;:&quot;classic&quot;}\">\n\t\t\t\t\t<div class=\"e-con-inner\">\n\t\t\t\t<div class=\"elementor-element elementor-element-dcc5296 elementor-widget elementor-widget-heading\" data-id=\"dcc5296\" data-element_type=\"widget\" data-e-type=\"widget\" data-widget_type=\"heading.default\">\n\t\t\t\t<div class=\"elementor-widget-container\">\n\t\t\t\t\t<h2 class=\"elementor-heading-title elementor-size-default\">Imprint<\/h2>\t\t\t\t<\/div>\n\t\t\t\t<\/div>\n\t\t\t\t\t<\/div>\n\t\t\t\t<\/div>\n\t\t<div class=\"elementor-element elementor-element-74af3039 e-flex e-con-boxed e-con e-parent\" data-id=\"74af3039\" data-element_type=\"container\" data-e-type=\"container\">\n\t\t\t\t\t<div class=\"e-con-inner\">\n\t\t\t\t<div class=\"elementor-element elementor-element-1a38ce1c elementor-widget elementor-widget-text-editor\" data-id=\"1a38ce1c\" data-element_type=\"widget\" data-e-type=\"widget\" data-widget_type=\"text-editor.default\">\n\t\t\t\t<div class=\"elementor-widget-container\">\n\t\t\t\t\t\t\t\t\t\n<h1 class=\"adsimple-322818827\">Imprint<\/h1>\n<p class=\"adsimple-322818827\">Information about the service provider.<\/p>\n<p class=\"adsimple-322818827\">Klaus Ronny Schulze<\/p>\n<p>Pegasus Sportswear<\/p>\n<p class=\"adsimple-322818827\">Einsteinstra\u00dfe 28, <br>82152 Planegg near Munich, <br>Germany<\/p>\n<p><strong>Tel.:<\/strong> +49 (0)89 96993413<br><strong>Fax:<\/strong> +49 (0)89 791 29 70<br><strong>E-Mail:<\/strong> <a href=\"mailto:info@pegasus-sportswear.de\">info@pegasus-sportswear.de<\/a><\/p>\n<div> <\/div>\n<div> <\/div>\n<p><strong>UID number:<\/strong> DE335816031<br><strong>Job title:<\/strong> Trade<br><strong>State of award:<\/strong> Germany<\/p>\n<div> <\/div>\n<p><strong>Supervisory authority:<\/strong> District Inspectorate South, State Capital Munich<br><strong>Address<\/strong> <br>Implerstra\u00dfe 11, 81371 Munich, Germany<\/p>\n<div> <\/div>\n<p><strong>E-mail:<\/strong> <a href=\"mailto:info@pegasus-sportswear.de\">info@pegasus-sportswear.de<\/a> <br><strong>Imprint of the data protection office:<\/strong> <a href=\"https:\/\/pegasus-sportswear.de\/en\/imprint\/\" target=\"_blank\" rel=\"noopener\">https:\/\/pegasus-sportswear.de\/impressum\/<\/a> <br><strong>Contact:<\/strong> <br>Klaus Ronny Schulze<\/p>\n<div> <\/div>\n<div> <\/div>\n<div> <\/div>\n<div> <\/div>\n<div> <\/div>\n<div> <\/div>\n<div> <\/div>\n<div> <\/div>\n<h2 id=\"universalschlichtungsstelle\" class=\"adsimple-322818827 fusion-responsive-typography-calculated\" data-fontsize=\"24\" data-lineheight=\"36px\">Universal arbitration board<\/h2>\n<p class=\"adsimple-322818827\">We participate in a dispute resolution procedure before a consumer arbitration board. The responsible body is the universal arbitration board of the federal government, Zentrum f\u00fcr Schlichtung e.V., located at Stra\u00dfburger Stra\u00dfe 8, 77694 Kehl am Rhein (<a class=\"adsimple-322818827\" href=\"https:\/\/www.verbraucher-schlichter.de\/\" target=\"_blank\" rel=\"follow noopener\">https:\/\/www.verbraucher-schlichter.de<\/a>). <\/p>\n<h2 id=\"eu-streitschlichtung\" class=\"adsimple-322818827 fusion-responsive-typography-calculated\" data-fontsize=\"24\" data-lineheight=\"36px\">EU dispute resolution<\/h2>\n<p class=\"adsimple-322818827\">In accordance with the Regulation on Online Dispute Resolution in Consumer Matters (ODR Regulation), we would like to inform you about the Online Dispute Resolution Platform (OS Platform).<br>Consumers have the option of submitting complaints to the European Commission&#8217;s online dispute resolution platform at <a class=\"adsimple-322818827\" href=\"https:\/\/ec.europa.eu\/consumers\/odr\/main\/index.cfm?event=main.home2.show&amp;lng=DE\" target=\"_blank\" rel=\"follow noopener\">https:\/\/ec.europa.eu\/consumers\/odr\/main\/index.cfm?event=main.home2.show&amp;lng=DE<\/a>. You will find the necessary contact details above in our imprint. <\/p>\n<p class=\"adsimple-322818827\">However, we would like to point out that we are not willing or obliged to participate in dispute resolution proceedings before a consumer arbitration board.<\/p>\n<h2 id=\"haftung-fur-inhalte-dieser-website\" class=\"adsimple-322818827 fusion-responsive-typography-calculated\" data-fontsize=\"24\" data-lineheight=\"36px\">Liability for content on this website<\/h2>\n<p class=\"adsimple-322818827\">We are constantly developing the content of this website and strive to provide correct and up-to-date information. Unfortunately, we cannot assume any liability for the correctness of all content on this website, especially for those provided by third parties. As a service provider, we are not obliged to monitor the information you transmit or store or to investigate circumstances that indicate illegal activity.  <\/p>\n<p class=\"adsimple-322818827\">Our obligations to remove information or block the use of information under general laws due to judicial or official orders remain unaffected, even in the event of our non-responsibility.<\/p>\n<p class=\"adsimple-322818827\">If you notice any problematic or illegal content, please contact us immediately so that we can remove the illegal content. You can find the contact details in the imprint. <\/p>\n<h2 id=\"haftung-links-auf-dieser-website\" class=\"adsimple-322818827 fusion-responsive-typography-calculated\" data-fontsize=\"24\" data-lineheight=\"36px\">Liability for links on this website<\/h2>\n<p class=\"adsimple-322818827\">Our website contains links to other websites for whose content we are not responsible. We are not liable for linked websites because we had and have no knowledge of illegal activities, we have not noticed any such illegal activities and we would remove links immediately if we became aware of illegal activities. <\/p>\n<p class=\"adsimple-322818827\">If you notice any illegal links on our website, please contact us. You can find the contact details in the imprint. <\/p>\n<h2 id=\"urheberrechtshinweis\" class=\"adsimple-322818827 fusion-responsive-typography-calculated\" data-fontsize=\"24\" data-lineheight=\"36px\">Copyright notice<\/h2>\n<p class=\"adsimple-322818827\">All content on this website (images, photos, texts, videos) is subject to copyright. Please ask us before you distribute, reproduce or use the content of this website, such as republishing it on other websites. If necessary, we will legally prosecute the unauthorized use of parts of the content of our site.  <\/p>\n<p class=\"adsimple-322818827\">If you find any content on this website that violates copyright, please contact us.<\/p>\n<h2 id=\"bildernachweis\" class=\"adsimple-322818827 fusion-responsive-typography-calculated\" data-fontsize=\"24\" data-lineheight=\"36px\">Image credits<\/h2>\n<p class=\"adsimple-322818827\">The images, photos and graphics on this website are protected by copyright.<\/p>\n<p><strong>The image rights belong to:<\/strong> <br>Klaus Ronny Schulze<\/p>\n<div> <\/div>\n<div> <\/div>\n<div> <\/div>\n<p>All texts are protected by copyright.<\/p>\n<p>Source: Created with the <a title=\"Imprint Generator Germany by AdSimple\" href=\"https:\/\/www.adsimple.de\/impressum-generator\/\">Imprint Generator Germany<\/a> by AdSimple<\/p>\n\t\t\t\t\t\t\t\t<\/div>\n\t\t\t\t<\/div>\n\t\t\t\t\t<\/div>\n\t\t\t\t<\/div>\n\t\t\t\t<\/div>\n\t\t","protected":false},"excerpt":{"rendered":"<p>Imprint Information about the service provider. Klaus Ronny Schulze Pegasus Sportswear Einsteinstra\u00dfe 28, 82152 Planegg near Munich, Germany Tel.: +49 (0)89 96993413Fax: +49 (0)89 791 29 70E-Mail: info@pegasus-sportswear.de UID number: DE335816031Job title: TradeState of award: Germany Supervisory authority: District Inspectorate South, State Capital MunichAddress Implerstra\u00dfe 11, 81371 Munich, Germany E-mail: info@pegasus-sportswear.de Imprint of the data [&hellip;]<\/p>\n","protected":false},"author":246731610,"featured_media":0,"parent":0,"menu_order":0,"comment_status":"closed","ping_status":"closed","template":"elementor_header_footer","meta":{"iawp_total_views":1,"footnotes":""},"class_list":["post-46332","page","type-page","status-publish","hentry"],"yoast_head":"<!-- This site is optimized with the Yoast SEO plugin v27.1.1 - https:\/\/yoast.com\/product\/yoast-seo-wordpress\/ -->\n<title>Imprint - Pegasus Sportswear<\/title>\n<meta name=\"description\" content=\"Imprint\" \/>\n<meta name=\"robots\" content=\"index, follow, max-snippet:-1, max-image-preview:large, max-video-preview:-1\" \/>\n<link rel=\"canonical\" href=\"https:\/\/pegasus-sportswear.de\/en\/imprint\/\" \/>\n<meta property=\"og:locale\" content=\"en_US\" \/>\n<meta property=\"og:type\" content=\"article\" \/>\n<meta property=\"og:title\" content=\"Imprint - Pegasus Sportswear\" \/>\n<meta property=\"og:description\" content=\"Imprint\" \/>\n<meta property=\"og:url\" content=\"https:\/\/pegasus-sportswear.de\/en\/imprint\/\" \/>\n<meta property=\"og:site_name\" content=\"Pegasus Sportswear\" \/>\n<meta property=\"article:modified_time\" content=\"2025-11-27T22:14:52+00:00\" \/>\n<meta name=\"twitter:card\" content=\"summary_large_image\" \/>\n<meta name=\"twitter:label1\" content=\"Est. reading time\" \/>\n\t<meta name=\"twitter:data1\" content=\"3 minutes\" \/>\n<script type=\"application\/ld+json\" class=\"yoast-schema-graph\">{\"@context\":\"https:\/\/schema.org\",\"@graph\":[{\"@type\":\"WebPage\",\"@id\":\"https:\/\/pegasus-sportswear.de\/en\/imprint\/\",\"url\":\"https:\/\/pegasus-sportswear.de\/en\/imprint\/\",\"name\":\"Imprint - Pegasus Sportswear\",\"isPartOf\":{\"@id\":\"https:\/\/pegasus-sportswear.de\/en\/#website\"},\"datePublished\":\"2024-04-18T08:16:59+00:00\",\"dateModified\":\"2025-11-27T22:14:52+00:00\",\"description\":\"Imprint\",\"breadcrumb\":{\"@id\":\"https:\/\/pegasus-sportswear.de\/en\/imprint\/#breadcrumb\"},\"inLanguage\":\"en-US\",\"potentialAction\":[{\"@type\":\"ReadAction\",\"target\":[\"https:\/\/pegasus-sportswear.de\/en\/imprint\/\"]}]},{\"@type\":\"BreadcrumbList\",\"@id\":\"https:\/\/pegasus-sportswear.de\/en\/imprint\/#breadcrumb\",\"itemListElement\":[{\"@type\":\"ListItem\",\"position\":1,\"name\":\"Startseite\",\"item\":\"https:\/\/pegasus-sportswear.de\/en\/welcome-to-pegasus-sportswear\/\"},{\"@type\":\"ListItem\",\"position\":2,\"name\":\"Imprint\"}]},{\"@type\":\"WebSite\",\"@id\":\"https:\/\/pegasus-sportswear.de\/en\/#website\",\"url\":\"https:\/\/pegasus-sportswear.de\/en\/\",\"name\":\"Pegasus Sportswear\",\"description\":\"\",\"publisher\":{\"@id\":\"https:\/\/pegasus-sportswear.de\/en\/#organization\"},\"potentialAction\":[{\"@type\":\"SearchAction\",\"target\":{\"@type\":\"EntryPoint\",\"urlTemplate\":\"https:\/\/pegasus-sportswear.de\/en\/?s={search_term_string}\"},\"query-input\":{\"@type\":\"PropertyValueSpecification\",\"valueRequired\":true,\"valueName\":\"search_term_string\"}}],\"inLanguage\":\"en-US\"},{\"@type\":\"Organization\",\"@id\":\"https:\/\/pegasus-sportswear.de\/en\/#organization\",\"name\":\"Pegasus Sportswear\",\"url\":\"https:\/\/pegasus-sportswear.de\/en\/\",\"logo\":{\"@type\":\"ImageObject\",\"inLanguage\":\"en-US\",\"@id\":\"https:\/\/pegasus-sportswear.de\/en\/#\/schema\/logo\/image\/\",\"url\":\"https:\/\/pegasus-sportswear.de\/wp-content\/uploads\/2024\/03\/Signatur-Logo-neue-Schrift.jpg\",\"contentUrl\":\"https:\/\/pegasus-sportswear.de\/wp-content\/uploads\/2024\/03\/Signatur-Logo-neue-Schrift.jpg\",\"width\":314,\"height\":152,\"caption\":\"Pegasus Sportswear\"},\"image\":{\"@id\":\"https:\/\/pegasus-sportswear.de\/en\/#\/schema\/logo\/image\/\"}}]}<\/script>\n<!-- \/ Yoast SEO plugin. -->","yoast_head_json":{"title":"Imprint - Pegasus Sportswear","description":"Imprint","robots":{"index":"index","follow":"follow","max-snippet":"max-snippet:-1","max-image-preview":"max-image-preview:large","max-video-preview":"max-video-preview:-1"},"canonical":"https:\/\/pegasus-sportswear.de\/en\/imprint\/","og_locale":"en_US","og_type":"article","og_title":"Imprint - Pegasus Sportswear","og_description":"Imprint","og_url":"https:\/\/pegasus-sportswear.de\/en\/imprint\/","og_site_name":"Pegasus Sportswear","article_modified_time":"2025-11-27T22:14:52+00:00","twitter_card":"summary_large_image","twitter_misc":{"Est. reading time":"3 minutes"},"schema":{"@context":"https:\/\/schema.org","@graph":[{"@type":"WebPage","@id":"https:\/\/pegasus-sportswear.de\/en\/imprint\/","url":"https:\/\/pegasus-sportswear.de\/en\/imprint\/","name":"Imprint - Pegasus Sportswear","isPartOf":{"@id":"https:\/\/pegasus-sportswear.de\/en\/#website"},"datePublished":"2024-04-18T08:16:59+00:00","dateModified":"2025-11-27T22:14:52+00:00","description":"Imprint","breadcrumb":{"@id":"https:\/\/pegasus-sportswear.de\/en\/imprint\/#breadcrumb"},"inLanguage":"en-US","potentialAction":[{"@type":"ReadAction","target":["https:\/\/pegasus-sportswear.de\/en\/imprint\/"]}]},{"@type":"BreadcrumbList","@id":"https:\/\/pegasus-sportswear.de\/en\/imprint\/#breadcrumb","itemListElement":[{"@type":"ListItem","position":1,"name":"Startseite","item":"https:\/\/pegasus-sportswear.de\/en\/welcome-to-pegasus-sportswear\/"},{"@type":"ListItem","position":2,"name":"Imprint"}]},{"@type":"WebSite","@id":"https:\/\/pegasus-sportswear.de\/en\/#website","url":"https:\/\/pegasus-sportswear.de\/en\/","name":"Pegasus Sportswear","description":"","publisher":{"@id":"https:\/\/pegasus-sportswear.de\/en\/#organization"},"potentialAction":[{"@type":"SearchAction","target":{"@type":"EntryPoint","urlTemplate":"https:\/\/pegasus-sportswear.de\/en\/?s={search_term_string}"},"query-input":{"@type":"PropertyValueSpecification","valueRequired":true,"valueName":"search_term_string"}}],"inLanguage":"en-US"},{"@type":"Organization","@id":"https:\/\/pegasus-sportswear.de\/en\/#organization","name":"Pegasus Sportswear","url":"https:\/\/pegasus-sportswear.de\/en\/","logo":{"@type":"ImageObject","inLanguage":"en-US","@id":"https:\/\/pegasus-sportswear.de\/en\/#\/schema\/logo\/image\/","url":"https:\/\/pegasus-sportswear.de\/wp-content\/uploads\/2024\/03\/Signatur-Logo-neue-Schrift.jpg","contentUrl":"https:\/\/pegasus-sportswear.de\/wp-content\/uploads\/2024\/03\/Signatur-Logo-neue-Schrift.jpg","width":314,"height":152,"caption":"Pegasus Sportswear"},"image":{"@id":"https:\/\/pegasus-sportswear.de\/en\/#\/schema\/logo\/image\/"}}]}},"jetpack_sharing_enabled":true,"_links":{"self":[{"href":"https:\/\/pegasus-sportswear.de\/en\/wp-json\/wp\/v2\/pages\/46332","targetHints":{"allow":["GET"]}}],"collection":[{"href":"https:\/\/pegasus-sportswear.de\/en\/wp-json\/wp\/v2\/pages"}],"about":[{"href":"https:\/\/pegasus-sportswear.de\/en\/wp-json\/wp\/v2\/types\/page"}],"author":[{"embeddable":true,"href":"https:\/\/pegasus-sportswear.de\/en\/wp-json\/wp\/v2\/users\/246731610"}],"replies":[{"embeddable":true,"href":"https:\/\/pegasus-sportswear.de\/en\/wp-json\/wp\/v2\/comments?post=46332"}],"version-history":[{"count":0,"href":"https:\/\/pegasus-sportswear.de\/en\/wp-json\/wp\/v2\/pages\/46332\/revisions"}],"wp:attachment":[{"href":"https:\/\/pegasus-sportswear.de\/en\/wp-json\/wp\/v2\/media?parent=46332"}],"curies":[{"name":"wp","href":"https:\/\/api.w.org\/{rel}","templated":true}]}}