{"id":35953,"date":"2024-02-16T09:56:44","date_gmt":"2024-02-16T08:56:44","guid":{"rendered":"https:\/\/pegasus-sportswear.de\/tiene-preguntas\/"},"modified":"2025-11-26T09:02:22","modified_gmt":"2025-11-26T08:02:22","slug":"tiene-preguntas","status":"publish","type":"page","link":"https:\/\/pegasus-sportswear.de\/es\/tiene-preguntas\/","title":{"rendered":"\u00bfTiene preguntas?"},"content":{"rendered":"\t\t<div data-elementor-type=\"wp-page\" data-elementor-id=\"35953\" class=\"elementor elementor-35953 elementor-17\" data-elementor-post-type=\"page\">\n\t\t\t\t<div class=\"elementor-element elementor-element-b12856f e-flex e-con-boxed e-con e-parent\" data-id=\"b12856f\" data-element_type=\"container\" data-e-type=\"container\" data-settings=\"{&quot;background_background&quot;:&quot;classic&quot;}\">\n\t\t\t\t\t<div class=\"e-con-inner\">\n\t\t<div class=\"elementor-element elementor-element-c990641 e-con-full e-flex e-con e-child\" data-id=\"c990641\" data-element_type=\"container\" data-e-type=\"container\">\n\t\t\t\t<div class=\"elementor-element elementor-element-928aefd elementor-widget elementor-widget-heading\" data-id=\"928aefd\" data-element_type=\"widget\" data-e-type=\"widget\" data-widget_type=\"heading.default\">\n\t\t\t\t<div class=\"elementor-widget-container\">\n\t\t\t\t\t<h2 class=\"elementor-heading-title elementor-size-default\">Preguntas frecuentes<\/h2>\t\t\t\t<\/div>\n\t\t\t\t<\/div>\n\t\t\t\t<\/div>\n\t\t\t\t\t<\/div>\n\t\t\t\t<\/div>\n\t\t<div class=\"elementor-element elementor-element-3fdedd9 e-flex e-con-boxed e-con e-parent\" data-id=\"3fdedd9\" data-element_type=\"container\" data-e-type=\"container\">\n\t\t\t\t\t<div class=\"e-con-inner\">\n\t\t<div class=\"elementor-element elementor-element-f1d95e8 e-con-full e-flex e-con e-child\" data-id=\"f1d95e8\" data-element_type=\"container\" data-e-type=\"container\">\n\t\t<div class=\"elementor-element elementor-element-33858f5 e-con-full e-flex e-con e-child\" data-id=\"33858f5\" data-element_type=\"container\" data-e-type=\"container\">\n\t\t\t\t<div class=\"elementor-element elementor-element-0ce03a1 elementor-widget__width-auto elementor-widget-tablet__width-inherit elementor-widget elementor-widget-heading\" data-id=\"0ce03a1\" data-element_type=\"widget\" data-e-type=\"widget\" data-widget_type=\"heading.default\">\n\t\t\t\t<div class=\"elementor-widget-container\">\n\t\t\t\t\t<h2 class=\"elementor-heading-title elementor-size-default\">Preguntas y respuestas.<\/h2>\t\t\t\t<\/div>\n\t\t\t\t<\/div>\n\t\t\t\t<div class=\"elementor-element elementor-element-be793f0 elementor-widget__width-initial elementor-widget-tablet__width-inherit elementor-widget-divider--view-line elementor-widget elementor-widget-divider\" data-id=\"be793f0\" data-element_type=\"widget\" data-e-type=\"widget\" data-widget_type=\"divider.default\">\n\t\t\t\t<div class=\"elementor-widget-container\">\n\t\t\t\t\t\t\t<div class=\"elementor-divider\">\n\t\t\t<span class=\"elementor-divider-separator\">\n\t\t\t\t\t\t<\/span>\n\t\t<\/div>\n\t\t\t\t\t\t<\/div>\n\t\t\t\t<\/div>\n\t\t\t\t<\/div>\n\t\t<div class=\"elementor-element elementor-element-45de00c e-con-full e-flex e-con e-child\" data-id=\"45de00c\" data-element_type=\"container\" data-e-type=\"container\">\n\t\t\t\t<div class=\"elementor-element elementor-element-7a2eb1b elementor-widget elementor-widget-n-accordion\" data-id=\"7a2eb1b\" data-element_type=\"widget\" data-e-type=\"widget\" data-settings=\"{&quot;default_state&quot;:&quot;expanded&quot;,&quot;max_items_expended&quot;:&quot;one&quot;,&quot;n_accordion_animation_duration&quot;:{&quot;unit&quot;:&quot;ms&quot;,&quot;size&quot;:400,&quot;sizes&quot;:[]}}\" data-widget_type=\"nested-accordion.default\">\n\t\t\t\t<div class=\"elementor-widget-container\">\n\t\t\t\t\t\t\t<div class=\"e-n-accordion\" aria-label=\"Accordion. Open links with Enter or Space, close with Escape, and navigate with Arrow Keys\">\n\t\t\t\t\t\t<details id=\"e-n-accordion-item-1280\" class=\"e-n-accordion-item\" open>\n\t\t\t\t<summary class=\"e-n-accordion-item-title\" data-accordion-index=\"1\" tabindex=\"0\" aria-expanded=\"true\" aria-controls=\"e-n-accordion-item-1280\" >\n\t\t\t\t\t<span class='e-n-accordion-item-title-header'><div class=\"e-n-accordion-item-title-text\"> Elemento #1 <\/div><\/span>\n\t\t\t\t\t\t\t<span class='e-n-accordion-item-title-icon'>\n\t\t\t<span class='e-opened' ><svg aria-hidden=\"true\" class=\"e-font-icon-svg e-fas-angle-up\" viewBox=\"0 0 320 512\" xmlns=\"http:\/\/www.w3.org\/2000\/svg\"><path d=\"M177 159.7l136 136c9.4 9.4 9.4 24.6 0 33.9l-22.6 22.6c-9.4 9.4-24.6 9.4-33.9 0L160 255.9l-96.4 96.4c-9.4 9.4-24.6 9.4-33.9 0L7 329.7c-9.4-9.4-9.4-24.6 0-33.9l136-136c9.4-9.5 24.6-9.5 34-.1z\"><\/path><\/svg><\/span>\n\t\t\t<span class='e-closed'><svg aria-hidden=\"true\" class=\"e-font-icon-svg e-fas-angle-down\" viewBox=\"0 0 320 512\" xmlns=\"http:\/\/www.w3.org\/2000\/svg\"><path d=\"M143 352.3L7 216.3c-9.4-9.4-9.4-24.6 0-33.9l22.6-22.6c9.4-9.4 24.6-9.4 33.9 0l96.4 96.4 96.4-96.4c9.4-9.4 24.6-9.4 33.9 0l22.6 22.6c9.4 9.4 9.4 24.6 0 33.9l-136 136c-9.2 9.4-24.4 9.4-33.8 0z\"><\/path><\/svg><\/span>\n\t\t<\/span>\n\n\t\t\t\t\t\t<\/summary>\n\t\t\t\t<div role=\"region\" aria-labelledby=\"e-n-accordion-item-1280\" class=\"elementor-element elementor-element-286b4e7 e-con-full e-flex e-con e-child\" data-id=\"286b4e7\" data-element_type=\"container\" data-e-type=\"container\">\n\t\t\t\t<\/div>\n\t\t\t\t\t<\/details>\n\t\t\t\t\t\t<details id=\"e-n-accordion-item-1281\" class=\"e-n-accordion-item\" >\n\t\t\t\t<summary class=\"e-n-accordion-item-title\" data-accordion-index=\"2\" tabindex=\"-1\" aria-expanded=\"false\" aria-controls=\"e-n-accordion-item-1281\" >\n\t\t\t\t\t<span class='e-n-accordion-item-title-header'><div class=\"e-n-accordion-item-title-text\"> Elemento #2 <\/div><\/span>\n\t\t\t\t\t\t\t<span class='e-n-accordion-item-title-icon'>\n\t\t\t<span class='e-opened' ><svg aria-hidden=\"true\" class=\"e-font-icon-svg e-fas-angle-up\" viewBox=\"0 0 320 512\" xmlns=\"http:\/\/www.w3.org\/2000\/svg\"><path d=\"M177 159.7l136 136c9.4 9.4 9.4 24.6 0 33.9l-22.6 22.6c-9.4 9.4-24.6 9.4-33.9 0L160 255.9l-96.4 96.4c-9.4 9.4-24.6 9.4-33.9 0L7 329.7c-9.4-9.4-9.4-24.6 0-33.9l136-136c9.4-9.5 24.6-9.5 34-.1z\"><\/path><\/svg><\/span>\n\t\t\t<span class='e-closed'><svg aria-hidden=\"true\" class=\"e-font-icon-svg e-fas-angle-down\" viewBox=\"0 0 320 512\" xmlns=\"http:\/\/www.w3.org\/2000\/svg\"><path d=\"M143 352.3L7 216.3c-9.4-9.4-9.4-24.6 0-33.9l22.6-22.6c9.4-9.4 24.6-9.4 33.9 0l96.4 96.4 96.4-96.4c9.4-9.4 24.6-9.4 33.9 0l22.6 22.6c9.4 9.4 9.4 24.6 0 33.9l-136 136c-9.2 9.4-24.4 9.4-33.8 0z\"><\/path><\/svg><\/span>\n\t\t<\/span>\n\n\t\t\t\t\t\t<\/summary>\n\t\t\t\t<div role=\"region\" aria-labelledby=\"e-n-accordion-item-1281\" class=\"elementor-element elementor-element-2a9a12f e-con-full e-flex e-con e-child\" data-id=\"2a9a12f\" data-element_type=\"container\" data-e-type=\"container\">\n\t\t\t\t<\/div>\n\t\t\t\t\t<\/details>\n\t\t\t\t\t\t<details id=\"e-n-accordion-item-1282\" class=\"e-n-accordion-item\" >\n\t\t\t\t<summary class=\"e-n-accordion-item-title\" data-accordion-index=\"3\" tabindex=\"-1\" aria-expanded=\"false\" aria-controls=\"e-n-accordion-item-1282\" >\n\t\t\t\t\t<span class='e-n-accordion-item-title-header'><div class=\"e-n-accordion-item-title-text\"> Elemento #3 <\/div><\/span>\n\t\t\t\t\t\t\t<span class='e-n-accordion-item-title-icon'>\n\t\t\t<span class='e-opened' ><svg aria-hidden=\"true\" class=\"e-font-icon-svg e-fas-angle-up\" viewBox=\"0 0 320 512\" xmlns=\"http:\/\/www.w3.org\/2000\/svg\"><path d=\"M177 159.7l136 136c9.4 9.4 9.4 24.6 0 33.9l-22.6 22.6c-9.4 9.4-24.6 9.4-33.9 0L160 255.9l-96.4 96.4c-9.4 9.4-24.6 9.4-33.9 0L7 329.7c-9.4-9.4-9.4-24.6 0-33.9l136-136c9.4-9.5 24.6-9.5 34-.1z\"><\/path><\/svg><\/span>\n\t\t\t<span class='e-closed'><svg aria-hidden=\"true\" class=\"e-font-icon-svg e-fas-angle-down\" viewBox=\"0 0 320 512\" xmlns=\"http:\/\/www.w3.org\/2000\/svg\"><path d=\"M143 352.3L7 216.3c-9.4-9.4-9.4-24.6 0-33.9l22.6-22.6c9.4-9.4 24.6-9.4 33.9 0l96.4 96.4 96.4-96.4c9.4-9.4 24.6-9.4 33.9 0l22.6 22.6c9.4 9.4 9.4 24.6 0 33.9l-136 136c-9.2 9.4-24.4 9.4-33.8 0z\"><\/path><\/svg><\/span>\n\t\t<\/span>\n\n\t\t\t\t\t\t<\/summary>\n\t\t\t\t<div role=\"region\" aria-labelledby=\"e-n-accordion-item-1282\" class=\"elementor-element elementor-element-8d7baf1 e-con-full e-flex e-con e-child\" data-id=\"8d7baf1\" data-element_type=\"container\" data-e-type=\"container\">\n\t\t\t\t<\/div>\n\t\t\t\t\t<\/details>\n\t\t\t\t\t<\/div>\n\t\t\t\t\t<script type=\"application\/ld+json\">{\"@context\":\"https:\\\/\\\/schema.org\",\"@type\":\"FAQPage\",\"mainEntity\":[{\"@type\":\"Question\",\"name\":\"Elemento #1\",\"acceptedAnswer\":{\"@type\":\"Answer\",\"text\":\"\"}},{\"@type\":\"Question\",\"name\":\"Elemento #2\",\"acceptedAnswer\":{\"@type\":\"Answer\",\"text\":\"\"}},{\"@type\":\"Question\",\"name\":\"Elemento #3\",\"acceptedAnswer\":{\"@type\":\"Answer\",\"text\":\"\"}}]}<\/script>\n\t\t\t\t\t\t\t<\/div>\n\t\t\t\t<\/div>\n\t\t\t\t<\/div>\n\t\t\t\t<\/div>\n\t\t\t\t\t<\/div>\n\t\t\t\t<\/div>\n\t\t\t\t<\/div>\n\t\t","protected":false},"excerpt":{"rendered":"<p>Preguntas frecuentes Preguntas y respuestas. Elemento #1 Elemento #2 Elemento #3<\/p>\n","protected":false},"author":1,"featured_media":0,"parent":0,"menu_order":0,"comment_status":"closed","ping_status":"closed","template":"elementor_header_footer","meta":{"iawp_total_views":0,"footnotes":""},"class_list":["post-35953","page","type-page","status-publish","hentry"],"yoast_head":"<!-- This site is optimized with the Yoast SEO plugin v27.1.1 - https:\/\/yoast.com\/product\/yoast-seo-wordpress\/ -->\n<title>\u00bfTiene preguntas? - Pegasus Sportswear<\/title>\n<meta name=\"description\" content=\"Preguntas frecuentes: encuentre respuestas a las preguntas m\u00e1s frecuentes sobre Pegasus Sportswear. Obtenga m\u00e1s informaci\u00f3n sobre los procesos de pedido, los pagos, el env\u00edo, las devoluciones y nuestros productos.\" \/>\n<meta name=\"robots\" content=\"index, follow, max-snippet:-1, max-image-preview:large, max-video-preview:-1\" \/>\n<link rel=\"canonical\" href=\"https:\/\/pegasus-sportswear.de\/es\/tiene-preguntas\/\" \/>\n<meta property=\"og:locale\" content=\"es_ES\" \/>\n<meta property=\"og:type\" content=\"article\" \/>\n<meta property=\"og:title\" content=\"\u00bfTiene preguntas? - Pegasus Sportswear\" \/>\n<meta property=\"og:description\" content=\"Preguntas frecuentes: encuentre respuestas a las preguntas m\u00e1s frecuentes sobre Pegasus Sportswear. Obtenga m\u00e1s informaci\u00f3n sobre los procesos de pedido, los pagos, el env\u00edo, las devoluciones y nuestros productos.\" \/>\n<meta property=\"og:url\" content=\"https:\/\/pegasus-sportswear.de\/es\/tiene-preguntas\/\" \/>\n<meta property=\"og:site_name\" content=\"Pegasus Sportswear\" \/>\n<meta property=\"article:modified_time\" content=\"2025-11-26T08:02:22+00:00\" \/>\n<meta name=\"twitter:card\" content=\"summary_large_image\" \/>\n<script type=\"application\/ld+json\" class=\"yoast-schema-graph\">{\"@context\":\"https:\/\/schema.org\",\"@graph\":[{\"@type\":\"WebPage\",\"@id\":\"https:\/\/pegasus-sportswear.de\/es\/tiene-preguntas\/\",\"url\":\"https:\/\/pegasus-sportswear.de\/es\/tiene-preguntas\/\",\"name\":\"\u00bfTiene preguntas? - Pegasus Sportswear\",\"isPartOf\":{\"@id\":\"https:\/\/pegasus-sportswear.de\/es\/#website\"},\"datePublished\":\"2024-02-16T08:56:44+00:00\",\"dateModified\":\"2025-11-26T08:02:22+00:00\",\"description\":\"Preguntas frecuentes: encuentre respuestas a las preguntas m\u00e1s frecuentes sobre Pegasus Sportswear. Obtenga m\u00e1s informaci\u00f3n sobre los procesos de pedido, los pagos, el env\u00edo, las devoluciones y nuestros productos.\",\"breadcrumb\":{\"@id\":\"https:\/\/pegasus-sportswear.de\/es\/tiene-preguntas\/#breadcrumb\"},\"inLanguage\":\"es\",\"potentialAction\":[{\"@type\":\"ReadAction\",\"target\":[\"https:\/\/pegasus-sportswear.de\/es\/tiene-preguntas\/\"]}]},{\"@type\":\"BreadcrumbList\",\"@id\":\"https:\/\/pegasus-sportswear.de\/es\/tiene-preguntas\/#breadcrumb\",\"itemListElement\":[{\"@type\":\"ListItem\",\"position\":1,\"name\":\"Startseite\",\"item\":\"https:\/\/pegasus-sportswear.de\/es\/bienvenido-a-pegasus-sportswear\/\"},{\"@type\":\"ListItem\",\"position\":2,\"name\":\"\u00bfTiene preguntas?\"}]},{\"@type\":\"WebSite\",\"@id\":\"https:\/\/pegasus-sportswear.de\/es\/#website\",\"url\":\"https:\/\/pegasus-sportswear.de\/es\/\",\"name\":\"Pegasus Sportswear\",\"description\":\"\",\"publisher\":{\"@id\":\"https:\/\/pegasus-sportswear.de\/es\/#organization\"},\"potentialAction\":[{\"@type\":\"SearchAction\",\"target\":{\"@type\":\"EntryPoint\",\"urlTemplate\":\"https:\/\/pegasus-sportswear.de\/es\/?s={search_term_string}\"},\"query-input\":{\"@type\":\"PropertyValueSpecification\",\"valueRequired\":true,\"valueName\":\"search_term_string\"}}],\"inLanguage\":\"es\"},{\"@type\":\"Organization\",\"@id\":\"https:\/\/pegasus-sportswear.de\/es\/#organization\",\"name\":\"Pegasus Sportswear\",\"url\":\"https:\/\/pegasus-sportswear.de\/es\/\",\"logo\":{\"@type\":\"ImageObject\",\"inLanguage\":\"es\",\"@id\":\"https:\/\/pegasus-sportswear.de\/es\/#\/schema\/logo\/image\/\",\"url\":\"https:\/\/pegasus-sportswear.de\/wp-content\/uploads\/2024\/03\/Signatur-Logo-neue-Schrift.jpg\",\"contentUrl\":\"https:\/\/pegasus-sportswear.de\/wp-content\/uploads\/2024\/03\/Signatur-Logo-neue-Schrift.jpg\",\"width\":314,\"height\":152,\"caption\":\"Pegasus Sportswear\"},\"image\":{\"@id\":\"https:\/\/pegasus-sportswear.de\/es\/#\/schema\/logo\/image\/\"}}]}<\/script>\n<!-- \/ Yoast SEO plugin. -->","yoast_head_json":{"title":"\u00bfTiene preguntas? - Pegasus Sportswear","description":"Preguntas frecuentes: encuentre respuestas a las preguntas m\u00e1s frecuentes sobre Pegasus Sportswear. Obtenga m\u00e1s informaci\u00f3n sobre los procesos de pedido, los pagos, el env\u00edo, las devoluciones y nuestros productos.","robots":{"index":"index","follow":"follow","max-snippet":"max-snippet:-1","max-image-preview":"max-image-preview:large","max-video-preview":"max-video-preview:-1"},"canonical":"https:\/\/pegasus-sportswear.de\/es\/tiene-preguntas\/","og_locale":"es_ES","og_type":"article","og_title":"\u00bfTiene preguntas? - Pegasus Sportswear","og_description":"Preguntas frecuentes: encuentre respuestas a las preguntas m\u00e1s frecuentes sobre Pegasus Sportswear. Obtenga m\u00e1s informaci\u00f3n sobre los procesos de pedido, los pagos, el env\u00edo, las devoluciones y nuestros productos.","og_url":"https:\/\/pegasus-sportswear.de\/es\/tiene-preguntas\/","og_site_name":"Pegasus Sportswear","article_modified_time":"2025-11-26T08:02:22+00:00","twitter_card":"summary_large_image","schema":{"@context":"https:\/\/schema.org","@graph":[{"@type":"WebPage","@id":"https:\/\/pegasus-sportswear.de\/es\/tiene-preguntas\/","url":"https:\/\/pegasus-sportswear.de\/es\/tiene-preguntas\/","name":"\u00bfTiene preguntas? - Pegasus Sportswear","isPartOf":{"@id":"https:\/\/pegasus-sportswear.de\/es\/#website"},"datePublished":"2024-02-16T08:56:44+00:00","dateModified":"2025-11-26T08:02:22+00:00","description":"Preguntas frecuentes: encuentre respuestas a las preguntas m\u00e1s frecuentes sobre Pegasus Sportswear. Obtenga m\u00e1s informaci\u00f3n sobre los procesos de pedido, los pagos, el env\u00edo, las devoluciones y nuestros productos.","breadcrumb":{"@id":"https:\/\/pegasus-sportswear.de\/es\/tiene-preguntas\/#breadcrumb"},"inLanguage":"es","potentialAction":[{"@type":"ReadAction","target":["https:\/\/pegasus-sportswear.de\/es\/tiene-preguntas\/"]}]},{"@type":"BreadcrumbList","@id":"https:\/\/pegasus-sportswear.de\/es\/tiene-preguntas\/#breadcrumb","itemListElement":[{"@type":"ListItem","position":1,"name":"Startseite","item":"https:\/\/pegasus-sportswear.de\/es\/bienvenido-a-pegasus-sportswear\/"},{"@type":"ListItem","position":2,"name":"\u00bfTiene preguntas?"}]},{"@type":"WebSite","@id":"https:\/\/pegasus-sportswear.de\/es\/#website","url":"https:\/\/pegasus-sportswear.de\/es\/","name":"Pegasus Sportswear","description":"","publisher":{"@id":"https:\/\/pegasus-sportswear.de\/es\/#organization"},"potentialAction":[{"@type":"SearchAction","target":{"@type":"EntryPoint","urlTemplate":"https:\/\/pegasus-sportswear.de\/es\/?s={search_term_string}"},"query-input":{"@type":"PropertyValueSpecification","valueRequired":true,"valueName":"search_term_string"}}],"inLanguage":"es"},{"@type":"Organization","@id":"https:\/\/pegasus-sportswear.de\/es\/#organization","name":"Pegasus Sportswear","url":"https:\/\/pegasus-sportswear.de\/es\/","logo":{"@type":"ImageObject","inLanguage":"es","@id":"https:\/\/pegasus-sportswear.de\/es\/#\/schema\/logo\/image\/","url":"https:\/\/pegasus-sportswear.de\/wp-content\/uploads\/2024\/03\/Signatur-Logo-neue-Schrift.jpg","contentUrl":"https:\/\/pegasus-sportswear.de\/wp-content\/uploads\/2024\/03\/Signatur-Logo-neue-Schrift.jpg","width":314,"height":152,"caption":"Pegasus Sportswear"},"image":{"@id":"https:\/\/pegasus-sportswear.de\/es\/#\/schema\/logo\/image\/"}}]}},"jetpack_sharing_enabled":true,"_links":{"self":[{"href":"https:\/\/pegasus-sportswear.de\/es\/wp-json\/wp\/v2\/pages\/35953","targetHints":{"allow":["GET"]}}],"collection":[{"href":"https:\/\/pegasus-sportswear.de\/es\/wp-json\/wp\/v2\/pages"}],"about":[{"href":"https:\/\/pegasus-sportswear.de\/es\/wp-json\/wp\/v2\/types\/page"}],"author":[{"embeddable":true,"href":"https:\/\/pegasus-sportswear.de\/es\/wp-json\/wp\/v2\/users\/1"}],"replies":[{"embeddable":true,"href":"https:\/\/pegasus-sportswear.de\/es\/wp-json\/wp\/v2\/comments?post=35953"}],"version-history":[{"count":0,"href":"https:\/\/pegasus-sportswear.de\/es\/wp-json\/wp\/v2\/pages\/35953\/revisions"}],"wp:attachment":[{"href":"https:\/\/pegasus-sportswear.de\/es\/wp-json\/wp\/v2\/media?parent=35953"}],"curies":[{"name":"wp","href":"https:\/\/api.w.org\/{rel}","templated":true}]}}