{"id":35965,"date":"2024-06-12T11:42:10","date_gmt":"2024-06-12T09:42:10","guid":{"rendered":"https:\/\/pegasus-sportswear.de\/revocacion\/"},"modified":"2025-11-26T09:13:14","modified_gmt":"2025-11-26T08:13:14","slug":"revocacion","status":"publish","type":"page","link":"https:\/\/pegasus-sportswear.de\/es\/revocacion\/","title":{"rendered":"Revocaci\u00f3n"},"content":{"rendered":"\t\t<div data-elementor-type=\"wp-page\" data-elementor-id=\"35965\" class=\"elementor elementor-35965 elementor-13143\" data-elementor-post-type=\"page\">\n\t\t\t\t<div class=\"elementor-element elementor-element-af6879e e-flex e-con-boxed e-con e-parent\" data-id=\"af6879e\" data-element_type=\"container\" data-e-type=\"container\" data-settings=\"{&quot;background_background&quot;:&quot;classic&quot;}\">\n\t\t\t\t\t<div class=\"e-con-inner\">\n\t\t\t\t<div class=\"elementor-element elementor-element-ca8b322 elementor-widget elementor-widget-heading\" data-id=\"ca8b322\" data-element_type=\"widget\" data-e-type=\"widget\" data-widget_type=\"heading.default\">\n\t\t\t\t<div class=\"elementor-widget-container\">\n\t\t\t\t\t<h2 class=\"elementor-heading-title elementor-size-default\">Revocaci\u00f3n<\/h2>\t\t\t\t<\/div>\n\t\t\t\t<\/div>\n\t\t\t\t\t<\/div>\n\t\t\t\t<\/div>\n\t\t<div class=\"elementor-element elementor-element-f7c4a46 e-flex e-con-boxed e-con e-parent\" data-id=\"f7c4a46\" data-element_type=\"container\" data-e-type=\"container\">\n\t\t\t\t\t<div class=\"e-con-inner\">\n\t\t\t\t<div class=\"elementor-element elementor-element-d9f6a06 elementor-widget elementor-widget-text-editor\" data-id=\"d9f6a06\" data-element_type=\"widget\" data-e-type=\"widget\" data-widget_type=\"text-editor.default\">\n\t\t\t\t<div class=\"elementor-widget-container\">\n\t\t\t\t\t\t\t\t\t<p><span style=\"text-align: var(--text-align);\">Los consumidores tienen un derecho de revocaci\u00f3n de catorce d\u00edas.<\/span><br><\/p>\n<p><strong>Informaci\u00f3n sobre la revocaci\u00f3n<\/strong><\/p>\n<p><strong>Derecho de revocaci\u00f3n<\/strong><\/p>\n<p>Tiene derecho a revocar este contrato en un plazo de catorce d\u00edas sin necesidad de justificaci\u00f3n.<\/p>\n<p>El plazo de revocaci\u00f3n es de catorce d\u00edas a partir del d\u00eda en que usted o un tercero designado por usted, que no sea el transportista, haya tomado posesi\u00f3n de la mercanc\u00eda.<\/p>\n<p>Para ejercer su derecho de revocaci\u00f3n, debe informarnos (Pegasus Sportswear, Inh. Klaus Ronny Schulze, Einsteinstra\u00dfe 28, 82152 Planegg, info@pegasus-sportswear.de, Tel\u00e9fono: +49 89 96993413) mediante una declaraci\u00f3n clara (por ejemplo, una carta enviada por correo postal o un correo electr\u00f3nico) de su decisi\u00f3n de revocar este contrato. Puede utilizar para ello el modelo de formulario de revocaci\u00f3n adjunto, aunque no es obligatorio.<\/p>\n<p>Para cumplir el plazo de revocaci\u00f3n, basta con que env\u00ede la notificaci\u00f3n del ejercicio del derecho de revocaci\u00f3n antes de que expire el plazo de revocaci\u00f3n.<\/p>\n<p><strong>Consecuencias de la revocaci\u00f3n<\/strong><\/p>\n<p>En caso de que revoque este contrato, deberemos reembolsarle todos los pagos que hayamos recibido de usted, incluidos los gastos de env\u00edo (con la excepci\u00f3n de los gastos adicionales derivados de que haya elegido un tipo de env\u00edo diferente al env\u00edo est\u00e1ndar m\u00e1s econ\u00f3mico que ofrecemos), sin demora y, a m\u00e1s tardar, en un plazo de catorce d\u00edas a partir del d\u00eda en que hayamos recibido la notificaci\u00f3n de su revocaci\u00f3n de este contrato. Para dicho reembolso, utilizaremos el mismo medio de pago que utiliz\u00f3 usted en la transacci\u00f3n original, a menos que se haya acordado expresamente otra cosa con usted; en ning\u00fan caso se le cobrar\u00e1n comisiones por dicho reembolso.<br>Podemos negarnos a realizar el reembolso hasta que hayamos recibido la mercanc\u00eda de vuelta o hasta que usted haya demostrado que ha devuelto la mercanc\u00eda, lo que ocurra primero.<\/p>\n<p>Deber\u00e1 devolvernos o entregarnos la mercanc\u00eda sin demora y, en cualquier caso, a m\u00e1s tardar en un plazo de catorce d\u00edas a partir del d\u00eda en que nos notifique la revocaci\u00f3n de este contrato. El plazo se cumple si env\u00eda la mercanc\u00eda antes de que expire el plazo de catorce d\u00edas.<br>Usted correr\u00e1 con los gastos directos de la devoluci\u00f3n de la mercanc\u00eda.<br>Solo deber\u00e1 responder por la p\u00e9rdida de valor de la mercanc\u00eda si dicha p\u00e9rdida de valor se debe a una manipulaci\u00f3n de la mercanc\u00eda que no sea necesaria para comprobar su naturaleza, caracter\u00edsticas y funcionamiento.<\/p>\n<p><strong>El derecho de revocaci\u00f3n no se aplica a los siguientes contratos:<\/strong><\/p>\n<ul>\n<li><strong>Contratos de suministro de bienes que no est\u00e9n prefabricados y para cuya fabricaci\u00f3n sea determinante una selecci\u00f3n o determinaci\u00f3n individual por parte del consumidor o que est\u00e9n claramente adaptados a las necesidades personales del consumidor.<\/strong><\/li>\n<\/ul>\n<table width=\"1072\">\n<tbody>\n<tr>\n<td>\n<p><strong>Modelo de formulario de revocaci\u00f3n<\/strong><\/p>\n<p><em>(Si desea revocar el contrato, rellene este formulario y env\u00edelo de vuelta).<\/em><\/p>\n<p>\u2013 a Pegasus Sportswear, Inh. Klaus Ronny Schulze, Einsteinstra\u00dfe 28, 82152 Planegg \/Martinsried,  <br>&nbsp; &nbsp;info@pegasus-sportswear.de.de<\/p>\n<p>\u2013 Por la presente, revoco\/revocamos (*) el contrato celebrado por m\u00ed\/nosotros (*) sobre la compra de los siguientes<br>bienes (*)\/la prestaci\u00f3n del siguiente servicio (*)<\/p>\n<p>\u2013 Pedido el (*)\/recibido el (*)<\/p>\n<p>\u2013 Nombre del\/de los consumidor(es)<\/p>\n<p>\u2013 Direcci\u00f3n del\/de los consumidor(es)<\/p>\n<p>\u2013 Firma del\/de los consumidor(es) (solo en caso de notificaci\u00f3n en papel)<\/p>\n<p>\u2013 Fecha<\/p>\n<p><em>(*) T\u00e1chese lo que no proceda.<\/em><\/p>\n<\/td>\n<\/tr>\n<\/tbody>\n<\/table>\n<p><strong>&nbsp;<\/strong><\/p>\n<p><\/p>\t\t\t\t\t\t\t\t<\/div>\n\t\t\t\t<\/div>\n\t\t\t\t\t<\/div>\n\t\t\t\t<\/div>\n\t\t\t\t<\/div>\n\t\t","protected":false},"excerpt":{"rendered":"<p>Los consumidores tienen un derecho de revocaci\u00f3n de catorce d\u00edas. Informaci\u00f3n sobre la revocaci\u00f3n Derecho de revocaci\u00f3n Tiene derecho a revocar este contrato en un plazo de catorce d\u00edas sin necesidad de justificaci\u00f3n. El plazo de revocaci\u00f3n es de catorce d\u00edas a partir del d\u00eda en que usted o un tercero designado por usted, que [&hellip;]<\/p>\n","protected":false},"author":246731610,"featured_media":0,"parent":0,"menu_order":0,"comment_status":"closed","ping_status":"closed","template":"elementor_header_footer","meta":{"iawp_total_views":0,"footnotes":""},"class_list":["post-35965","page","type-page","status-publish","hentry"],"yoast_head":"<!-- This site is optimized with the Yoast SEO plugin v27.1.1 - https:\/\/yoast.com\/product\/yoast-seo-wordpress\/ -->\n<title>Revocaci\u00f3n - Pegasus Sportswear<\/title>\n<meta name=\"description\" content=\"Revocaci\u00f3n\" \/>\n<meta name=\"robots\" content=\"index, follow, max-snippet:-1, max-image-preview:large, max-video-preview:-1\" \/>\n<link rel=\"canonical\" href=\"https:\/\/pegasus-sportswear.de\/es\/revocacion\/\" \/>\n<meta property=\"og:locale\" content=\"es_ES\" \/>\n<meta property=\"og:type\" content=\"article\" \/>\n<meta property=\"og:title\" content=\"Revocaci\u00f3n - Pegasus Sportswear\" \/>\n<meta property=\"og:description\" content=\"Revocaci\u00f3n\" \/>\n<meta property=\"og:url\" content=\"https:\/\/pegasus-sportswear.de\/es\/revocacion\/\" \/>\n<meta property=\"og:site_name\" content=\"Pegasus Sportswear\" \/>\n<meta property=\"article:modified_time\" content=\"2025-11-26T08:13:14+00:00\" \/>\n<meta name=\"twitter:card\" content=\"summary_large_image\" \/>\n<meta name=\"twitter:label1\" content=\"Tiempo de lectura\" \/>\n\t<meta name=\"twitter:data1\" content=\"3 minutos\" \/>\n<script type=\"application\/ld+json\" class=\"yoast-schema-graph\">{\"@context\":\"https:\/\/schema.org\",\"@graph\":[{\"@type\":\"WebPage\",\"@id\":\"https:\/\/pegasus-sportswear.de\/es\/revocacion\/\",\"url\":\"https:\/\/pegasus-sportswear.de\/es\/revocacion\/\",\"name\":\"Revocaci\u00f3n - Pegasus Sportswear\",\"isPartOf\":{\"@id\":\"https:\/\/pegasus-sportswear.de\/es\/#website\"},\"datePublished\":\"2024-06-12T09:42:10+00:00\",\"dateModified\":\"2025-11-26T08:13:14+00:00\",\"description\":\"Revocaci\u00f3n\",\"breadcrumb\":{\"@id\":\"https:\/\/pegasus-sportswear.de\/es\/revocacion\/#breadcrumb\"},\"inLanguage\":\"es\",\"potentialAction\":[{\"@type\":\"ReadAction\",\"target\":[\"https:\/\/pegasus-sportswear.de\/es\/revocacion\/\"]}]},{\"@type\":\"BreadcrumbList\",\"@id\":\"https:\/\/pegasus-sportswear.de\/es\/revocacion\/#breadcrumb\",\"itemListElement\":[{\"@type\":\"ListItem\",\"position\":1,\"name\":\"Startseite\",\"item\":\"https:\/\/pegasus-sportswear.de\/es\/bienvenido-a-pegasus-sportswear\/\"},{\"@type\":\"ListItem\",\"position\":2,\"name\":\"Revocaci\u00f3n\"}]},{\"@type\":\"WebSite\",\"@id\":\"https:\/\/pegasus-sportswear.de\/es\/#website\",\"url\":\"https:\/\/pegasus-sportswear.de\/es\/\",\"name\":\"Pegasus Sportswear\",\"description\":\"\",\"publisher\":{\"@id\":\"https:\/\/pegasus-sportswear.de\/es\/#organization\"},\"potentialAction\":[{\"@type\":\"SearchAction\",\"target\":{\"@type\":\"EntryPoint\",\"urlTemplate\":\"https:\/\/pegasus-sportswear.de\/es\/?s={search_term_string}\"},\"query-input\":{\"@type\":\"PropertyValueSpecification\",\"valueRequired\":true,\"valueName\":\"search_term_string\"}}],\"inLanguage\":\"es\"},{\"@type\":\"Organization\",\"@id\":\"https:\/\/pegasus-sportswear.de\/es\/#organization\",\"name\":\"Pegasus Sportswear\",\"url\":\"https:\/\/pegasus-sportswear.de\/es\/\",\"logo\":{\"@type\":\"ImageObject\",\"inLanguage\":\"es\",\"@id\":\"https:\/\/pegasus-sportswear.de\/es\/#\/schema\/logo\/image\/\",\"url\":\"https:\/\/pegasus-sportswear.de\/wp-content\/uploads\/2024\/03\/Signatur-Logo-neue-Schrift.jpg\",\"contentUrl\":\"https:\/\/pegasus-sportswear.de\/wp-content\/uploads\/2024\/03\/Signatur-Logo-neue-Schrift.jpg\",\"width\":314,\"height\":152,\"caption\":\"Pegasus Sportswear\"},\"image\":{\"@id\":\"https:\/\/pegasus-sportswear.de\/es\/#\/schema\/logo\/image\/\"}}]}<\/script>\n<!-- \/ Yoast SEO plugin. -->","yoast_head_json":{"title":"Revocaci\u00f3n - Pegasus Sportswear","description":"Revocaci\u00f3n","robots":{"index":"index","follow":"follow","max-snippet":"max-snippet:-1","max-image-preview":"max-image-preview:large","max-video-preview":"max-video-preview:-1"},"canonical":"https:\/\/pegasus-sportswear.de\/es\/revocacion\/","og_locale":"es_ES","og_type":"article","og_title":"Revocaci\u00f3n - Pegasus Sportswear","og_description":"Revocaci\u00f3n","og_url":"https:\/\/pegasus-sportswear.de\/es\/revocacion\/","og_site_name":"Pegasus Sportswear","article_modified_time":"2025-11-26T08:13:14+00:00","twitter_card":"summary_large_image","twitter_misc":{"Tiempo de lectura":"3 minutos"},"schema":{"@context":"https:\/\/schema.org","@graph":[{"@type":"WebPage","@id":"https:\/\/pegasus-sportswear.de\/es\/revocacion\/","url":"https:\/\/pegasus-sportswear.de\/es\/revocacion\/","name":"Revocaci\u00f3n - Pegasus Sportswear","isPartOf":{"@id":"https:\/\/pegasus-sportswear.de\/es\/#website"},"datePublished":"2024-06-12T09:42:10+00:00","dateModified":"2025-11-26T08:13:14+00:00","description":"Revocaci\u00f3n","breadcrumb":{"@id":"https:\/\/pegasus-sportswear.de\/es\/revocacion\/#breadcrumb"},"inLanguage":"es","potentialAction":[{"@type":"ReadAction","target":["https:\/\/pegasus-sportswear.de\/es\/revocacion\/"]}]},{"@type":"BreadcrumbList","@id":"https:\/\/pegasus-sportswear.de\/es\/revocacion\/#breadcrumb","itemListElement":[{"@type":"ListItem","position":1,"name":"Startseite","item":"https:\/\/pegasus-sportswear.de\/es\/bienvenido-a-pegasus-sportswear\/"},{"@type":"ListItem","position":2,"name":"Revocaci\u00f3n"}]},{"@type":"WebSite","@id":"https:\/\/pegasus-sportswear.de\/es\/#website","url":"https:\/\/pegasus-sportswear.de\/es\/","name":"Pegasus Sportswear","description":"","publisher":{"@id":"https:\/\/pegasus-sportswear.de\/es\/#organization"},"potentialAction":[{"@type":"SearchAction","target":{"@type":"EntryPoint","urlTemplate":"https:\/\/pegasus-sportswear.de\/es\/?s={search_term_string}"},"query-input":{"@type":"PropertyValueSpecification","valueRequired":true,"valueName":"search_term_string"}}],"inLanguage":"es"},{"@type":"Organization","@id":"https:\/\/pegasus-sportswear.de\/es\/#organization","name":"Pegasus Sportswear","url":"https:\/\/pegasus-sportswear.de\/es\/","logo":{"@type":"ImageObject","inLanguage":"es","@id":"https:\/\/pegasus-sportswear.de\/es\/#\/schema\/logo\/image\/","url":"https:\/\/pegasus-sportswear.de\/wp-content\/uploads\/2024\/03\/Signatur-Logo-neue-Schrift.jpg","contentUrl":"https:\/\/pegasus-sportswear.de\/wp-content\/uploads\/2024\/03\/Signatur-Logo-neue-Schrift.jpg","width":314,"height":152,"caption":"Pegasus Sportswear"},"image":{"@id":"https:\/\/pegasus-sportswear.de\/es\/#\/schema\/logo\/image\/"}}]}},"jetpack_sharing_enabled":true,"_links":{"self":[{"href":"https:\/\/pegasus-sportswear.de\/es\/wp-json\/wp\/v2\/pages\/35965","targetHints":{"allow":["GET"]}}],"collection":[{"href":"https:\/\/pegasus-sportswear.de\/es\/wp-json\/wp\/v2\/pages"}],"about":[{"href":"https:\/\/pegasus-sportswear.de\/es\/wp-json\/wp\/v2\/types\/page"}],"author":[{"embeddable":true,"href":"https:\/\/pegasus-sportswear.de\/es\/wp-json\/wp\/v2\/users\/246731610"}],"replies":[{"embeddable":true,"href":"https:\/\/pegasus-sportswear.de\/es\/wp-json\/wp\/v2\/comments?post=35965"}],"version-history":[{"count":0,"href":"https:\/\/pegasus-sportswear.de\/es\/wp-json\/wp\/v2\/pages\/35965\/revisions"}],"wp:attachment":[{"href":"https:\/\/pegasus-sportswear.de\/es\/wp-json\/wp\/v2\/media?parent=35965"}],"curies":[{"name":"wp","href":"https:\/\/api.w.org\/{rel}","templated":true}]}}