{"id":35994,"date":"2024-04-18T10:16:59","date_gmt":"2024-04-18T08:16:59","guid":{"rendered":"https:\/\/pegasus-sportswear.de\/aviso-legal\/"},"modified":"2025-11-26T09:14:34","modified_gmt":"2025-11-26T08:14:34","slug":"aviso-legal","status":"publish","type":"page","link":"https:\/\/pegasus-sportswear.de\/es\/aviso-legal\/","title":{"rendered":"Aviso legal"},"content":{"rendered":"\t\t<div data-elementor-type=\"wp-page\" data-elementor-id=\"35994\" class=\"elementor elementor-35994 elementor-622\" data-elementor-post-type=\"page\">\n\t\t\t\t<div class=\"elementor-element elementor-element-a7a2ff6 e-flex e-con-boxed e-con e-parent\" data-id=\"a7a2ff6\" data-element_type=\"container\" data-e-type=\"container\" data-settings=\"{&quot;background_background&quot;:&quot;classic&quot;}\">\n\t\t\t\t\t<div class=\"e-con-inner\">\n\t\t\t\t<div class=\"elementor-element elementor-element-dcc5296 elementor-widget elementor-widget-heading\" data-id=\"dcc5296\" data-element_type=\"widget\" data-e-type=\"widget\" data-widget_type=\"heading.default\">\n\t\t\t\t<div class=\"elementor-widget-container\">\n\t\t\t\t\t<h2 class=\"elementor-heading-title elementor-size-default\">Aviso legal<\/h2>\t\t\t\t<\/div>\n\t\t\t\t<\/div>\n\t\t\t\t\t<\/div>\n\t\t\t\t<\/div>\n\t\t<div class=\"elementor-element elementor-element-74af3039 e-flex e-con-boxed e-con e-parent\" data-id=\"74af3039\" data-element_type=\"container\" data-e-type=\"container\">\n\t\t\t\t\t<div class=\"e-con-inner\">\n\t\t\t\t<div class=\"elementor-element elementor-element-1a38ce1c elementor-widget elementor-widget-text-editor\" data-id=\"1a38ce1c\" data-element_type=\"widget\" data-e-type=\"widget\" data-widget_type=\"text-editor.default\">\n\t\t\t\t<div class=\"elementor-widget-container\">\n\t\t\t\t\t\t\t\t\t\n<h1 class=\"adsimple-322818827\">Aviso legal<\/h1>\n<p class=\"adsimple-322818827\">Informaci\u00f3n sobre el proveedor de servicios.<\/p>\n<p class=\"adsimple-322818827\">Klaus Ronny Schulze<\/p>\n<p>Pegasus Sportswear<\/p>\n<p class=\"adsimple-322818827\">Einsteinstra\u00dfe 28, <br>82152 Planegg bei M\u00fcnchen, <br>Alemania<\/p>\n<p><strong>Tel.:<\/strong> +49 (0)89 96993413<br><strong>Fax:<\/strong> +49 (0)89 791 29 70<br><strong>E-Mail:<\/strong> <a href=\"mailto:info@pegasus-sportswear.de\">info@pegasus-sportswear.de<\/a><\/p>\n<div> <\/div>\n<div> <\/div>\n<p><strong>NIF-IVA:<\/strong> DE335816031<br><strong>Denominaci\u00f3n profesional:<\/strong> Comercio<br><strong>Estado de concesi\u00f3n:<\/strong> Alemania<\/p>\n<div> <\/div>\n<p><strong>Autoridad supervisora:<\/strong> Inspecci\u00f3n de distrito Sur, capital del estado de M\u00fanich<br><strong>Direcci\u00f3n<\/strong> <br>Implerstra\u00dfe 11, 81371 M\u00fanich, Alemania<\/p>\n<div> <\/div>\n<p><strong>E-Mail:<\/strong> <a href=\"mailto:info@pegasus-sportswear.de\">info@pegasus-sportswear.de<\/a> <br><strong>Aviso legal de la oficina de protecci\u00f3n de datos:<\/strong> <a href=\"https:\/\/pegasus-sportswear.de\/es\/aviso-legal\/\" target=\"_blank\" rel=\"noopener\">https:\/\/pegasus-sportswear.de\/impressum\/<\/a> <br><strong>Contacto:<\/strong> <br>Klaus Ronny Schulze<\/p>\n<div> <\/div>\n<div> <\/div>\n<div> <\/div>\n<div> <\/div>\n<div> <\/div>\n<div> <\/div>\n<div> <\/div>\n<div> <\/div>\n<h2 id=\"universalschlichtungsstelle\" class=\"adsimple-322818827 fusion-responsive-typography-calculated\" data-fontsize=\"24\" data-lineheight=\"36px\">Organismo de arbitraje universal<\/h2>\n<p class=\"adsimple-322818827\">Participamos en un procedimiento de resoluci\u00f3n de litigios ante un organismo de arbitraje del consumidor. El organismo competente es la Oficina de Arbitraje Universal del Estado, Centro de Arbitraje e.V., con sede en Stra\u00dfburger Stra\u00dfe 8, 77694 Kehl am Rhein (<a class=\"adsimple-322818827\" href=\"https:\/\/www.verbraucher-schlichter.de\/\" target=\"_blank\" rel=\"follow noopener\">https:\/\/www.verbraucher-schlichter.de<\/a>). <\/p>\n<h2 id=\"eu-streitschlichtung\" class=\"adsimple-322818827 fusion-responsive-typography-calculated\" data-fontsize=\"24\" data-lineheight=\"36px\">Resoluci\u00f3n de litigios en la UE<\/h2>\n<p class=\"adsimple-322818827\">De acuerdo con el Reglamento sobre resoluci\u00f3n de litigios en l\u00ednea en materia de consumo (Reglamento ODR), nos gustar\u00eda informarle sobre la plataforma de resoluci\u00f3n de litigios en l\u00ednea (plataforma OS).<br>Los consumidores tienen la posibilidad de dirigir sus reclamaciones a la plataforma de resoluci\u00f3n de litigios en l\u00ednea de la Comisi\u00f3n Europea en <a class=\"adsimple-322818827\" href=\"https:\/\/ec.europa.eu\/consumers\/odr\/main\/index.cfm?event=main.home2.show&amp;lng=DE\" target=\"_blank\" rel=\"follow noopener\">https:\/\/ec.europa.eu\/consumers\/odr\/main\/index.cfm?event=main.home2.show&amp;lng=DE<\/a>. Los datos de contacto necesarios para ello se encuentran m\u00e1s arriba en nuestro aviso legal. <\/p>\n<p class=\"adsimple-322818827\">Sin embargo, nos gustar\u00eda se\u00f1alar que no estamos dispuestos ni obligados a participar en procedimientos de resoluci\u00f3n de litigios ante un organismo de arbitraje del consumidor.<\/p>\n<h2 id=\"haftung-fur-inhalte-dieser-website\" class=\"adsimple-322818827 fusion-responsive-typography-calculated\" data-fontsize=\"24\" data-lineheight=\"36px\">Responsabilidad por el contenido de este sitio web<\/h2>\n<p class=\"adsimple-322818827\">Desarrollamos constantemente el contenido de este sitio web y nos esforzamos por proporcionar informaci\u00f3n correcta y actualizada. Desafortunadamente, no podemos asumir ninguna responsabilidad por la exactitud de todo el contenido de este sitio web, especialmente por aquellos que han sido proporcionados por terceros. Como proveedores de servicios, no estamos obligados a supervisar la informaci\u00f3n transmitida o almacenada por usted ni a investigar circunstancias que indiquen una actividad ilegal.  <\/p>\n<p class=\"adsimple-322818827\">Nuestras obligaciones de eliminar informaci\u00f3n o bloquear el uso de informaci\u00f3n seg\u00fan las leyes generales debido a \u00f3rdenes judiciales o administrativas no se ver\u00e1n afectadas en caso de que no seamos responsables.<\/p>\n<p class=\"adsimple-322818827\">Si observa contenido problem\u00e1tico o ilegal, p\u00f3ngase en contacto con nosotros inmediatamente para que podamos eliminar el contenido ilegal. Encontrar\u00e1 los datos de contacto en el aviso legal. <\/p>\n<h2 id=\"haftung-links-auf-dieser-website\" class=\"adsimple-322818827 fusion-responsive-typography-calculated\" data-fontsize=\"24\" data-lineheight=\"36px\">Responsabilidad por los enlaces de este sitio web<\/h2>\n<p class=\"adsimple-322818827\">Nuestro sitio web contiene enlaces a otros sitios web por cuyo contenido no somos responsables. No existe responsabilidad por los sitios web enlazados, ya que no ten\u00edamos ni tenemos conocimiento de actividades ilegales, tales ilegalidades tampoco nos han llamado la atenci\u00f3n hasta ahora y eliminar\u00edamos los enlaces inmediatamente si tuvi\u00e9ramos conocimiento de ilegalidades. <\/p>\n<p class=\"adsimple-322818827\">Si observa enlaces ilegales en nuestro sitio web, p\u00f3ngase en contacto con nosotros. Encontrar\u00e1 los datos de contacto en el aviso legal. <\/p>\n<h2 id=\"urheberrechtshinweis\" class=\"adsimple-322818827 fusion-responsive-typography-calculated\" data-fontsize=\"24\" data-lineheight=\"36px\">Aviso de derechos de autor<\/h2>\n<p class=\"adsimple-322818827\">Todo el contenido de este sitio web (im\u00e1genes, fotos, textos, v\u00eddeos) est\u00e1 sujeto a derechos de autor. Por favor, preg\u00fantenos antes de distribuir, reproducir o utilizar el contenido de este sitio web, como por ejemplo, volver a publicarlo en otros sitios web. Si es necesario, perseguiremos legalmente el uso no autorizado de partes del contenido de nuestra p\u00e1gina.  <\/p>\n<p class=\"adsimple-322818827\">Si encuentra contenido en este sitio web que infrinja los derechos de autor, p\u00f3ngase en contacto con nosotros.<\/p>\n<h2 id=\"bildernachweis\" class=\"adsimple-322818827 fusion-responsive-typography-calculated\" data-fontsize=\"24\" data-lineheight=\"36px\">Cr\u00e9ditos de las im\u00e1genes<\/h2>\n<p class=\"adsimple-322818827\">Las im\u00e1genes, fotos y gr\u00e1ficos de este sitio web est\u00e1n protegidos por derechos de autor.<\/p>\n<p><strong>Los derechos de imagen pertenecen a:<\/strong> <br>Klaus Ronny Schulze<\/p>\n<div> <\/div>\n<div> <\/div>\n<div> <\/div>\n<p>Todos los textos est\u00e1n protegidos por derechos de autor.<\/p>\n<p>Fuente: Creado con el <a title=\"Generador de aviso legal de Alemania de AdSimple\" href=\"https:\/\/www.adsimple.de\/impressum-generator\/\">Generador de aviso legal de Alemania<\/a> de AdSimple<\/p>\n\t\t\t\t\t\t\t\t<\/div>\n\t\t\t\t<\/div>\n\t\t\t\t\t<\/div>\n\t\t\t\t<\/div>\n\t\t\t\t<\/div>\n\t\t","protected":false},"excerpt":{"rendered":"<p>Aviso legal Informaci\u00f3n sobre el proveedor de servicios. Klaus Ronny Schulze Pegasus Sportswear Einsteinstra\u00dfe 28, 82152 Planegg bei M\u00fcnchen, Alemania Tel.: +49 (0)89 96993413Fax: +49 (0)89 791 29 70E-Mail: info@pegasus-sportswear.de NIF-IVA: DE335816031Denominaci\u00f3n profesional: ComercioEstado de concesi\u00f3n: Alemania Autoridad supervisora: Inspecci\u00f3n de distrito Sur, capital del estado de M\u00fanichDirecci\u00f3n Implerstra\u00dfe 11, 81371 M\u00fanich, Alemania E-Mail: info@pegasus-sportswear.de [&hellip;]<\/p>\n","protected":false},"author":246731610,"featured_media":0,"parent":0,"menu_order":0,"comment_status":"closed","ping_status":"closed","template":"elementor_header_footer","meta":{"iawp_total_views":1,"footnotes":""},"class_list":["post-35994","page","type-page","status-publish","hentry"],"yoast_head":"<!-- This site is optimized with the Yoast SEO plugin v27.1.1 - https:\/\/yoast.com\/product\/yoast-seo-wordpress\/ -->\n<title>Aviso legal - Pegasus Sportswear<\/title>\n<meta name=\"description\" content=\"Aviso legal\" \/>\n<meta name=\"robots\" content=\"index, follow, max-snippet:-1, max-image-preview:large, max-video-preview:-1\" \/>\n<link rel=\"canonical\" href=\"https:\/\/pegasus-sportswear.de\/es\/aviso-legal\/\" \/>\n<meta property=\"og:locale\" content=\"es_ES\" \/>\n<meta property=\"og:type\" content=\"article\" \/>\n<meta property=\"og:title\" content=\"Aviso legal - Pegasus Sportswear\" \/>\n<meta property=\"og:description\" content=\"Aviso legal\" \/>\n<meta property=\"og:url\" content=\"https:\/\/pegasus-sportswear.de\/es\/aviso-legal\/\" \/>\n<meta property=\"og:site_name\" content=\"Pegasus Sportswear\" \/>\n<meta property=\"article:modified_time\" content=\"2025-11-26T08:14:34+00:00\" \/>\n<meta name=\"twitter:card\" content=\"summary_large_image\" \/>\n<meta name=\"twitter:label1\" content=\"Tiempo de lectura\" \/>\n\t<meta name=\"twitter:data1\" content=\"3 minutos\" \/>\n<script type=\"application\/ld+json\" class=\"yoast-schema-graph\">{\"@context\":\"https:\/\/schema.org\",\"@graph\":[{\"@type\":\"WebPage\",\"@id\":\"https:\/\/pegasus-sportswear.de\/es\/aviso-legal\/\",\"url\":\"https:\/\/pegasus-sportswear.de\/es\/aviso-legal\/\",\"name\":\"Aviso legal - Pegasus Sportswear\",\"isPartOf\":{\"@id\":\"https:\/\/pegasus-sportswear.de\/es\/#website\"},\"datePublished\":\"2024-04-18T08:16:59+00:00\",\"dateModified\":\"2025-11-26T08:14:34+00:00\",\"description\":\"Aviso legal\",\"breadcrumb\":{\"@id\":\"https:\/\/pegasus-sportswear.de\/es\/aviso-legal\/#breadcrumb\"},\"inLanguage\":\"es\",\"potentialAction\":[{\"@type\":\"ReadAction\",\"target\":[\"https:\/\/pegasus-sportswear.de\/es\/aviso-legal\/\"]}]},{\"@type\":\"BreadcrumbList\",\"@id\":\"https:\/\/pegasus-sportswear.de\/es\/aviso-legal\/#breadcrumb\",\"itemListElement\":[{\"@type\":\"ListItem\",\"position\":1,\"name\":\"Startseite\",\"item\":\"https:\/\/pegasus-sportswear.de\/es\/bienvenido-a-pegasus-sportswear\/\"},{\"@type\":\"ListItem\",\"position\":2,\"name\":\"Aviso legal\"}]},{\"@type\":\"WebSite\",\"@id\":\"https:\/\/pegasus-sportswear.de\/es\/#website\",\"url\":\"https:\/\/pegasus-sportswear.de\/es\/\",\"name\":\"Pegasus Sportswear\",\"description\":\"\",\"publisher\":{\"@id\":\"https:\/\/pegasus-sportswear.de\/es\/#organization\"},\"potentialAction\":[{\"@type\":\"SearchAction\",\"target\":{\"@type\":\"EntryPoint\",\"urlTemplate\":\"https:\/\/pegasus-sportswear.de\/es\/?s={search_term_string}\"},\"query-input\":{\"@type\":\"PropertyValueSpecification\",\"valueRequired\":true,\"valueName\":\"search_term_string\"}}],\"inLanguage\":\"es\"},{\"@type\":\"Organization\",\"@id\":\"https:\/\/pegasus-sportswear.de\/es\/#organization\",\"name\":\"Pegasus Sportswear\",\"url\":\"https:\/\/pegasus-sportswear.de\/es\/\",\"logo\":{\"@type\":\"ImageObject\",\"inLanguage\":\"es\",\"@id\":\"https:\/\/pegasus-sportswear.de\/es\/#\/schema\/logo\/image\/\",\"url\":\"https:\/\/pegasus-sportswear.de\/wp-content\/uploads\/2024\/03\/Signatur-Logo-neue-Schrift.jpg\",\"contentUrl\":\"https:\/\/pegasus-sportswear.de\/wp-content\/uploads\/2024\/03\/Signatur-Logo-neue-Schrift.jpg\",\"width\":314,\"height\":152,\"caption\":\"Pegasus Sportswear\"},\"image\":{\"@id\":\"https:\/\/pegasus-sportswear.de\/es\/#\/schema\/logo\/image\/\"}}]}<\/script>\n<!-- \/ Yoast SEO plugin. -->","yoast_head_json":{"title":"Aviso legal - Pegasus Sportswear","description":"Aviso legal","robots":{"index":"index","follow":"follow","max-snippet":"max-snippet:-1","max-image-preview":"max-image-preview:large","max-video-preview":"max-video-preview:-1"},"canonical":"https:\/\/pegasus-sportswear.de\/es\/aviso-legal\/","og_locale":"es_ES","og_type":"article","og_title":"Aviso legal - Pegasus Sportswear","og_description":"Aviso legal","og_url":"https:\/\/pegasus-sportswear.de\/es\/aviso-legal\/","og_site_name":"Pegasus Sportswear","article_modified_time":"2025-11-26T08:14:34+00:00","twitter_card":"summary_large_image","twitter_misc":{"Tiempo de lectura":"3 minutos"},"schema":{"@context":"https:\/\/schema.org","@graph":[{"@type":"WebPage","@id":"https:\/\/pegasus-sportswear.de\/es\/aviso-legal\/","url":"https:\/\/pegasus-sportswear.de\/es\/aviso-legal\/","name":"Aviso legal - Pegasus Sportswear","isPartOf":{"@id":"https:\/\/pegasus-sportswear.de\/es\/#website"},"datePublished":"2024-04-18T08:16:59+00:00","dateModified":"2025-11-26T08:14:34+00:00","description":"Aviso legal","breadcrumb":{"@id":"https:\/\/pegasus-sportswear.de\/es\/aviso-legal\/#breadcrumb"},"inLanguage":"es","potentialAction":[{"@type":"ReadAction","target":["https:\/\/pegasus-sportswear.de\/es\/aviso-legal\/"]}]},{"@type":"BreadcrumbList","@id":"https:\/\/pegasus-sportswear.de\/es\/aviso-legal\/#breadcrumb","itemListElement":[{"@type":"ListItem","position":1,"name":"Startseite","item":"https:\/\/pegasus-sportswear.de\/es\/bienvenido-a-pegasus-sportswear\/"},{"@type":"ListItem","position":2,"name":"Aviso legal"}]},{"@type":"WebSite","@id":"https:\/\/pegasus-sportswear.de\/es\/#website","url":"https:\/\/pegasus-sportswear.de\/es\/","name":"Pegasus Sportswear","description":"","publisher":{"@id":"https:\/\/pegasus-sportswear.de\/es\/#organization"},"potentialAction":[{"@type":"SearchAction","target":{"@type":"EntryPoint","urlTemplate":"https:\/\/pegasus-sportswear.de\/es\/?s={search_term_string}"},"query-input":{"@type":"PropertyValueSpecification","valueRequired":true,"valueName":"search_term_string"}}],"inLanguage":"es"},{"@type":"Organization","@id":"https:\/\/pegasus-sportswear.de\/es\/#organization","name":"Pegasus Sportswear","url":"https:\/\/pegasus-sportswear.de\/es\/","logo":{"@type":"ImageObject","inLanguage":"es","@id":"https:\/\/pegasus-sportswear.de\/es\/#\/schema\/logo\/image\/","url":"https:\/\/pegasus-sportswear.de\/wp-content\/uploads\/2024\/03\/Signatur-Logo-neue-Schrift.jpg","contentUrl":"https:\/\/pegasus-sportswear.de\/wp-content\/uploads\/2024\/03\/Signatur-Logo-neue-Schrift.jpg","width":314,"height":152,"caption":"Pegasus Sportswear"},"image":{"@id":"https:\/\/pegasus-sportswear.de\/es\/#\/schema\/logo\/image\/"}}]}},"jetpack_sharing_enabled":true,"_links":{"self":[{"href":"https:\/\/pegasus-sportswear.de\/es\/wp-json\/wp\/v2\/pages\/35994","targetHints":{"allow":["GET"]}}],"collection":[{"href":"https:\/\/pegasus-sportswear.de\/es\/wp-json\/wp\/v2\/pages"}],"about":[{"href":"https:\/\/pegasus-sportswear.de\/es\/wp-json\/wp\/v2\/types\/page"}],"author":[{"embeddable":true,"href":"https:\/\/pegasus-sportswear.de\/es\/wp-json\/wp\/v2\/users\/246731610"}],"replies":[{"embeddable":true,"href":"https:\/\/pegasus-sportswear.de\/es\/wp-json\/wp\/v2\/comments?post=35994"}],"version-history":[{"count":0,"href":"https:\/\/pegasus-sportswear.de\/es\/wp-json\/wp\/v2\/pages\/35994\/revisions"}],"wp:attachment":[{"href":"https:\/\/pegasus-sportswear.de\/es\/wp-json\/wp\/v2\/media?parent=35994"}],"curies":[{"name":"wp","href":"https:\/\/api.w.org\/{rel}","templated":true}]}}