{"id":36053,"date":"2025-11-14T21:30:19","date_gmt":"2025-11-14T20:30:19","guid":{"rendered":"https:\/\/pegasus-sportswear.de\/produkt\/vantage-tva3200-premium-heavy-hoodie-stock-collection\/"},"modified":"2025-11-14T21:30:19","modified_gmt":"2025-11-14T20:30:19","slug":"vantage-tva3200-premium-heavy-hoodie-stock-collection","status":"publish","type":"product","link":"https:\/\/pegasus-sportswear.de\/es\/produkt\/vantage-tva3200-premium-heavy-hoodie-stock-collection\/","title":{"rendered":"Vantage TVA3200 Premium Heavy Hoodie STOCK COLLECTION"},"content":{"rendered":"<h5><strong>Sudadera con capucha de alta calidad Premium<\/strong><\/h5>\n<p>Material pesado y perchado de 80% algod\u00f3n\/20% poli\u00e9ster, cepillado, lavado enzim\u00e1tico<br \/>\nGramaje: 320 g\/m\u00b2<br \/>\nPrelavado y resistente al encogimiento<\/p>\n<p><strong>Caracter\u00edsticas:<\/strong><\/p>\n<p>Mangas insertadas<br \/>\nCapucha con forro superpuesto<br \/>\nCord\u00f3n redondo del mismo color, extremos del cord\u00f3n de metal<br \/>\nOjales de metal<br \/>\nEstilo moderno con una suavidad excepcional del material<br \/>\nM\u00e1ximo confort gracias al c\u00e1lido material interior cepillado<br \/>\nSuperficie extra suave gracias al tratamiento enzim\u00e1tico<br \/>\nCinta para el cuello con dise\u00f1o de espigaMedia luna superpuesta en el cuello<br \/>\nPespunte sencillo en el cuello y a lo largo de la capucha<br \/>\nPunto el\u00e1stico 1&#215;1 en los extremos de las mangas y el dobladillo inferior<br \/>\nDoble pespunte en las sisas, los extremos de las mangas y el dobladillo inferior<br \/>\nBolsillo de canguro<\/p>\n<p>Aqu\u00ed, en nuestra <strong>STOCK COLLECTION<\/strong>, la sudadera est\u00e1 disponible en las siguientes opciones:<\/p>\n<h6>2 colores<\/h6>\n<h6>Tallas de XS a 3XL (seg\u00fan el color)<\/h6>\n<h6>Decoraci\u00f3n mediante impresi\u00f3n digital<\/h6>\n<h6><strong>Tiempo de producci\u00f3n m\u00e1ximo de 3 semanas<\/strong><\/h6>\n<h6><strong>Pedidos a partir de 1 unidad disponibles<\/strong><\/h6>\n<p><strong>Alternativamente<\/strong>, ofrecemos la sudadera en nuestra <strong>SPEED COLLECTION<\/strong>, donde est\u00e1n disponibles las siguientes opciones:<br \/>\n2 colores diferentes<br \/>\nTallas de XS a 3XL (seg\u00fan el color)<br \/>\n<strong>Plazo de entrega, incluido el tiempo de producci\u00f3n, m\u00e1ximo 1 semana <\/strong><br \/>\n<strong>Cantidad m\u00ednima de pedido: 1 unidad<\/strong><\/p>\n<p>En esta \u00e1rea se puede elegir entre las siguientes opciones de decoraci\u00f3n:<\/p>\n<p>Bordado en plano o 3D (dependiendo del logotipo), en pecho, manga, espalda, etc.<br \/>\nLogotipos tejidos, cosidos<br \/>\nTiras de cuero grabadas con l\u00e1ser, cosidas<br \/>\nLogotipos de elast\u00f3mero, cosidos<br \/>\nSerigraf\u00eda<br \/>\nImpresi\u00f3n por transferencia<br \/>\nImpresi\u00f3n digital<\/p>\n<p><strong>\u00bfTe gusta el estilo? \u00a1Env\u00edanos tus colores y logotipos! <\/strong><br \/>\n<strong>\u00bfNo has encontrado lo que buscas en nuestra p\u00e1gina?<\/strong><br \/>\n<strong>\u00a1Ponte en contacto con nosotros!<\/strong><\/p>\n","protected":false},"excerpt":{"rendered":"<p>Sudadera con capucha de alta calidad Premium Material pesado y perchado de 80% algod\u00f3n\/20% poli\u00e9ster, cepillado, lavado enzim\u00e1tico Gramaje: 320 g\/m\u00b2 Prelavado y resistente al encogimiento Caracter\u00edsticas: Mangas insertadas Capucha con forro superpuesto Cord\u00f3n redondo del mismo color, extremos del cord\u00f3n de metal Ojales de metal Estilo moderno con una suavidad excepcional del material M\u00e1ximo [&hellip;]<\/p>\n","protected":false},"featured_media":36054,"comment_status":"open","ping_status":"closed","template":"","meta":{"iawp_total_views":1},"product_brand":[],"product_cat":[1755,1757],"product_tag":[],"class_list":{"0":"post-36053","1":"product","2":"type-product","3":"status-publish","4":"has-post-thumbnail","6":"product_cat-stock-collection","7":"product_cat-sudaderas-con-capucha-y-sudaderas","9":"first","10":"instock","11":"taxable","12":"shipping-taxable","13":"purchasable","14":"product-type-variable","15":"product-type-zakeke","16":"product-type-external"},"yoast_head":"<!-- This site is optimized with the Yoast SEO plugin v27.4 - https:\/\/yoast.com\/product\/yoast-seo-wordpress\/ -->\n<title>Vantage TVA3200 Premium Heavy Hoodie STOCK COLLECTION - Pegasus Sportswear<\/title>\n<meta name=\"description\" content=\"Stanley&amp;Stella Cruiser 2.0 Hoodie\" \/>\n<meta name=\"robots\" content=\"index, follow, max-snippet:-1, max-image-preview:large, max-video-preview:-1\" \/>\n<link rel=\"canonical\" href=\"https:\/\/pegasus-sportswear.de\/es\/produkt\/vantage-tva3200-premium-heavy-hoodie-stock-collection\/\" \/>\n<meta property=\"og:locale\" content=\"es_ES\" \/>\n<meta property=\"og:type\" content=\"article\" \/>\n<meta property=\"og:title\" content=\"Vantage TVA3200 Premium Heavy Hoodie STOCK COLLECTION - Pegasus Sportswear\" \/>\n<meta property=\"og:description\" content=\"Stanley&amp;Stella Cruiser 2.0 Hoodie\" \/>\n<meta property=\"og:url\" content=\"https:\/\/pegasus-sportswear.de\/es\/produkt\/vantage-tva3200-premium-heavy-hoodie-stock-collection\/\" \/>\n<meta property=\"og:site_name\" content=\"Pegasus Sportswear\" \/>\n<meta property=\"og:image\" content=\"https:\/\/pegasus-sportswear.de\/wp-content\/uploads\/2025\/07\/TVA3200-Premium-Hoodie-3.jpg\" \/>\n\t<meta property=\"og:image:width\" content=\"800\" \/>\n\t<meta property=\"og:image:height\" content=\"1120\" \/>\n\t<meta property=\"og:image:type\" content=\"image\/jpeg\" \/>\n<meta name=\"twitter:card\" content=\"summary_large_image\" \/>\n<meta name=\"twitter:label1\" content=\"Tiempo de lectura\" \/>\n\t<meta name=\"twitter:data1\" content=\"1 minuto\" \/>\n<script type=\"application\/ld+json\" class=\"yoast-schema-graph\">{\"@context\":\"https:\\\/\\\/schema.org\",\"@graph\":[{\"@type\":\"WebPage\",\"@id\":\"https:\\\/\\\/pegasus-sportswear.de\\\/es\\\/produkt\\\/vantage-tva3200-premium-heavy-hoodie-stock-collection\\\/\",\"url\":\"https:\\\/\\\/pegasus-sportswear.de\\\/es\\\/produkt\\\/vantage-tva3200-premium-heavy-hoodie-stock-collection\\\/\",\"name\":\"Vantage TVA3200 Premium Heavy Hoodie STOCK COLLECTION - Pegasus Sportswear\",\"isPartOf\":{\"@id\":\"https:\\\/\\\/pegasus-sportswear.de\\\/es\\\/#website\"},\"primaryImageOfPage\":{\"@id\":\"https:\\\/\\\/pegasus-sportswear.de\\\/es\\\/produkt\\\/vantage-tva3200-premium-heavy-hoodie-stock-collection\\\/#primaryimage\"},\"image\":{\"@id\":\"https:\\\/\\\/pegasus-sportswear.de\\\/es\\\/produkt\\\/vantage-tva3200-premium-heavy-hoodie-stock-collection\\\/#primaryimage\"},\"thumbnailUrl\":\"https:\\\/\\\/pegasus-sportswear.de\\\/wp-content\\\/uploads\\\/2025\\\/07\\\/TVA3200-Premium-Hoodie-3.jpg\",\"datePublished\":\"2025-11-14T20:30:19+00:00\",\"description\":\"Stanley&Stella Cruiser 2.0 Hoodie\",\"breadcrumb\":{\"@id\":\"https:\\\/\\\/pegasus-sportswear.de\\\/es\\\/produkt\\\/vantage-tva3200-premium-heavy-hoodie-stock-collection\\\/#breadcrumb\"},\"inLanguage\":\"es\",\"potentialAction\":[{\"@type\":\"ReadAction\",\"target\":[\"https:\\\/\\\/pegasus-sportswear.de\\\/es\\\/produkt\\\/vantage-tva3200-premium-heavy-hoodie-stock-collection\\\/\"]}]},{\"@type\":\"ImageObject\",\"inLanguage\":\"es\",\"@id\":\"https:\\\/\\\/pegasus-sportswear.de\\\/es\\\/produkt\\\/vantage-tva3200-premium-heavy-hoodie-stock-collection\\\/#primaryimage\",\"url\":\"https:\\\/\\\/pegasus-sportswear.de\\\/wp-content\\\/uploads\\\/2025\\\/07\\\/TVA3200-Premium-Hoodie-3.jpg\",\"contentUrl\":\"https:\\\/\\\/pegasus-sportswear.de\\\/wp-content\\\/uploads\\\/2025\\\/07\\\/TVA3200-Premium-Hoodie-3.jpg\",\"width\":800,\"height\":1120},{\"@type\":\"BreadcrumbList\",\"@id\":\"https:\\\/\\\/pegasus-sportswear.de\\\/es\\\/produkt\\\/vantage-tva3200-premium-heavy-hoodie-stock-collection\\\/#breadcrumb\",\"itemListElement\":[{\"@type\":\"ListItem\",\"position\":1,\"name\":\"Startseite\",\"item\":\"https:\\\/\\\/pegasus-sportswear.de\\\/es\\\/bienvenido-a-pegasus-sportswear\\\/\"},{\"@type\":\"ListItem\",\"position\":2,\"name\":\"Tienda\",\"item\":\"https:\\\/\\\/pegasus-sportswear.de\\\/es\\\/tienda\\\/\"},{\"@type\":\"ListItem\",\"position\":3,\"name\":\"Vantage TVA3200 Premium Heavy Hoodie STOCK COLLECTION\"}]},{\"@type\":\"WebSite\",\"@id\":\"https:\\\/\\\/pegasus-sportswear.de\\\/es\\\/#website\",\"url\":\"https:\\\/\\\/pegasus-sportswear.de\\\/es\\\/\",\"name\":\"Pegasus Sportswear\",\"description\":\"\",\"publisher\":{\"@id\":\"https:\\\/\\\/pegasus-sportswear.de\\\/es\\\/#organization\"},\"potentialAction\":[{\"@type\":\"SearchAction\",\"target\":{\"@type\":\"EntryPoint\",\"urlTemplate\":\"https:\\\/\\\/pegasus-sportswear.de\\\/es\\\/?s={search_term_string}\"},\"query-input\":{\"@type\":\"PropertyValueSpecification\",\"valueRequired\":true,\"valueName\":\"search_term_string\"}}],\"inLanguage\":\"es\"},{\"@type\":\"Organization\",\"@id\":\"https:\\\/\\\/pegasus-sportswear.de\\\/es\\\/#organization\",\"name\":\"Pegasus Sportswear\",\"url\":\"https:\\\/\\\/pegasus-sportswear.de\\\/es\\\/\",\"logo\":{\"@type\":\"ImageObject\",\"inLanguage\":\"es\",\"@id\":\"https:\\\/\\\/pegasus-sportswear.de\\\/es\\\/#\\\/schema\\\/logo\\\/image\\\/\",\"url\":\"https:\\\/\\\/pegasus-sportswear.de\\\/wp-content\\\/uploads\\\/2024\\\/03\\\/Signatur-Logo-neue-Schrift.jpg\",\"contentUrl\":\"https:\\\/\\\/pegasus-sportswear.de\\\/wp-content\\\/uploads\\\/2024\\\/03\\\/Signatur-Logo-neue-Schrift.jpg\",\"width\":314,\"height\":152,\"caption\":\"Pegasus Sportswear\"},\"image\":{\"@id\":\"https:\\\/\\\/pegasus-sportswear.de\\\/es\\\/#\\\/schema\\\/logo\\\/image\\\/\"}}]}<\/script>\n<!-- \/ Yoast SEO plugin. -->","yoast_head_json":{"title":"Vantage TVA3200 Premium Heavy Hoodie STOCK COLLECTION - Pegasus Sportswear","description":"Stanley&Stella Cruiser 2.0 Hoodie","robots":{"index":"index","follow":"follow","max-snippet":"max-snippet:-1","max-image-preview":"max-image-preview:large","max-video-preview":"max-video-preview:-1"},"canonical":"https:\/\/pegasus-sportswear.de\/es\/produkt\/vantage-tva3200-premium-heavy-hoodie-stock-collection\/","og_locale":"es_ES","og_type":"article","og_title":"Vantage TVA3200 Premium Heavy Hoodie STOCK COLLECTION - Pegasus Sportswear","og_description":"Stanley&Stella Cruiser 2.0 Hoodie","og_url":"https:\/\/pegasus-sportswear.de\/es\/produkt\/vantage-tva3200-premium-heavy-hoodie-stock-collection\/","og_site_name":"Pegasus Sportswear","og_image":[{"width":800,"height":1120,"url":"https:\/\/pegasus-sportswear.de\/wp-content\/uploads\/2025\/07\/TVA3200-Premium-Hoodie-3.jpg","type":"image\/jpeg"}],"twitter_card":"summary_large_image","twitter_misc":{"Tiempo de lectura":"1 minuto"},"schema":{"@context":"https:\/\/schema.org","@graph":[{"@type":"WebPage","@id":"https:\/\/pegasus-sportswear.de\/es\/produkt\/vantage-tva3200-premium-heavy-hoodie-stock-collection\/","url":"https:\/\/pegasus-sportswear.de\/es\/produkt\/vantage-tva3200-premium-heavy-hoodie-stock-collection\/","name":"Vantage TVA3200 Premium Heavy Hoodie STOCK COLLECTION - Pegasus Sportswear","isPartOf":{"@id":"https:\/\/pegasus-sportswear.de\/es\/#website"},"primaryImageOfPage":{"@id":"https:\/\/pegasus-sportswear.de\/es\/produkt\/vantage-tva3200-premium-heavy-hoodie-stock-collection\/#primaryimage"},"image":{"@id":"https:\/\/pegasus-sportswear.de\/es\/produkt\/vantage-tva3200-premium-heavy-hoodie-stock-collection\/#primaryimage"},"thumbnailUrl":"https:\/\/pegasus-sportswear.de\/wp-content\/uploads\/2025\/07\/TVA3200-Premium-Hoodie-3.jpg","datePublished":"2025-11-14T20:30:19+00:00","description":"Stanley&Stella Cruiser 2.0 Hoodie","breadcrumb":{"@id":"https:\/\/pegasus-sportswear.de\/es\/produkt\/vantage-tva3200-premium-heavy-hoodie-stock-collection\/#breadcrumb"},"inLanguage":"es","potentialAction":[{"@type":"ReadAction","target":["https:\/\/pegasus-sportswear.de\/es\/produkt\/vantage-tva3200-premium-heavy-hoodie-stock-collection\/"]}]},{"@type":"ImageObject","inLanguage":"es","@id":"https:\/\/pegasus-sportswear.de\/es\/produkt\/vantage-tva3200-premium-heavy-hoodie-stock-collection\/#primaryimage","url":"https:\/\/pegasus-sportswear.de\/wp-content\/uploads\/2025\/07\/TVA3200-Premium-Hoodie-3.jpg","contentUrl":"https:\/\/pegasus-sportswear.de\/wp-content\/uploads\/2025\/07\/TVA3200-Premium-Hoodie-3.jpg","width":800,"height":1120},{"@type":"BreadcrumbList","@id":"https:\/\/pegasus-sportswear.de\/es\/produkt\/vantage-tva3200-premium-heavy-hoodie-stock-collection\/#breadcrumb","itemListElement":[{"@type":"ListItem","position":1,"name":"Startseite","item":"https:\/\/pegasus-sportswear.de\/es\/bienvenido-a-pegasus-sportswear\/"},{"@type":"ListItem","position":2,"name":"Tienda","item":"https:\/\/pegasus-sportswear.de\/es\/tienda\/"},{"@type":"ListItem","position":3,"name":"Vantage TVA3200 Premium Heavy Hoodie STOCK COLLECTION"}]},{"@type":"WebSite","@id":"https:\/\/pegasus-sportswear.de\/es\/#website","url":"https:\/\/pegasus-sportswear.de\/es\/","name":"Pegasus Sportswear","description":"","publisher":{"@id":"https:\/\/pegasus-sportswear.de\/es\/#organization"},"potentialAction":[{"@type":"SearchAction","target":{"@type":"EntryPoint","urlTemplate":"https:\/\/pegasus-sportswear.de\/es\/?s={search_term_string}"},"query-input":{"@type":"PropertyValueSpecification","valueRequired":true,"valueName":"search_term_string"}}],"inLanguage":"es"},{"@type":"Organization","@id":"https:\/\/pegasus-sportswear.de\/es\/#organization","name":"Pegasus Sportswear","url":"https:\/\/pegasus-sportswear.de\/es\/","logo":{"@type":"ImageObject","inLanguage":"es","@id":"https:\/\/pegasus-sportswear.de\/es\/#\/schema\/logo\/image\/","url":"https:\/\/pegasus-sportswear.de\/wp-content\/uploads\/2024\/03\/Signatur-Logo-neue-Schrift.jpg","contentUrl":"https:\/\/pegasus-sportswear.de\/wp-content\/uploads\/2024\/03\/Signatur-Logo-neue-Schrift.jpg","width":314,"height":152,"caption":"Pegasus Sportswear"},"image":{"@id":"https:\/\/pegasus-sportswear.de\/es\/#\/schema\/logo\/image\/"}}]}},"jetpack_sharing_enabled":true,"_links":{"self":[{"href":"https:\/\/pegasus-sportswear.de\/es\/wp-json\/wp\/v2\/product\/36053","targetHints":{"allow":["GET"]}}],"collection":[{"href":"https:\/\/pegasus-sportswear.de\/es\/wp-json\/wp\/v2\/product"}],"about":[{"href":"https:\/\/pegasus-sportswear.de\/es\/wp-json\/wp\/v2\/types\/product"}],"replies":[{"embeddable":true,"href":"https:\/\/pegasus-sportswear.de\/es\/wp-json\/wp\/v2\/comments?post=36053"}],"wp:featuredmedia":[{"embeddable":true,"href":"https:\/\/pegasus-sportswear.de\/es\/wp-json\/wp\/v2\/media\/36054"}],"wp:attachment":[{"href":"https:\/\/pegasus-sportswear.de\/es\/wp-json\/wp\/v2\/media?parent=36053"}],"wp:term":[{"taxonomy":"product_brand","embeddable":true,"href":"https:\/\/pegasus-sportswear.de\/es\/wp-json\/wp\/v2\/product_brand?post=36053"},{"taxonomy":"product_cat","embeddable":true,"href":"https:\/\/pegasus-sportswear.de\/es\/wp-json\/wp\/v2\/product_cat?post=36053"},{"taxonomy":"product_tag","embeddable":true,"href":"https:\/\/pegasus-sportswear.de\/es\/wp-json\/wp\/v2\/product_tag?post=36053"}],"curies":[{"name":"wp","href":"https:\/\/api.w.org\/{rel}","templated":true}]}}