{"id":36078,"date":"2025-11-14T22:38:17","date_gmt":"2025-11-14T21:38:17","guid":{"rendered":"https:\/\/pegasus-sportswear.de\/produkt\/camiseta-stanleystella-rocker-stock-collection\/"},"modified":"2026-03-05T13:06:47","modified_gmt":"2026-03-05T12:06:47","slug":"camiseta-stanleystella-rocker-stock-collection","status":"publish","type":"product","link":"https:\/\/pegasus-sportswear.de\/es\/produkt\/camiseta-stanleystella-rocker-stock-collection\/","title":{"rendered":"Camiseta Stanley&amp;Stella Rocker STOCK COLLECTION"},"content":{"rendered":"<h5>Camiseta unisex Essential<\/h5>\n<p>Singlejersey de algod\u00f3n 100% org\u00e1nico, hilado en anillo y peinado<br \/>\nGramaje: 155 g\/m\u00b2<br \/>\nPrelavado y resistente al encogimiento<\/p>\n<p><strong>Caracter\u00edsticas:<\/strong><\/p>\n<p>Mangas insertadas<br \/>\nTejido tubular sin costuras laterales<br \/>\nCinta de refuerzo en el cuello del mismo material<br \/>\nDoble pespunte en pu\u00f1os y dobladillo<br \/>\nCuello de canal\u00e9 1&#215;1<\/p>\n<p>Aqu\u00ed, en nuestra <strong>STOCK COLLECTION<\/strong>, est\u00e1n disponibles las siguientes opciones:<\/p>\n<h6>5 colores diferentes<\/h6>\n<h6>Tallas de XS a 5XL (seg\u00fan el color)<\/h6>\n<h6>Decoraci\u00f3n mediante impresi\u00f3n digital<\/h6>\n<p><strong>Tiempo de producci\u00f3n m\u00e1ximo: 3 semanas<\/strong><br \/>\n<strong>Cantidad m\u00ednima de pedido: 1 unidad<\/strong><\/p>\n<h6>Las siguientes opciones de decoraci\u00f3n adicionales est\u00e1n disponibles bajo pedido:<\/h6>\n<p>Bordado plano o 3D (dependiendo del logotipo), en pecho, mangas, espalda, etc.<br \/>\nLogotipos tejidos, cosidos<br \/>\nTiras de cuero grabadas con l\u00e1ser, cosidas<br \/>\nLogotipos de elast\u00f3mero, cosidos<br \/>\nSerigraf\u00eda<br \/>\nImpresi\u00f3n por transferencia<\/p>\n<p><strong>Alternativamente<\/strong>, ofrecemos la camiseta en nuestra <strong>SPEED COLLECTION<\/strong>, donde est\u00e1n disponibles las siguientes opciones:<br \/>\n5 colores<br \/>\nTallas de XS a 5XL (seg\u00fan el color)<br \/>\nImpresi\u00f3n digital<br \/>\n<strong>Tiempo de producci\u00f3n m\u00e1ximo: 1 semana<\/strong><br \/>\n<strong>Pedidos a partir de 1 unidad son posibles<\/strong><\/p>\n<p>&nbsp;<\/p>\n<p><strong>\u00bfTe gusta el estilo? \u00a1Env\u00edanos tus colores y logotipos! <\/strong><br \/>\n<strong>\u00bfNo has encontrado lo que buscabas en nuestra p\u00e1gina?<\/strong><br \/>\n<strong>\u00a1Ponte en contacto con nosotros!<\/strong><\/p>\n","protected":false},"excerpt":{"rendered":"<p>Camiseta unisex Essential Singlejersey de algod\u00f3n 100% org\u00e1nico, hilado en anillo y peinado Gramaje: 155 g\/m\u00b2 Prelavado y resistente al encogimiento Caracter\u00edsticas: Mangas insertadas Tejido tubular sin costuras laterales Cinta de refuerzo en el cuello del mismo material Doble pespunte en pu\u00f1os y dobladillo Cuello de canal\u00e9 1&#215;1 Aqu\u00ed, en nuestra STOCK COLLECTION, est\u00e1n disponibles [&hellip;]<\/p>\n","protected":false},"featured_media":36079,"comment_status":"open","ping_status":"closed","template":"","meta":{"iawp_total_views":31},"product_brand":[],"product_cat":[1764,1755],"product_tag":[],"class_list":{"0":"post-36078","1":"product","2":"type-product","3":"status-publish","4":"has-post-thumbnail","6":"product_cat-camisetas","7":"product_cat-stock-collection","9":"first","10":"instock","11":"taxable","12":"shipping-taxable","13":"purchasable","14":"product-type-variable","15":"product-type-zakeke","16":"product-type-external"},"yoast_head":"<!-- This site is optimized with the Yoast SEO plugin v27.1.1 - https:\/\/yoast.com\/product\/yoast-seo-wordpress\/ -->\n<title>Camiseta Stanley&amp;Stella Rocker STOCK COLLECTION - Pegasus Sportswear<\/title>\n<meta name=\"description\" content=\"Camiseta Stanley&amp;Stella Crafter STOCK COLLECTION\" \/>\n<meta name=\"robots\" content=\"index, follow, max-snippet:-1, max-image-preview:large, max-video-preview:-1\" \/>\n<link rel=\"canonical\" href=\"https:\/\/pegasus-sportswear.de\/es\/produkt\/camiseta-stanleystella-rocker-stock-collection\/\" \/>\n<meta property=\"og:locale\" content=\"es_ES\" \/>\n<meta property=\"og:type\" content=\"article\" \/>\n<meta property=\"og:title\" content=\"Camiseta Stanley&amp;Stella Rocker STOCK COLLECTION - Pegasus Sportswear\" \/>\n<meta property=\"og:description\" content=\"Camiseta Stanley&amp;Stella Crafter STOCK COLLECTION\" \/>\n<meta property=\"og:url\" content=\"https:\/\/pegasus-sportswear.de\/es\/produkt\/camiseta-stanleystella-rocker-stock-collection\/\" \/>\n<meta property=\"og:site_name\" content=\"Pegasus Sportswear\" \/>\n<meta property=\"article:modified_time\" content=\"2026-03-05T12:06:47+00:00\" \/>\n<meta property=\"og:image\" content=\"https:\/\/pegasus-sportswear.de\/wp-content\/uploads\/2025\/06\/1c97e610-4ad9-57c0-a22a-328154ce523c_136.jpg\" \/>\n\t<meta property=\"og:image:width\" content=\"1200\" \/>\n\t<meta property=\"og:image:height\" content=\"1500\" \/>\n\t<meta property=\"og:image:type\" content=\"image\/jpeg\" \/>\n<meta name=\"twitter:card\" content=\"summary_large_image\" \/>\n<meta name=\"twitter:label1\" content=\"Tiempo de lectura\" \/>\n\t<meta name=\"twitter:data1\" content=\"1 minuto\" \/>\n<script type=\"application\/ld+json\" class=\"yoast-schema-graph\">{\"@context\":\"https:\/\/schema.org\",\"@graph\":[{\"@type\":\"WebPage\",\"@id\":\"https:\/\/pegasus-sportswear.de\/es\/produkt\/camiseta-stanleystella-rocker-stock-collection\/\",\"url\":\"https:\/\/pegasus-sportswear.de\/es\/produkt\/camiseta-stanleystella-rocker-stock-collection\/\",\"name\":\"Camiseta Stanley&amp;Stella Rocker STOCK COLLECTION - Pegasus Sportswear\",\"isPartOf\":{\"@id\":\"https:\/\/pegasus-sportswear.de\/es\/#website\"},\"primaryImageOfPage\":{\"@id\":\"https:\/\/pegasus-sportswear.de\/es\/produkt\/camiseta-stanleystella-rocker-stock-collection\/#primaryimage\"},\"image\":{\"@id\":\"https:\/\/pegasus-sportswear.de\/es\/produkt\/camiseta-stanleystella-rocker-stock-collection\/#primaryimage\"},\"thumbnailUrl\":\"https:\/\/pegasus-sportswear.de\/wp-content\/uploads\/2025\/06\/1c97e610-4ad9-57c0-a22a-328154ce523c_136.jpg\",\"datePublished\":\"2025-11-14T21:38:17+00:00\",\"dateModified\":\"2026-03-05T12:06:47+00:00\",\"description\":\"Camiseta Stanley&Stella Crafter STOCK COLLECTION\",\"breadcrumb\":{\"@id\":\"https:\/\/pegasus-sportswear.de\/es\/produkt\/camiseta-stanleystella-rocker-stock-collection\/#breadcrumb\"},\"inLanguage\":\"es\",\"potentialAction\":[{\"@type\":\"ReadAction\",\"target\":[\"https:\/\/pegasus-sportswear.de\/es\/produkt\/camiseta-stanleystella-rocker-stock-collection\/\"]}]},{\"@type\":\"ImageObject\",\"inLanguage\":\"es\",\"@id\":\"https:\/\/pegasus-sportswear.de\/es\/produkt\/camiseta-stanleystella-rocker-stock-collection\/#primaryimage\",\"url\":\"https:\/\/pegasus-sportswear.de\/wp-content\/uploads\/2025\/06\/1c97e610-4ad9-57c0-a22a-328154ce523c_136.jpg\",\"contentUrl\":\"https:\/\/pegasus-sportswear.de\/wp-content\/uploads\/2025\/06\/1c97e610-4ad9-57c0-a22a-328154ce523c_136.jpg\",\"width\":1200,\"height\":1500},{\"@type\":\"BreadcrumbList\",\"@id\":\"https:\/\/pegasus-sportswear.de\/es\/produkt\/camiseta-stanleystella-rocker-stock-collection\/#breadcrumb\",\"itemListElement\":[{\"@type\":\"ListItem\",\"position\":1,\"name\":\"Startseite\",\"item\":\"https:\/\/pegasus-sportswear.de\/es\/bienvenido-a-pegasus-sportswear\/\"},{\"@type\":\"ListItem\",\"position\":2,\"name\":\"Tienda\",\"item\":\"https:\/\/pegasus-sportswear.de\/es\/tienda\/\"},{\"@type\":\"ListItem\",\"position\":3,\"name\":\"Camiseta Stanley&amp;Stella Rocker STOCK COLLECTION\"}]},{\"@type\":\"WebSite\",\"@id\":\"https:\/\/pegasus-sportswear.de\/es\/#website\",\"url\":\"https:\/\/pegasus-sportswear.de\/es\/\",\"name\":\"Pegasus Sportswear\",\"description\":\"\",\"publisher\":{\"@id\":\"https:\/\/pegasus-sportswear.de\/es\/#organization\"},\"potentialAction\":[{\"@type\":\"SearchAction\",\"target\":{\"@type\":\"EntryPoint\",\"urlTemplate\":\"https:\/\/pegasus-sportswear.de\/es\/?s={search_term_string}\"},\"query-input\":{\"@type\":\"PropertyValueSpecification\",\"valueRequired\":true,\"valueName\":\"search_term_string\"}}],\"inLanguage\":\"es\"},{\"@type\":\"Organization\",\"@id\":\"https:\/\/pegasus-sportswear.de\/es\/#organization\",\"name\":\"Pegasus Sportswear\",\"url\":\"https:\/\/pegasus-sportswear.de\/es\/\",\"logo\":{\"@type\":\"ImageObject\",\"inLanguage\":\"es\",\"@id\":\"https:\/\/pegasus-sportswear.de\/es\/#\/schema\/logo\/image\/\",\"url\":\"https:\/\/pegasus-sportswear.de\/wp-content\/uploads\/2024\/03\/Signatur-Logo-neue-Schrift.jpg\",\"contentUrl\":\"https:\/\/pegasus-sportswear.de\/wp-content\/uploads\/2024\/03\/Signatur-Logo-neue-Schrift.jpg\",\"width\":314,\"height\":152,\"caption\":\"Pegasus Sportswear\"},\"image\":{\"@id\":\"https:\/\/pegasus-sportswear.de\/es\/#\/schema\/logo\/image\/\"}}]}<\/script>\n<!-- \/ Yoast SEO plugin. -->","yoast_head_json":{"title":"Camiseta Stanley&amp;Stella Rocker STOCK COLLECTION - Pegasus Sportswear","description":"Camiseta Stanley&Stella Crafter STOCK COLLECTION","robots":{"index":"index","follow":"follow","max-snippet":"max-snippet:-1","max-image-preview":"max-image-preview:large","max-video-preview":"max-video-preview:-1"},"canonical":"https:\/\/pegasus-sportswear.de\/es\/produkt\/camiseta-stanleystella-rocker-stock-collection\/","og_locale":"es_ES","og_type":"article","og_title":"Camiseta Stanley&amp;Stella Rocker STOCK COLLECTION - Pegasus Sportswear","og_description":"Camiseta Stanley&Stella Crafter STOCK COLLECTION","og_url":"https:\/\/pegasus-sportswear.de\/es\/produkt\/camiseta-stanleystella-rocker-stock-collection\/","og_site_name":"Pegasus Sportswear","article_modified_time":"2026-03-05T12:06:47+00:00","og_image":[{"width":1200,"height":1500,"url":"https:\/\/pegasus-sportswear.de\/wp-content\/uploads\/2025\/06\/1c97e610-4ad9-57c0-a22a-328154ce523c_136.jpg","type":"image\/jpeg"}],"twitter_card":"summary_large_image","twitter_misc":{"Tiempo de lectura":"1 minuto"},"schema":{"@context":"https:\/\/schema.org","@graph":[{"@type":"WebPage","@id":"https:\/\/pegasus-sportswear.de\/es\/produkt\/camiseta-stanleystella-rocker-stock-collection\/","url":"https:\/\/pegasus-sportswear.de\/es\/produkt\/camiseta-stanleystella-rocker-stock-collection\/","name":"Camiseta Stanley&amp;Stella Rocker STOCK COLLECTION - Pegasus Sportswear","isPartOf":{"@id":"https:\/\/pegasus-sportswear.de\/es\/#website"},"primaryImageOfPage":{"@id":"https:\/\/pegasus-sportswear.de\/es\/produkt\/camiseta-stanleystella-rocker-stock-collection\/#primaryimage"},"image":{"@id":"https:\/\/pegasus-sportswear.de\/es\/produkt\/camiseta-stanleystella-rocker-stock-collection\/#primaryimage"},"thumbnailUrl":"https:\/\/pegasus-sportswear.de\/wp-content\/uploads\/2025\/06\/1c97e610-4ad9-57c0-a22a-328154ce523c_136.jpg","datePublished":"2025-11-14T21:38:17+00:00","dateModified":"2026-03-05T12:06:47+00:00","description":"Camiseta Stanley&Stella Crafter STOCK COLLECTION","breadcrumb":{"@id":"https:\/\/pegasus-sportswear.de\/es\/produkt\/camiseta-stanleystella-rocker-stock-collection\/#breadcrumb"},"inLanguage":"es","potentialAction":[{"@type":"ReadAction","target":["https:\/\/pegasus-sportswear.de\/es\/produkt\/camiseta-stanleystella-rocker-stock-collection\/"]}]},{"@type":"ImageObject","inLanguage":"es","@id":"https:\/\/pegasus-sportswear.de\/es\/produkt\/camiseta-stanleystella-rocker-stock-collection\/#primaryimage","url":"https:\/\/pegasus-sportswear.de\/wp-content\/uploads\/2025\/06\/1c97e610-4ad9-57c0-a22a-328154ce523c_136.jpg","contentUrl":"https:\/\/pegasus-sportswear.de\/wp-content\/uploads\/2025\/06\/1c97e610-4ad9-57c0-a22a-328154ce523c_136.jpg","width":1200,"height":1500},{"@type":"BreadcrumbList","@id":"https:\/\/pegasus-sportswear.de\/es\/produkt\/camiseta-stanleystella-rocker-stock-collection\/#breadcrumb","itemListElement":[{"@type":"ListItem","position":1,"name":"Startseite","item":"https:\/\/pegasus-sportswear.de\/es\/bienvenido-a-pegasus-sportswear\/"},{"@type":"ListItem","position":2,"name":"Tienda","item":"https:\/\/pegasus-sportswear.de\/es\/tienda\/"},{"@type":"ListItem","position":3,"name":"Camiseta Stanley&amp;Stella Rocker STOCK COLLECTION"}]},{"@type":"WebSite","@id":"https:\/\/pegasus-sportswear.de\/es\/#website","url":"https:\/\/pegasus-sportswear.de\/es\/","name":"Pegasus Sportswear","description":"","publisher":{"@id":"https:\/\/pegasus-sportswear.de\/es\/#organization"},"potentialAction":[{"@type":"SearchAction","target":{"@type":"EntryPoint","urlTemplate":"https:\/\/pegasus-sportswear.de\/es\/?s={search_term_string}"},"query-input":{"@type":"PropertyValueSpecification","valueRequired":true,"valueName":"search_term_string"}}],"inLanguage":"es"},{"@type":"Organization","@id":"https:\/\/pegasus-sportswear.de\/es\/#organization","name":"Pegasus Sportswear","url":"https:\/\/pegasus-sportswear.de\/es\/","logo":{"@type":"ImageObject","inLanguage":"es","@id":"https:\/\/pegasus-sportswear.de\/es\/#\/schema\/logo\/image\/","url":"https:\/\/pegasus-sportswear.de\/wp-content\/uploads\/2024\/03\/Signatur-Logo-neue-Schrift.jpg","contentUrl":"https:\/\/pegasus-sportswear.de\/wp-content\/uploads\/2024\/03\/Signatur-Logo-neue-Schrift.jpg","width":314,"height":152,"caption":"Pegasus Sportswear"},"image":{"@id":"https:\/\/pegasus-sportswear.de\/es\/#\/schema\/logo\/image\/"}}]}},"jetpack_sharing_enabled":true,"_links":{"self":[{"href":"https:\/\/pegasus-sportswear.de\/es\/wp-json\/wp\/v2\/product\/36078","targetHints":{"allow":["GET"]}}],"collection":[{"href":"https:\/\/pegasus-sportswear.de\/es\/wp-json\/wp\/v2\/product"}],"about":[{"href":"https:\/\/pegasus-sportswear.de\/es\/wp-json\/wp\/v2\/types\/product"}],"replies":[{"embeddable":true,"href":"https:\/\/pegasus-sportswear.de\/es\/wp-json\/wp\/v2\/comments?post=36078"}],"wp:featuredmedia":[{"embeddable":true,"href":"https:\/\/pegasus-sportswear.de\/es\/wp-json\/wp\/v2\/media\/36079"}],"wp:attachment":[{"href":"https:\/\/pegasus-sportswear.de\/es\/wp-json\/wp\/v2\/media?parent=36078"}],"wp:term":[{"taxonomy":"product_brand","embeddable":true,"href":"https:\/\/pegasus-sportswear.de\/es\/wp-json\/wp\/v2\/product_brand?post=36078"},{"taxonomy":"product_cat","embeddable":true,"href":"https:\/\/pegasus-sportswear.de\/es\/wp-json\/wp\/v2\/product_cat?post=36078"},{"taxonomy":"product_tag","embeddable":true,"href":"https:\/\/pegasus-sportswear.de\/es\/wp-json\/wp\/v2\/product_tag?post=36078"}],"curies":[{"name":"wp","href":"https:\/\/api.w.org\/{rel}","templated":true}]}}