{"id":38270,"date":"2024-10-24T01:07:56","date_gmt":"2024-10-23T23:07:56","guid":{"rendered":"https:\/\/pegasus-sportswear.de\/produkt\/gorra-de-rapero-snapback-de-5-paneles-en-contraste\/"},"modified":"2024-10-24T01:07:56","modified_gmt":"2024-10-23T23:07:56","slug":"gorra-de-rapero-snapback-de-5-paneles-en-contraste","status":"publish","type":"product","link":"https:\/\/pegasus-sportswear.de\/es\/produkt\/gorra-de-rapero-snapback-de-5-paneles-en-contraste\/","title":{"rendered":"GORRA DE RAPERO SNAPBACK DE 5 PANELES EN CONTRASTE"},"content":{"rendered":"<h5>GORRA DE RAPERO SNAPBACK DE 5 PANELES EN CONTRASTE<\/h5>\n<p>Fabricada en 100% sarga de algod\u00f3n.<br \/>\nDise\u00f1o de 5 paneles con visera precurvada, en colores contrastados.<br \/>\nOjales cosidos con cierre SNAPBACK.<\/p>\n<p>Aqu\u00ed, en nuestra <strong>STOCK COLLECTION<\/strong>, esta gorra est\u00e1 disponible en las siguientes opciones:<\/p>\n<h6>7 colores diferentes<\/h6>\n<h6>Talla \u00fanica<\/h6>\n<h6>Bordado plano de hasta 5000 puntadas (incluido en el precio)<\/h6>\n<p>Programa de bordado (incluido en el precio)<\/p>\n<h6><strong>Plazo de entrega, incluido el tiempo de producci\u00f3n: m\u00e1ximo 3 semanas<\/strong><br \/>\n<strong>Cantidad m\u00ednima de pedido: 25 unidades<\/strong><\/h6>\n<p><strong>Las siguientes opciones de decoraci\u00f3n adicionales est\u00e1n disponibles bajo pedido:<\/strong><\/p>\n<p>Bordado en 3D (dependiendo del logo), directamente en la gorra<br \/>\nLogotipos tejidos, cosidos<br \/>\nTiras de cuero grabadas con l\u00e1ser, cosidas<br \/>\nLogotipos de elast\u00f3mero, cosidos<\/p>\n<p><strong>Alternativamente<\/strong>, tambi\u00e9n ofrecemos gorras en nuestra <strong>CUSTOM COLLECTION<\/strong>.<br \/>\nAqu\u00ed se puede realizar (casi) cualquier dise\u00f1o imaginable.<\/p>\n<p>B\u00e1sicamente, se pueden elegir las siguientes opciones:<\/p>\n<p>32 colores diferentes \/ Lana<br \/>\nElige TU modelo entre cientos de variantes<br \/>\nElige el material de la gorra y la visera<br \/>\nElige el tipo de cierre (tambi\u00e9n Flexcap)<br \/>\nDetermina los colores para cada segmento<br \/>\nCada parte de la gorra<br \/>\nVisera (tambi\u00e9n la parte inferior)<br \/>\nCosturas<br \/>\nBotones<br \/>\nOjales \/ Orificios de ventilaci\u00f3n<\/p>\n<p>Si lo deseas, tienes las siguientes variantes para la decoraci\u00f3n:<\/p>\n<p>Bordado, tambi\u00e9n en 3D<br \/>\nImpresi\u00f3n, tambi\u00e9n en la parte inferior de la visera si lo deseas<br \/>\nFabricado en elast\u00f3mero y cosido<br \/>\n\u00abGrabado\u00bb con l\u00e1ser en insignias de cuero y cosido<br \/>\nPlazo de entrega: entre 4 y 6 semanas a partir de la aprobaci\u00f3n del pedido<br \/>\nCantidad m\u00ednima de pedido: a partir de 30 unidades, seg\u00fan el modelo y la decoraci\u00f3n deseada<br \/>\nPrecio seg\u00fan el modelo y la opci\u00f3n elegida<\/p>\n<p>&nbsp;<\/p>\n<p><strong>\u00bfTe gusta el estilo? \u00a1Env\u00edanos tus colores y logotipos! <\/strong><br \/>\n<strong>\u00bfNo has encontrado lo que buscas en nuestra p\u00e1gina?<\/strong><br \/>\n<strong>\u00a1Ponte en contacto con nosotros!<\/strong><\/p>\n","protected":false},"excerpt":{"rendered":"<p>GORRA DE RAPERO SNAPBACK DE 5 PANELES EN CONTRASTE Fabricada en 100% sarga de algod\u00f3n. Dise\u00f1o de 5 paneles con visera precurvada, en colores contrastados. Ojales cosidos con cierre SNAPBACK. Aqu\u00ed, en nuestra STOCK COLLECTION, esta gorra est\u00e1 disponible en las siguientes opciones: 7 colores diferentes Talla \u00fanica Bordado plano de hasta 5000 puntadas (incluido [&hellip;]<\/p>\n","protected":false},"featured_media":38271,"comment_status":"open","ping_status":"closed","template":"","meta":{"iawp_total_views":0},"product_brand":[],"product_cat":[1919,1755],"product_tag":[],"class_list":{"0":"post-38270","1":"product","2":"type-product","3":"status-publish","4":"has-post-thumbnail","6":"product_cat-caps-custom-collection","7":"product_cat-stock-collection","9":"first","10":"instock","11":"taxable","12":"shipping-taxable","13":"purchasable","14":"product-type-variable","15":"product-type-zakeke","16":"product-type-external"},"yoast_head":"<!-- This site is optimized with the Yoast SEO plugin v27.1.1 - https:\/\/yoast.com\/product\/yoast-seo-wordpress\/ -->\n<title>GORRA DE RAPERO SNAPBACK DE 5 PANELES EN CONTRASTE - Pegasus Sportswear<\/title>\n<meta name=\"robots\" content=\"index, follow, max-snippet:-1, max-image-preview:large, max-video-preview:-1\" \/>\n<link rel=\"canonical\" href=\"https:\/\/pegasus-sportswear.de\/es\/produkt\/gorra-de-rapero-snapback-de-5-paneles-en-contraste\/\" \/>\n<meta property=\"og:locale\" content=\"es_ES\" \/>\n<meta property=\"og:type\" content=\"article\" \/>\n<meta property=\"og:title\" content=\"GORRA DE RAPERO SNAPBACK DE 5 PANELES EN CONTRASTE - Pegasus Sportswear\" \/>\n<meta property=\"og:description\" content=\"GORRA DE RAPERO SNAPBACK DE 5 PANELES EN CONTRASTE Fabricada en 100% sarga de algod\u00f3n. Dise\u00f1o de 5 paneles con visera precurvada, en colores contrastados. Ojales cosidos con cierre SNAPBACK. Aqu\u00ed, en nuestra STOCK COLLECTION, esta gorra est\u00e1 disponible en las siguientes opciones: 7 colores diferentes Talla \u00fanica Bordado plano de hasta 5000 puntadas (incluido [&hellip;]\" \/>\n<meta property=\"og:url\" content=\"https:\/\/pegasus-sportswear.de\/es\/produkt\/gorra-de-rapero-snapback-de-5-paneles-en-contraste\/\" \/>\n<meta property=\"og:site_name\" content=\"Pegasus Sportswear\" \/>\n<meta property=\"og:image\" content=\"https:\/\/pegasus-sportswear.de\/wp-content\/uploads\/2024\/10\/Black-Classic-Red.png\" \/>\n\t<meta property=\"og:image:width\" content=\"600\" \/>\n\t<meta property=\"og:image:height\" content=\"600\" \/>\n\t<meta property=\"og:image:type\" content=\"image\/png\" \/>\n<meta name=\"twitter:card\" content=\"summary_large_image\" \/>\n<meta name=\"twitter:label1\" content=\"Tiempo de lectura\" \/>\n\t<meta name=\"twitter:data1\" content=\"2 minutos\" \/>\n<script type=\"application\/ld+json\" class=\"yoast-schema-graph\">{\"@context\":\"https:\/\/schema.org\",\"@graph\":[{\"@type\":\"WebPage\",\"@id\":\"https:\/\/pegasus-sportswear.de\/es\/produkt\/gorra-de-rapero-snapback-de-5-paneles-en-contraste\/\",\"url\":\"https:\/\/pegasus-sportswear.de\/es\/produkt\/gorra-de-rapero-snapback-de-5-paneles-en-contraste\/\",\"name\":\"GORRA DE RAPERO SNAPBACK DE 5 PANELES EN CONTRASTE - Pegasus Sportswear\",\"isPartOf\":{\"@id\":\"https:\/\/pegasus-sportswear.de\/es\/#website\"},\"primaryImageOfPage\":{\"@id\":\"https:\/\/pegasus-sportswear.de\/es\/produkt\/gorra-de-rapero-snapback-de-5-paneles-en-contraste\/#primaryimage\"},\"image\":{\"@id\":\"https:\/\/pegasus-sportswear.de\/es\/produkt\/gorra-de-rapero-snapback-de-5-paneles-en-contraste\/#primaryimage\"},\"thumbnailUrl\":\"https:\/\/pegasus-sportswear.de\/wp-content\/uploads\/2024\/10\/Black-Classic-Red.png\",\"datePublished\":\"2024-10-23T23:07:56+00:00\",\"breadcrumb\":{\"@id\":\"https:\/\/pegasus-sportswear.de\/es\/produkt\/gorra-de-rapero-snapback-de-5-paneles-en-contraste\/#breadcrumb\"},\"inLanguage\":\"es\",\"potentialAction\":[{\"@type\":\"ReadAction\",\"target\":[\"https:\/\/pegasus-sportswear.de\/es\/produkt\/gorra-de-rapero-snapback-de-5-paneles-en-contraste\/\"]}]},{\"@type\":\"ImageObject\",\"inLanguage\":\"es\",\"@id\":\"https:\/\/pegasus-sportswear.de\/es\/produkt\/gorra-de-rapero-snapback-de-5-paneles-en-contraste\/#primaryimage\",\"url\":\"https:\/\/pegasus-sportswear.de\/wp-content\/uploads\/2024\/10\/Black-Classic-Red.png\",\"contentUrl\":\"https:\/\/pegasus-sportswear.de\/wp-content\/uploads\/2024\/10\/Black-Classic-Red.png\",\"width\":600,\"height\":600},{\"@type\":\"BreadcrumbList\",\"@id\":\"https:\/\/pegasus-sportswear.de\/es\/produkt\/gorra-de-rapero-snapback-de-5-paneles-en-contraste\/#breadcrumb\",\"itemListElement\":[{\"@type\":\"ListItem\",\"position\":1,\"name\":\"Startseite\",\"item\":\"https:\/\/pegasus-sportswear.de\/es\/bienvenido-a-pegasus-sportswear\/\"},{\"@type\":\"ListItem\",\"position\":2,\"name\":\"Tienda\",\"item\":\"https:\/\/pegasus-sportswear.de\/es\/tienda\/\"},{\"@type\":\"ListItem\",\"position\":3,\"name\":\"GORRA DE RAPERO SNAPBACK DE 5 PANELES EN CONTRASTE\"}]},{\"@type\":\"WebSite\",\"@id\":\"https:\/\/pegasus-sportswear.de\/es\/#website\",\"url\":\"https:\/\/pegasus-sportswear.de\/es\/\",\"name\":\"Pegasus Sportswear\",\"description\":\"\",\"publisher\":{\"@id\":\"https:\/\/pegasus-sportswear.de\/es\/#organization\"},\"potentialAction\":[{\"@type\":\"SearchAction\",\"target\":{\"@type\":\"EntryPoint\",\"urlTemplate\":\"https:\/\/pegasus-sportswear.de\/es\/?s={search_term_string}\"},\"query-input\":{\"@type\":\"PropertyValueSpecification\",\"valueRequired\":true,\"valueName\":\"search_term_string\"}}],\"inLanguage\":\"es\"},{\"@type\":\"Organization\",\"@id\":\"https:\/\/pegasus-sportswear.de\/es\/#organization\",\"name\":\"Pegasus Sportswear\",\"url\":\"https:\/\/pegasus-sportswear.de\/es\/\",\"logo\":{\"@type\":\"ImageObject\",\"inLanguage\":\"es\",\"@id\":\"https:\/\/pegasus-sportswear.de\/es\/#\/schema\/logo\/image\/\",\"url\":\"https:\/\/pegasus-sportswear.de\/wp-content\/uploads\/2024\/03\/Signatur-Logo-neue-Schrift.jpg\",\"contentUrl\":\"https:\/\/pegasus-sportswear.de\/wp-content\/uploads\/2024\/03\/Signatur-Logo-neue-Schrift.jpg\",\"width\":314,\"height\":152,\"caption\":\"Pegasus Sportswear\"},\"image\":{\"@id\":\"https:\/\/pegasus-sportswear.de\/es\/#\/schema\/logo\/image\/\"}}]}<\/script>\n<!-- \/ Yoast SEO plugin. -->","yoast_head_json":{"title":"GORRA DE RAPERO SNAPBACK DE 5 PANELES EN CONTRASTE - Pegasus Sportswear","robots":{"index":"index","follow":"follow","max-snippet":"max-snippet:-1","max-image-preview":"max-image-preview:large","max-video-preview":"max-video-preview:-1"},"canonical":"https:\/\/pegasus-sportswear.de\/es\/produkt\/gorra-de-rapero-snapback-de-5-paneles-en-contraste\/","og_locale":"es_ES","og_type":"article","og_title":"GORRA DE RAPERO SNAPBACK DE 5 PANELES EN CONTRASTE - Pegasus Sportswear","og_description":"GORRA DE RAPERO SNAPBACK DE 5 PANELES EN CONTRASTE Fabricada en 100% sarga de algod\u00f3n. Dise\u00f1o de 5 paneles con visera precurvada, en colores contrastados. Ojales cosidos con cierre SNAPBACK. Aqu\u00ed, en nuestra STOCK COLLECTION, esta gorra est\u00e1 disponible en las siguientes opciones: 7 colores diferentes Talla \u00fanica Bordado plano de hasta 5000 puntadas (incluido [&hellip;]","og_url":"https:\/\/pegasus-sportswear.de\/es\/produkt\/gorra-de-rapero-snapback-de-5-paneles-en-contraste\/","og_site_name":"Pegasus Sportswear","og_image":[{"width":600,"height":600,"url":"https:\/\/pegasus-sportswear.de\/wp-content\/uploads\/2024\/10\/Black-Classic-Red.png","type":"image\/png"}],"twitter_card":"summary_large_image","twitter_misc":{"Tiempo de lectura":"2 minutos"},"schema":{"@context":"https:\/\/schema.org","@graph":[{"@type":"WebPage","@id":"https:\/\/pegasus-sportswear.de\/es\/produkt\/gorra-de-rapero-snapback-de-5-paneles-en-contraste\/","url":"https:\/\/pegasus-sportswear.de\/es\/produkt\/gorra-de-rapero-snapback-de-5-paneles-en-contraste\/","name":"GORRA DE RAPERO SNAPBACK DE 5 PANELES EN CONTRASTE - Pegasus Sportswear","isPartOf":{"@id":"https:\/\/pegasus-sportswear.de\/es\/#website"},"primaryImageOfPage":{"@id":"https:\/\/pegasus-sportswear.de\/es\/produkt\/gorra-de-rapero-snapback-de-5-paneles-en-contraste\/#primaryimage"},"image":{"@id":"https:\/\/pegasus-sportswear.de\/es\/produkt\/gorra-de-rapero-snapback-de-5-paneles-en-contraste\/#primaryimage"},"thumbnailUrl":"https:\/\/pegasus-sportswear.de\/wp-content\/uploads\/2024\/10\/Black-Classic-Red.png","datePublished":"2024-10-23T23:07:56+00:00","breadcrumb":{"@id":"https:\/\/pegasus-sportswear.de\/es\/produkt\/gorra-de-rapero-snapback-de-5-paneles-en-contraste\/#breadcrumb"},"inLanguage":"es","potentialAction":[{"@type":"ReadAction","target":["https:\/\/pegasus-sportswear.de\/es\/produkt\/gorra-de-rapero-snapback-de-5-paneles-en-contraste\/"]}]},{"@type":"ImageObject","inLanguage":"es","@id":"https:\/\/pegasus-sportswear.de\/es\/produkt\/gorra-de-rapero-snapback-de-5-paneles-en-contraste\/#primaryimage","url":"https:\/\/pegasus-sportswear.de\/wp-content\/uploads\/2024\/10\/Black-Classic-Red.png","contentUrl":"https:\/\/pegasus-sportswear.de\/wp-content\/uploads\/2024\/10\/Black-Classic-Red.png","width":600,"height":600},{"@type":"BreadcrumbList","@id":"https:\/\/pegasus-sportswear.de\/es\/produkt\/gorra-de-rapero-snapback-de-5-paneles-en-contraste\/#breadcrumb","itemListElement":[{"@type":"ListItem","position":1,"name":"Startseite","item":"https:\/\/pegasus-sportswear.de\/es\/bienvenido-a-pegasus-sportswear\/"},{"@type":"ListItem","position":2,"name":"Tienda","item":"https:\/\/pegasus-sportswear.de\/es\/tienda\/"},{"@type":"ListItem","position":3,"name":"GORRA DE RAPERO SNAPBACK DE 5 PANELES EN CONTRASTE"}]},{"@type":"WebSite","@id":"https:\/\/pegasus-sportswear.de\/es\/#website","url":"https:\/\/pegasus-sportswear.de\/es\/","name":"Pegasus Sportswear","description":"","publisher":{"@id":"https:\/\/pegasus-sportswear.de\/es\/#organization"},"potentialAction":[{"@type":"SearchAction","target":{"@type":"EntryPoint","urlTemplate":"https:\/\/pegasus-sportswear.de\/es\/?s={search_term_string}"},"query-input":{"@type":"PropertyValueSpecification","valueRequired":true,"valueName":"search_term_string"}}],"inLanguage":"es"},{"@type":"Organization","@id":"https:\/\/pegasus-sportswear.de\/es\/#organization","name":"Pegasus Sportswear","url":"https:\/\/pegasus-sportswear.de\/es\/","logo":{"@type":"ImageObject","inLanguage":"es","@id":"https:\/\/pegasus-sportswear.de\/es\/#\/schema\/logo\/image\/","url":"https:\/\/pegasus-sportswear.de\/wp-content\/uploads\/2024\/03\/Signatur-Logo-neue-Schrift.jpg","contentUrl":"https:\/\/pegasus-sportswear.de\/wp-content\/uploads\/2024\/03\/Signatur-Logo-neue-Schrift.jpg","width":314,"height":152,"caption":"Pegasus Sportswear"},"image":{"@id":"https:\/\/pegasus-sportswear.de\/es\/#\/schema\/logo\/image\/"}}]}},"jetpack_sharing_enabled":true,"_links":{"self":[{"href":"https:\/\/pegasus-sportswear.de\/es\/wp-json\/wp\/v2\/product\/38270","targetHints":{"allow":["GET"]}}],"collection":[{"href":"https:\/\/pegasus-sportswear.de\/es\/wp-json\/wp\/v2\/product"}],"about":[{"href":"https:\/\/pegasus-sportswear.de\/es\/wp-json\/wp\/v2\/types\/product"}],"replies":[{"embeddable":true,"href":"https:\/\/pegasus-sportswear.de\/es\/wp-json\/wp\/v2\/comments?post=38270"}],"wp:featuredmedia":[{"embeddable":true,"href":"https:\/\/pegasus-sportswear.de\/es\/wp-json\/wp\/v2\/media\/38271"}],"wp:attachment":[{"href":"https:\/\/pegasus-sportswear.de\/es\/wp-json\/wp\/v2\/media?parent=38270"}],"wp:term":[{"taxonomy":"product_brand","embeddable":true,"href":"https:\/\/pegasus-sportswear.de\/es\/wp-json\/wp\/v2\/product_brand?post=38270"},{"taxonomy":"product_cat","embeddable":true,"href":"https:\/\/pegasus-sportswear.de\/es\/wp-json\/wp\/v2\/product_cat?post=38270"},{"taxonomy":"product_tag","embeddable":true,"href":"https:\/\/pegasus-sportswear.de\/es\/wp-json\/wp\/v2\/product_tag?post=38270"}],"curies":[{"name":"wp","href":"https:\/\/api.w.org\/{rel}","templated":true}]}}