{"id":38327,"date":"2025-01-29T13:10:33","date_gmt":"2025-01-29T12:10:33","guid":{"rendered":"https:\/\/pegasus-sportswear.de\/produkt\/chaqueta-softshell-kariban\/"},"modified":"2025-01-29T13:10:33","modified_gmt":"2025-01-29T12:10:33","slug":"chaqueta-softshell-kariban","status":"publish","type":"product","link":"https:\/\/pegasus-sportswear.de\/es\/produkt\/chaqueta-softshell-kariban\/","title":{"rendered":"Chaqueta Softshell Kariban"},"content":{"rendered":"<h5>CHAQUETA SOFTSHELL KARIBAN K401<\/h5>\n<p>Material: 95% poli\u00e9ster \/ 5% elastano<br \/>\nPeso del tejido: 300 g\/m\u00b2<\/p>\n<p><strong>Caracter\u00edsticas:<\/strong><\/p>\n<p>Forro polar compuesto de 3 capas. Tecnolog\u00eda de membrana: transpirable 3000 g\/m\u00b2\/24 h e impermeable 8000 mm.<br \/>\nMaterial exterior: 95% poli\u00e9ster 5% elastano<br \/>\nCapa intermedia: material transpirable<br \/>\nMaterial interior: microforro polar<br \/>\nCremallera de calidad completa<br \/>\n2 bolsillos delanteros con cremallera<br \/>\n1 bolsillo con cremallera en la manga izquierda.<\/p>\n<p><strong>Aqu\u00ed<\/strong> en nuestra <strong>STOCK COLLECTION<\/strong> la chaqueta est\u00e1 disponible en las siguientes opciones:<br \/>\n<strong>15 colores diferentes<\/strong><br \/>\n<strong>Tallas de la S a la 4XL (seg\u00fan el color)<br \/>\n<\/strong><strong>Impresi\u00f3n por transferencia \/ Logotipo en el pecho incluido en el precio<\/strong><br \/>\n<strong>Plazo de entrega incl. Tiempo de producci\u00f3n m\u00e1ximo 14 d\u00edas<\/strong><br \/>\n<strong>Cantidad m\u00ednima de pedido: 5 unidades<\/strong><\/p>\n<p>En esta \u00e1rea se puede elegir entre las siguientes opciones de decoraci\u00f3n:<\/p>\n<p>Bordado en plano o 3D (dependiendo del logotipo), en pecho, manga, espalda, etc.<br \/>\nLogotipos tejidos, cosidos<br \/>\nTiras de cuero grabadas con l\u00e1ser, cosidas<br \/>\nLogotipos de elast\u00f3mero, cosidos<br \/>\nSerigraf\u00eda<br \/>\nImpresi\u00f3n por transferencia<br \/>\nImpresi\u00f3n digital<\/p>\n<p><strong>\u00bfTe gusta el estilo? \u00a1Env\u00edanos tus colores y logotipos! <\/strong><br \/>\n<strong>\u00bfNo has encontrado lo que buscas en nuestra p\u00e1gina?<\/strong><br \/>\n<strong>\u00a1Ponte en contacto con nosotros!<\/strong><\/p>\n","protected":false},"excerpt":{"rendered":"<p>CHAQUETA SOFTSHELL KARIBAN K401 Material: 95% poli\u00e9ster \/ 5% elastano Peso del tejido: 300 g\/m\u00b2 Caracter\u00edsticas: Forro polar compuesto de 3 capas. Tecnolog\u00eda de membrana: transpirable 3000 g\/m\u00b2\/24 h e impermeable 8000 mm. Material exterior: 95% poli\u00e9ster 5% elastano Capa intermedia: material transpirable Material interior: microforro polar Cremallera de calidad completa 2 bolsillos delanteros con [&hellip;]<\/p>\n","protected":false},"featured_media":38403,"comment_status":"open","ping_status":"closed","template":"","meta":{"iawp_total_views":1},"product_brand":[],"product_cat":[1777,1755],"product_tag":[],"class_list":{"0":"post-38327","1":"product","2":"type-product","3":"status-publish","4":"has-post-thumbnail","6":"product_cat-chaquetas-softshell","7":"product_cat-stock-collection","9":"first","10":"instock","11":"taxable","12":"shipping-taxable","13":"purchasable","14":"product-type-variable","15":"product-type-zakeke","16":"product-type-external"},"yoast_head":"<!-- This site is optimized with the Yoast SEO plugin v27.1.1 - https:\/\/yoast.com\/product\/yoast-seo-wordpress\/ -->\n<title>Chaqueta Softshell Kariban - Pegasus Sportswear<\/title>\n<meta name=\"description\" content=\"Sudadera con capucha Stanley&amp;Stella Cruiser 2.0\" \/>\n<meta name=\"robots\" content=\"index, follow, max-snippet:-1, max-image-preview:large, max-video-preview:-1\" \/>\n<link rel=\"canonical\" href=\"https:\/\/pegasus-sportswear.de\/es\/produkt\/chaqueta-softshell-kariban\/\" \/>\n<meta property=\"og:locale\" content=\"es_ES\" \/>\n<meta property=\"og:type\" content=\"article\" \/>\n<meta property=\"og:title\" content=\"Chaqueta Softshell Kariban - Pegasus Sportswear\" \/>\n<meta property=\"og:description\" content=\"Sudadera con capucha Stanley&amp;Stella Cruiser 2.0\" \/>\n<meta property=\"og:url\" content=\"https:\/\/pegasus-sportswear.de\/es\/produkt\/chaqueta-softshell-kariban\/\" \/>\n<meta property=\"og:site_name\" content=\"Pegasus Sportswear\" \/>\n<meta property=\"og:image\" content=\"https:\/\/pegasus-sportswear.de\/wp-content\/uploads\/2025\/01\/Softshell-Aqua-Blue-Vorderseite-1.png\" \/>\n\t<meta property=\"og:image:width\" content=\"564\" \/>\n\t<meta property=\"og:image:height\" content=\"564\" \/>\n\t<meta property=\"og:image:type\" content=\"image\/png\" \/>\n<meta name=\"twitter:card\" content=\"summary_large_image\" \/>\n<meta name=\"twitter:label1\" content=\"Tiempo de lectura\" \/>\n\t<meta name=\"twitter:data1\" content=\"1 minuto\" \/>\n<script type=\"application\/ld+json\" class=\"yoast-schema-graph\">{\"@context\":\"https:\/\/schema.org\",\"@graph\":[{\"@type\":\"WebPage\",\"@id\":\"https:\/\/pegasus-sportswear.de\/es\/produkt\/chaqueta-softshell-kariban\/\",\"url\":\"https:\/\/pegasus-sportswear.de\/es\/produkt\/chaqueta-softshell-kariban\/\",\"name\":\"Chaqueta Softshell Kariban - Pegasus Sportswear\",\"isPartOf\":{\"@id\":\"https:\/\/pegasus-sportswear.de\/es\/#website\"},\"primaryImageOfPage\":{\"@id\":\"https:\/\/pegasus-sportswear.de\/es\/produkt\/chaqueta-softshell-kariban\/#primaryimage\"},\"image\":{\"@id\":\"https:\/\/pegasus-sportswear.de\/es\/produkt\/chaqueta-softshell-kariban\/#primaryimage\"},\"thumbnailUrl\":\"https:\/\/pegasus-sportswear.de\/wp-content\/uploads\/2025\/01\/Softshell-Aqua-Blue-Vorderseite-1.png\",\"datePublished\":\"2025-01-29T12:10:33+00:00\",\"description\":\"Sudadera con capucha Stanley&Stella Cruiser 2.0\",\"breadcrumb\":{\"@id\":\"https:\/\/pegasus-sportswear.de\/es\/produkt\/chaqueta-softshell-kariban\/#breadcrumb\"},\"inLanguage\":\"es\",\"potentialAction\":[{\"@type\":\"ReadAction\",\"target\":[\"https:\/\/pegasus-sportswear.de\/es\/produkt\/chaqueta-softshell-kariban\/\"]}]},{\"@type\":\"ImageObject\",\"inLanguage\":\"es\",\"@id\":\"https:\/\/pegasus-sportswear.de\/es\/produkt\/chaqueta-softshell-kariban\/#primaryimage\",\"url\":\"https:\/\/pegasus-sportswear.de\/wp-content\/uploads\/2025\/01\/Softshell-Aqua-Blue-Vorderseite-1.png\",\"contentUrl\":\"https:\/\/pegasus-sportswear.de\/wp-content\/uploads\/2025\/01\/Softshell-Aqua-Blue-Vorderseite-1.png\",\"width\":564,\"height\":564},{\"@type\":\"BreadcrumbList\",\"@id\":\"https:\/\/pegasus-sportswear.de\/es\/produkt\/chaqueta-softshell-kariban\/#breadcrumb\",\"itemListElement\":[{\"@type\":\"ListItem\",\"position\":1,\"name\":\"Startseite\",\"item\":\"https:\/\/pegasus-sportswear.de\/es\/bienvenido-a-pegasus-sportswear\/\"},{\"@type\":\"ListItem\",\"position\":2,\"name\":\"Tienda\",\"item\":\"https:\/\/pegasus-sportswear.de\/es\/tienda\/\"},{\"@type\":\"ListItem\",\"position\":3,\"name\":\"Chaqueta Softshell Kariban\"}]},{\"@type\":\"WebSite\",\"@id\":\"https:\/\/pegasus-sportswear.de\/es\/#website\",\"url\":\"https:\/\/pegasus-sportswear.de\/es\/\",\"name\":\"Pegasus Sportswear\",\"description\":\"\",\"publisher\":{\"@id\":\"https:\/\/pegasus-sportswear.de\/es\/#organization\"},\"potentialAction\":[{\"@type\":\"SearchAction\",\"target\":{\"@type\":\"EntryPoint\",\"urlTemplate\":\"https:\/\/pegasus-sportswear.de\/es\/?s={search_term_string}\"},\"query-input\":{\"@type\":\"PropertyValueSpecification\",\"valueRequired\":true,\"valueName\":\"search_term_string\"}}],\"inLanguage\":\"es\"},{\"@type\":\"Organization\",\"@id\":\"https:\/\/pegasus-sportswear.de\/es\/#organization\",\"name\":\"Pegasus Sportswear\",\"url\":\"https:\/\/pegasus-sportswear.de\/es\/\",\"logo\":{\"@type\":\"ImageObject\",\"inLanguage\":\"es\",\"@id\":\"https:\/\/pegasus-sportswear.de\/es\/#\/schema\/logo\/image\/\",\"url\":\"https:\/\/pegasus-sportswear.de\/wp-content\/uploads\/2024\/03\/Signatur-Logo-neue-Schrift.jpg\",\"contentUrl\":\"https:\/\/pegasus-sportswear.de\/wp-content\/uploads\/2024\/03\/Signatur-Logo-neue-Schrift.jpg\",\"width\":314,\"height\":152,\"caption\":\"Pegasus Sportswear\"},\"image\":{\"@id\":\"https:\/\/pegasus-sportswear.de\/es\/#\/schema\/logo\/image\/\"}}]}<\/script>\n<!-- \/ Yoast SEO plugin. -->","yoast_head_json":{"title":"Chaqueta Softshell Kariban - Pegasus Sportswear","description":"Sudadera con capucha Stanley&Stella Cruiser 2.0","robots":{"index":"index","follow":"follow","max-snippet":"max-snippet:-1","max-image-preview":"max-image-preview:large","max-video-preview":"max-video-preview:-1"},"canonical":"https:\/\/pegasus-sportswear.de\/es\/produkt\/chaqueta-softshell-kariban\/","og_locale":"es_ES","og_type":"article","og_title":"Chaqueta Softshell Kariban - Pegasus Sportswear","og_description":"Sudadera con capucha Stanley&Stella Cruiser 2.0","og_url":"https:\/\/pegasus-sportswear.de\/es\/produkt\/chaqueta-softshell-kariban\/","og_site_name":"Pegasus Sportswear","og_image":[{"width":564,"height":564,"url":"https:\/\/pegasus-sportswear.de\/wp-content\/uploads\/2025\/01\/Softshell-Aqua-Blue-Vorderseite-1.png","type":"image\/png"}],"twitter_card":"summary_large_image","twitter_misc":{"Tiempo de lectura":"1 minuto"},"schema":{"@context":"https:\/\/schema.org","@graph":[{"@type":"WebPage","@id":"https:\/\/pegasus-sportswear.de\/es\/produkt\/chaqueta-softshell-kariban\/","url":"https:\/\/pegasus-sportswear.de\/es\/produkt\/chaqueta-softshell-kariban\/","name":"Chaqueta Softshell Kariban - Pegasus Sportswear","isPartOf":{"@id":"https:\/\/pegasus-sportswear.de\/es\/#website"},"primaryImageOfPage":{"@id":"https:\/\/pegasus-sportswear.de\/es\/produkt\/chaqueta-softshell-kariban\/#primaryimage"},"image":{"@id":"https:\/\/pegasus-sportswear.de\/es\/produkt\/chaqueta-softshell-kariban\/#primaryimage"},"thumbnailUrl":"https:\/\/pegasus-sportswear.de\/wp-content\/uploads\/2025\/01\/Softshell-Aqua-Blue-Vorderseite-1.png","datePublished":"2025-01-29T12:10:33+00:00","description":"Sudadera con capucha Stanley&Stella Cruiser 2.0","breadcrumb":{"@id":"https:\/\/pegasus-sportswear.de\/es\/produkt\/chaqueta-softshell-kariban\/#breadcrumb"},"inLanguage":"es","potentialAction":[{"@type":"ReadAction","target":["https:\/\/pegasus-sportswear.de\/es\/produkt\/chaqueta-softshell-kariban\/"]}]},{"@type":"ImageObject","inLanguage":"es","@id":"https:\/\/pegasus-sportswear.de\/es\/produkt\/chaqueta-softshell-kariban\/#primaryimage","url":"https:\/\/pegasus-sportswear.de\/wp-content\/uploads\/2025\/01\/Softshell-Aqua-Blue-Vorderseite-1.png","contentUrl":"https:\/\/pegasus-sportswear.de\/wp-content\/uploads\/2025\/01\/Softshell-Aqua-Blue-Vorderseite-1.png","width":564,"height":564},{"@type":"BreadcrumbList","@id":"https:\/\/pegasus-sportswear.de\/es\/produkt\/chaqueta-softshell-kariban\/#breadcrumb","itemListElement":[{"@type":"ListItem","position":1,"name":"Startseite","item":"https:\/\/pegasus-sportswear.de\/es\/bienvenido-a-pegasus-sportswear\/"},{"@type":"ListItem","position":2,"name":"Tienda","item":"https:\/\/pegasus-sportswear.de\/es\/tienda\/"},{"@type":"ListItem","position":3,"name":"Chaqueta Softshell Kariban"}]},{"@type":"WebSite","@id":"https:\/\/pegasus-sportswear.de\/es\/#website","url":"https:\/\/pegasus-sportswear.de\/es\/","name":"Pegasus Sportswear","description":"","publisher":{"@id":"https:\/\/pegasus-sportswear.de\/es\/#organization"},"potentialAction":[{"@type":"SearchAction","target":{"@type":"EntryPoint","urlTemplate":"https:\/\/pegasus-sportswear.de\/es\/?s={search_term_string}"},"query-input":{"@type":"PropertyValueSpecification","valueRequired":true,"valueName":"search_term_string"}}],"inLanguage":"es"},{"@type":"Organization","@id":"https:\/\/pegasus-sportswear.de\/es\/#organization","name":"Pegasus Sportswear","url":"https:\/\/pegasus-sportswear.de\/es\/","logo":{"@type":"ImageObject","inLanguage":"es","@id":"https:\/\/pegasus-sportswear.de\/es\/#\/schema\/logo\/image\/","url":"https:\/\/pegasus-sportswear.de\/wp-content\/uploads\/2024\/03\/Signatur-Logo-neue-Schrift.jpg","contentUrl":"https:\/\/pegasus-sportswear.de\/wp-content\/uploads\/2024\/03\/Signatur-Logo-neue-Schrift.jpg","width":314,"height":152,"caption":"Pegasus Sportswear"},"image":{"@id":"https:\/\/pegasus-sportswear.de\/es\/#\/schema\/logo\/image\/"}}]}},"jetpack_sharing_enabled":true,"_links":{"self":[{"href":"https:\/\/pegasus-sportswear.de\/es\/wp-json\/wp\/v2\/product\/38327","targetHints":{"allow":["GET"]}}],"collection":[{"href":"https:\/\/pegasus-sportswear.de\/es\/wp-json\/wp\/v2\/product"}],"about":[{"href":"https:\/\/pegasus-sportswear.de\/es\/wp-json\/wp\/v2\/types\/product"}],"replies":[{"embeddable":true,"href":"https:\/\/pegasus-sportswear.de\/es\/wp-json\/wp\/v2\/comments?post=38327"}],"wp:featuredmedia":[{"embeddable":true,"href":"https:\/\/pegasus-sportswear.de\/es\/wp-json\/wp\/v2\/media\/38403"}],"wp:attachment":[{"href":"https:\/\/pegasus-sportswear.de\/es\/wp-json\/wp\/v2\/media?parent=38327"}],"wp:term":[{"taxonomy":"product_brand","embeddable":true,"href":"https:\/\/pegasus-sportswear.de\/es\/wp-json\/wp\/v2\/product_brand?post=38327"},{"taxonomy":"product_cat","embeddable":true,"href":"https:\/\/pegasus-sportswear.de\/es\/wp-json\/wp\/v2\/product_cat?post=38327"},{"taxonomy":"product_tag","embeddable":true,"href":"https:\/\/pegasus-sportswear.de\/es\/wp-json\/wp\/v2\/product_tag?post=38327"}],"curies":[{"name":"wp","href":"https:\/\/api.w.org\/{rel}","templated":true}]}}