{"id":41016,"date":"2024-03-30T08:41:17","date_gmt":"2024-03-30T07:41:17","guid":{"rendered":"https:\/\/pegasus-sportswear.de\/produkt\/sudadera-estilo-xyz4-custom-collection\/"},"modified":"2024-03-30T08:41:17","modified_gmt":"2024-03-30T07:41:17","slug":"sudadera-estilo-xyz4-custom-collection","status":"publish","type":"product","link":"https:\/\/pegasus-sportswear.de\/es\/produkt\/sudadera-estilo-xyz4-custom-collection\/","title":{"rendered":"Sudadera Estilo xyz4 CUSTOM COLLECTION"},"content":{"rendered":"<p><strong>Aqu\u00ed se han utilizado las siguientes opciones:<\/strong><\/p>\n<p>Sudadera con capucha tricolor de algod\u00f3n de 340 g\/m\u00b2<br \/>\nMangas estilo ragl\u00e1n<br \/>\nInserciones delanteras (blancas) hacia abajo con ribete en color de contraste (rojo)<br \/>\nCuello con ojales met\u00e1licos para el cord\u00f3n (redondo)<br \/>\nCapucha interior en color de contraste (gris)<br \/>\nCremalleras delanteras y en los bolsillos laterales en color de contraste (rojo)<br \/>\nTodas las piezas se fabrican por separado y se cosen entre s\u00ed<br \/>\nLogotipo bordado directamente en punto plano<\/p>\n<p>El precio de las sudaderas con y sin capucha depende de las opciones utilizadas.<br \/>\nEstaremos encantados de hacerle una oferta.<\/p>\n<p>B\u00e1sicamente, se pueden elegir las siguientes opciones:<\/p>\n<p>52 colores est\u00e1ndar diferentes o colores Pantone especiales<br \/>\nMaterial de algod\u00f3n de 280 o 340 g\/m\u00b2<br \/>\nCapucha, colores a elegir<br \/>\nVarios modelos de cuello<br \/>\nVarias cremalleras y cordones<br \/>\nRibete entre todas las partes<br \/>\nLas sudaderas con y sin capucha est\u00e1n disponibles en cortes para hombre\/unisex y para mujer<br \/>\nTallas XS-6XL, adem\u00e1s, las sudaderas con y sin capucha tambi\u00e9n est\u00e1n disponibles en versiones m\u00e1s largas o m\u00e1s cortas<\/p>\n<p>Los logotipos y las inscripciones est\u00e1n disponibles en las siguientes opciones:<\/p>\n<p>Bordado en plano o 3D (dependiendo del logotipo), en pecho, manga, espalda, etc.<br \/>\nLogotipos tejidos, cosidos<br \/>\nTiras de cuero grabadas con l\u00e1ser, cosidas<br \/>\nLogotipos de elast\u00f3mero, cosidos<br \/>\nSerigraf\u00eda<br \/>\nTransfer<br \/>\nImpresi\u00f3n digital<\/p>\n<p>\u00bfLe gusta el estilo? \u00a1Env\u00edenos sus colores y logotipos!<br \/>\n\u00bfNo ha encontrado lo que busca en nuestra p\u00e1gina?<br \/>\n\u00a1P\u00f3ngase en contacto con nosotros!<\/p>\n","protected":false},"excerpt":{"rendered":"<p>Aqu\u00ed se han utilizado las siguientes opciones: Sudadera con capucha tricolor de algod\u00f3n de 340 g\/m\u00b2 Mangas estilo ragl\u00e1n Inserciones delanteras (blancas) hacia abajo con ribete en color de contraste (rojo) Cuello con ojales met\u00e1licos para el cord\u00f3n (redondo) Capucha interior en color de contraste (gris) Cremalleras delanteras y en los bolsillos laterales en color [&hellip;]<\/p>\n","protected":false},"featured_media":41017,"comment_status":"open","ping_status":"closed","template":"","meta":{"iawp_total_views":0},"product_brand":[],"product_cat":[1757],"product_tag":[],"class_list":{"0":"post-41016","1":"product","2":"type-product","3":"status-publish","4":"has-post-thumbnail","6":"product_cat-sudaderas-con-capucha-y-sudaderas","8":"first","9":"instock","10":"taxable","11":"shipping-taxable","12":"product-type-simple"},"yoast_head":"<!-- This site is optimized with the Yoast SEO plugin v27.1.1 - https:\/\/yoast.com\/product\/yoast-seo-wordpress\/ -->\n<title>Sudadera Estilo xyz4 CUSTOM COLLECTION - Pegasus Sportswear<\/title>\n<meta name=\"description\" content=\"Sudadera Estilo xyz4\" \/>\n<meta name=\"robots\" content=\"index, follow, max-snippet:-1, max-image-preview:large, max-video-preview:-1\" \/>\n<link rel=\"canonical\" href=\"https:\/\/pegasus-sportswear.de\/es\/produkt\/sudadera-estilo-xyz4-custom-collection\/\" \/>\n<meta property=\"og:locale\" content=\"es_ES\" \/>\n<meta property=\"og:type\" content=\"article\" \/>\n<meta property=\"og:title\" content=\"Sudadera Estilo xyz4 CUSTOM COLLECTION - Pegasus Sportswear\" \/>\n<meta property=\"og:description\" content=\"Sudadera Estilo xyz4\" \/>\n<meta property=\"og:url\" content=\"https:\/\/pegasus-sportswear.de\/es\/produkt\/sudadera-estilo-xyz4-custom-collection\/\" \/>\n<meta property=\"og:site_name\" content=\"Pegasus Sportswear\" \/>\n<meta property=\"og:image\" content=\"https:\/\/pegasus-sportswear.de\/wp-content\/uploads\/2024\/03\/20170424_071626.jpg\" \/>\n\t<meta property=\"og:image:width\" content=\"1210\" \/>\n\t<meta property=\"og:image:height\" content=\"1600\" \/>\n\t<meta property=\"og:image:type\" content=\"image\/jpeg\" \/>\n<meta name=\"twitter:card\" content=\"summary_large_image\" \/>\n<meta name=\"twitter:label1\" content=\"Tiempo de lectura\" \/>\n\t<meta name=\"twitter:data1\" content=\"1 minuto\" \/>\n<script type=\"application\/ld+json\" class=\"yoast-schema-graph\">{\"@context\":\"https:\/\/schema.org\",\"@graph\":[{\"@type\":\"WebPage\",\"@id\":\"https:\/\/pegasus-sportswear.de\/es\/produkt\/sudadera-estilo-xyz4-custom-collection\/\",\"url\":\"https:\/\/pegasus-sportswear.de\/es\/produkt\/sudadera-estilo-xyz4-custom-collection\/\",\"name\":\"Sudadera Estilo xyz4 CUSTOM COLLECTION - Pegasus Sportswear\",\"isPartOf\":{\"@id\":\"https:\/\/pegasus-sportswear.de\/es\/#website\"},\"primaryImageOfPage\":{\"@id\":\"https:\/\/pegasus-sportswear.de\/es\/produkt\/sudadera-estilo-xyz4-custom-collection\/#primaryimage\"},\"image\":{\"@id\":\"https:\/\/pegasus-sportswear.de\/es\/produkt\/sudadera-estilo-xyz4-custom-collection\/#primaryimage\"},\"thumbnailUrl\":\"https:\/\/pegasus-sportswear.de\/wp-content\/uploads\/2024\/03\/20170424_071626.jpg\",\"datePublished\":\"2024-03-30T07:41:17+00:00\",\"description\":\"Sudadera Estilo xyz4\",\"breadcrumb\":{\"@id\":\"https:\/\/pegasus-sportswear.de\/es\/produkt\/sudadera-estilo-xyz4-custom-collection\/#breadcrumb\"},\"inLanguage\":\"es\",\"potentialAction\":[{\"@type\":\"ReadAction\",\"target\":[\"https:\/\/pegasus-sportswear.de\/es\/produkt\/sudadera-estilo-xyz4-custom-collection\/\"]}]},{\"@type\":\"ImageObject\",\"inLanguage\":\"es\",\"@id\":\"https:\/\/pegasus-sportswear.de\/es\/produkt\/sudadera-estilo-xyz4-custom-collection\/#primaryimage\",\"url\":\"https:\/\/pegasus-sportswear.de\/wp-content\/uploads\/2024\/03\/20170424_071626.jpg\",\"contentUrl\":\"https:\/\/pegasus-sportswear.de\/wp-content\/uploads\/2024\/03\/20170424_071626.jpg\",\"width\":1210,\"height\":1600},{\"@type\":\"BreadcrumbList\",\"@id\":\"https:\/\/pegasus-sportswear.de\/es\/produkt\/sudadera-estilo-xyz4-custom-collection\/#breadcrumb\",\"itemListElement\":[{\"@type\":\"ListItem\",\"position\":1,\"name\":\"Startseite\",\"item\":\"https:\/\/pegasus-sportswear.de\/es\/bienvenido-a-pegasus-sportswear\/\"},{\"@type\":\"ListItem\",\"position\":2,\"name\":\"Tienda\",\"item\":\"https:\/\/pegasus-sportswear.de\/es\/tienda\/\"},{\"@type\":\"ListItem\",\"position\":3,\"name\":\"Sudadera Estilo xyz4 CUSTOM COLLECTION\"}]},{\"@type\":\"WebSite\",\"@id\":\"https:\/\/pegasus-sportswear.de\/es\/#website\",\"url\":\"https:\/\/pegasus-sportswear.de\/es\/\",\"name\":\"Pegasus Sportswear\",\"description\":\"\",\"publisher\":{\"@id\":\"https:\/\/pegasus-sportswear.de\/es\/#organization\"},\"potentialAction\":[{\"@type\":\"SearchAction\",\"target\":{\"@type\":\"EntryPoint\",\"urlTemplate\":\"https:\/\/pegasus-sportswear.de\/es\/?s={search_term_string}\"},\"query-input\":{\"@type\":\"PropertyValueSpecification\",\"valueRequired\":true,\"valueName\":\"search_term_string\"}}],\"inLanguage\":\"es\"},{\"@type\":\"Organization\",\"@id\":\"https:\/\/pegasus-sportswear.de\/es\/#organization\",\"name\":\"Pegasus Sportswear\",\"url\":\"https:\/\/pegasus-sportswear.de\/es\/\",\"logo\":{\"@type\":\"ImageObject\",\"inLanguage\":\"es\",\"@id\":\"https:\/\/pegasus-sportswear.de\/es\/#\/schema\/logo\/image\/\",\"url\":\"https:\/\/pegasus-sportswear.de\/wp-content\/uploads\/2024\/03\/Signatur-Logo-neue-Schrift.jpg\",\"contentUrl\":\"https:\/\/pegasus-sportswear.de\/wp-content\/uploads\/2024\/03\/Signatur-Logo-neue-Schrift.jpg\",\"width\":314,\"height\":152,\"caption\":\"Pegasus Sportswear\"},\"image\":{\"@id\":\"https:\/\/pegasus-sportswear.de\/es\/#\/schema\/logo\/image\/\"}}]}<\/script>\n<!-- \/ Yoast SEO plugin. -->","yoast_head_json":{"title":"Sudadera Estilo xyz4 CUSTOM COLLECTION - Pegasus Sportswear","description":"Sudadera Estilo xyz4","robots":{"index":"index","follow":"follow","max-snippet":"max-snippet:-1","max-image-preview":"max-image-preview:large","max-video-preview":"max-video-preview:-1"},"canonical":"https:\/\/pegasus-sportswear.de\/es\/produkt\/sudadera-estilo-xyz4-custom-collection\/","og_locale":"es_ES","og_type":"article","og_title":"Sudadera Estilo xyz4 CUSTOM COLLECTION - Pegasus Sportswear","og_description":"Sudadera Estilo xyz4","og_url":"https:\/\/pegasus-sportswear.de\/es\/produkt\/sudadera-estilo-xyz4-custom-collection\/","og_site_name":"Pegasus Sportswear","og_image":[{"width":1210,"height":1600,"url":"https:\/\/pegasus-sportswear.de\/wp-content\/uploads\/2024\/03\/20170424_071626.jpg","type":"image\/jpeg"}],"twitter_card":"summary_large_image","twitter_misc":{"Tiempo de lectura":"1 minuto"},"schema":{"@context":"https:\/\/schema.org","@graph":[{"@type":"WebPage","@id":"https:\/\/pegasus-sportswear.de\/es\/produkt\/sudadera-estilo-xyz4-custom-collection\/","url":"https:\/\/pegasus-sportswear.de\/es\/produkt\/sudadera-estilo-xyz4-custom-collection\/","name":"Sudadera Estilo xyz4 CUSTOM COLLECTION - Pegasus Sportswear","isPartOf":{"@id":"https:\/\/pegasus-sportswear.de\/es\/#website"},"primaryImageOfPage":{"@id":"https:\/\/pegasus-sportswear.de\/es\/produkt\/sudadera-estilo-xyz4-custom-collection\/#primaryimage"},"image":{"@id":"https:\/\/pegasus-sportswear.de\/es\/produkt\/sudadera-estilo-xyz4-custom-collection\/#primaryimage"},"thumbnailUrl":"https:\/\/pegasus-sportswear.de\/wp-content\/uploads\/2024\/03\/20170424_071626.jpg","datePublished":"2024-03-30T07:41:17+00:00","description":"Sudadera Estilo xyz4","breadcrumb":{"@id":"https:\/\/pegasus-sportswear.de\/es\/produkt\/sudadera-estilo-xyz4-custom-collection\/#breadcrumb"},"inLanguage":"es","potentialAction":[{"@type":"ReadAction","target":["https:\/\/pegasus-sportswear.de\/es\/produkt\/sudadera-estilo-xyz4-custom-collection\/"]}]},{"@type":"ImageObject","inLanguage":"es","@id":"https:\/\/pegasus-sportswear.de\/es\/produkt\/sudadera-estilo-xyz4-custom-collection\/#primaryimage","url":"https:\/\/pegasus-sportswear.de\/wp-content\/uploads\/2024\/03\/20170424_071626.jpg","contentUrl":"https:\/\/pegasus-sportswear.de\/wp-content\/uploads\/2024\/03\/20170424_071626.jpg","width":1210,"height":1600},{"@type":"BreadcrumbList","@id":"https:\/\/pegasus-sportswear.de\/es\/produkt\/sudadera-estilo-xyz4-custom-collection\/#breadcrumb","itemListElement":[{"@type":"ListItem","position":1,"name":"Startseite","item":"https:\/\/pegasus-sportswear.de\/es\/bienvenido-a-pegasus-sportswear\/"},{"@type":"ListItem","position":2,"name":"Tienda","item":"https:\/\/pegasus-sportswear.de\/es\/tienda\/"},{"@type":"ListItem","position":3,"name":"Sudadera Estilo xyz4 CUSTOM COLLECTION"}]},{"@type":"WebSite","@id":"https:\/\/pegasus-sportswear.de\/es\/#website","url":"https:\/\/pegasus-sportswear.de\/es\/","name":"Pegasus Sportswear","description":"","publisher":{"@id":"https:\/\/pegasus-sportswear.de\/es\/#organization"},"potentialAction":[{"@type":"SearchAction","target":{"@type":"EntryPoint","urlTemplate":"https:\/\/pegasus-sportswear.de\/es\/?s={search_term_string}"},"query-input":{"@type":"PropertyValueSpecification","valueRequired":true,"valueName":"search_term_string"}}],"inLanguage":"es"},{"@type":"Organization","@id":"https:\/\/pegasus-sportswear.de\/es\/#organization","name":"Pegasus Sportswear","url":"https:\/\/pegasus-sportswear.de\/es\/","logo":{"@type":"ImageObject","inLanguage":"es","@id":"https:\/\/pegasus-sportswear.de\/es\/#\/schema\/logo\/image\/","url":"https:\/\/pegasus-sportswear.de\/wp-content\/uploads\/2024\/03\/Signatur-Logo-neue-Schrift.jpg","contentUrl":"https:\/\/pegasus-sportswear.de\/wp-content\/uploads\/2024\/03\/Signatur-Logo-neue-Schrift.jpg","width":314,"height":152,"caption":"Pegasus Sportswear"},"image":{"@id":"https:\/\/pegasus-sportswear.de\/es\/#\/schema\/logo\/image\/"}}]}},"jetpack_sharing_enabled":true,"_links":{"self":[{"href":"https:\/\/pegasus-sportswear.de\/es\/wp-json\/wp\/v2\/product\/41016","targetHints":{"allow":["GET"]}}],"collection":[{"href":"https:\/\/pegasus-sportswear.de\/es\/wp-json\/wp\/v2\/product"}],"about":[{"href":"https:\/\/pegasus-sportswear.de\/es\/wp-json\/wp\/v2\/types\/product"}],"replies":[{"embeddable":true,"href":"https:\/\/pegasus-sportswear.de\/es\/wp-json\/wp\/v2\/comments?post=41016"}],"wp:featuredmedia":[{"embeddable":true,"href":"https:\/\/pegasus-sportswear.de\/es\/wp-json\/wp\/v2\/media\/41017"}],"wp:attachment":[{"href":"https:\/\/pegasus-sportswear.de\/es\/wp-json\/wp\/v2\/media?parent=41016"}],"wp:term":[{"taxonomy":"product_brand","embeddable":true,"href":"https:\/\/pegasus-sportswear.de\/es\/wp-json\/wp\/v2\/product_brand?post=41016"},{"taxonomy":"product_cat","embeddable":true,"href":"https:\/\/pegasus-sportswear.de\/es\/wp-json\/wp\/v2\/product_cat?post=41016"},{"taxonomy":"product_tag","embeddable":true,"href":"https:\/\/pegasus-sportswear.de\/es\/wp-json\/wp\/v2\/product_tag?post=41016"}],"curies":[{"name":"wp","href":"https:\/\/api.w.org\/{rel}","templated":true}]}}