{"id":41035,"date":"2024-06-30T16:51:33","date_gmt":"2024-06-30T14:51:33","guid":{"rendered":"https:\/\/pegasus-sportswear.de\/produkt\/bc-camiseta-e190-stock-collection\/"},"modified":"2024-06-30T16:51:33","modified_gmt":"2024-06-30T14:51:33","slug":"bc-camiseta-e190-stock-collection","status":"publish","type":"product","link":"https:\/\/pegasus-sportswear.de\/es\/produkt\/bc-camiseta-e190-stock-collection\/","title":{"rendered":"B&amp;C Camiseta #E190 STOCK COLLECTION"},"content":{"rendered":"<h5><strong>B&amp;C #E190 \/ Camiseta de manga corta<\/strong><strong><\/strong><\/h5>\n<p>Est\u00e1 fabricada con el acreditado Single Jersey de alta calidad en 190 gramos, que B&amp;C lleva utilizando desde hace m\u00e1s de 20 a\u00f1os, y convence por su corte moderno y acampanado.<\/p>\n<p>Es perfecta para un look moderno y actual.<\/p>\n<p>Todos los modelos convencen por su tacto suave, su excelente comodidad de uso y una superficie de alta calidad para la impresi\u00f3n.<br \/>\nOtros puntos a favor son el corte moderno y la impresionante gama de 38 colores, todos disponibles como d\u00fao.<\/p>\n<p>Para el DUO perfecto, lo mejor es elegir el B&amp;C #E190 women.<\/p>\n<p>B&amp;C utiliza solo fibras 100 % sostenibles para todos sus productos a base de algod\u00f3n.<\/p>\n<h6><strong>Caracter\u00edsticas:<\/strong><\/h6>\n<p>Aqu\u00ed, en nuestra <strong>STOCK COLLECTION<\/strong>, la camiseta est\u00e1 disponible en las siguientes opciones: <\/p>\n<h6>38 colores<\/h6>\n<h6>Tallas de XS-5XL (seg\u00fan el color)<\/h6>\n<h6>Decoraci\u00f3n mediante impresi\u00f3n digital<\/h6>\n<p><strong>Tiempo de producci\u00f3n m\u00e1ximo de 3 semanas<\/strong><br \/>\n<strong>Cantidad m\u00ednima de pedido: 1 unidad<\/strong><\/p>\n<h6>Las siguientes opciones de decoraci\u00f3n est\u00e1n disponibles <strong>bajo pedido<\/strong>:<\/h6>\n<p>Bordado plano o 3D (dependiendo del logotipo), en pecho, manga, espalda, etc.<br \/>\nLogotipos tejidos, cosidos<br \/>\nTiras de cuero grabadas con l\u00e1ser, cosidas<br \/>\nLogotipos de elast\u00f3mero, cosidos<br \/>\nSerigraf\u00eda<br \/>\nImpresi\u00f3n por transferencia<\/p>\n<p><strong>Alternativamente<\/strong>, ofrecemos la camiseta en nuestra <strong>SPEED COLLECTION<\/strong>, donde est\u00e1n disponibles las siguientes opciones:<br \/>\n7 colores diferentes<br \/>\nTallas de la XS a la 3XL (seg\u00fan el color)<br \/>\nImpresi\u00f3n digital<br \/>\n<strong>Tiempo de producci\u00f3n m\u00e1ximo de 1 semana<\/strong><br \/>\n<strong>Pedidos a partir de 1 unidad disponibles<\/strong><\/p>\n<p><strong>\u00bfTe gusta el estilo? \u00a1Env\u00edanos tus colores y logotipos! <\/strong><br \/>\n<strong>\u00bfNo has encontrado lo que buscas en nuestra p\u00e1gina?<\/strong><br \/>\n<strong>\u00a1Ponte en contacto con nosotros!<\/strong><\/p>\n","protected":false},"excerpt":{"rendered":"<p>B&amp;C #E190 \/ Camiseta de manga corta Est\u00e1 fabricada con el acreditado Single Jersey de alta calidad en 190 gramos, que B&amp;C lleva utilizando desde hace m\u00e1s de 20 a\u00f1os, y convence por su corte moderno y acampanado. Es perfecta para un look moderno y actual. Todos los modelos convencen por su tacto suave, su [&hellip;]<\/p>\n","protected":false},"featured_media":41036,"comment_status":"open","ping_status":"closed","template":"","meta":{"iawp_total_views":0},"product_brand":[],"product_cat":[1764,1755],"product_tag":[],"class_list":{"0":"post-41035","1":"product","2":"type-product","3":"status-publish","4":"has-post-thumbnail","6":"product_cat-camisetas","7":"product_cat-stock-collection","9":"first","10":"instock","11":"taxable","12":"shipping-taxable","13":"purchasable","14":"product-type-variable","15":"product-type-zakeke","16":"product-type-external"},"yoast_head":"<!-- This site is optimized with the Yoast SEO plugin v27.1.1 - https:\/\/yoast.com\/product\/yoast-seo-wordpress\/ -->\n<title>B&amp;C Camiseta #E190 STOCK COLLECTION - Pegasus Sportswear<\/title>\n<meta name=\"description\" content=\"B&amp;C Camiseta #E190 STOCK COLLECTION\" \/>\n<meta name=\"robots\" content=\"index, follow, max-snippet:-1, max-image-preview:large, max-video-preview:-1\" \/>\n<link rel=\"canonical\" href=\"https:\/\/pegasus-sportswear.de\/es\/produkt\/bc-camiseta-e190-stock-collection\/\" \/>\n<meta property=\"og:locale\" content=\"es_ES\" \/>\n<meta property=\"og:type\" content=\"article\" \/>\n<meta property=\"og:title\" content=\"B&amp;C Camiseta #E190 STOCK COLLECTION - Pegasus Sportswear\" \/>\n<meta property=\"og:description\" content=\"B&amp;C Camiseta #E190 STOCK COLLECTION\" \/>\n<meta property=\"og:url\" content=\"https:\/\/pegasus-sportswear.de\/es\/produkt\/bc-camiseta-e190-stock-collection\/\" \/>\n<meta property=\"og:site_name\" content=\"Pegasus Sportswear\" \/>\n<meta property=\"og:image\" content=\"https:\/\/pegasus-sportswear.de\/wp-content\/uploads\/2024\/06\/tuc01-bc-perfect-pro.webp\" \/>\n\t<meta property=\"og:image:width\" content=\"1100\" \/>\n\t<meta property=\"og:image:height\" content=\"1100\" \/>\n\t<meta property=\"og:image:type\" content=\"image\/webp\" \/>\n<meta name=\"twitter:card\" content=\"summary_large_image\" \/>\n<meta name=\"twitter:label1\" content=\"Tiempo de lectura\" \/>\n\t<meta name=\"twitter:data1\" content=\"1 minuto\" \/>\n<script type=\"application\/ld+json\" class=\"yoast-schema-graph\">{\"@context\":\"https:\/\/schema.org\",\"@graph\":[{\"@type\":\"WebPage\",\"@id\":\"https:\/\/pegasus-sportswear.de\/es\/produkt\/bc-camiseta-e190-stock-collection\/\",\"url\":\"https:\/\/pegasus-sportswear.de\/es\/produkt\/bc-camiseta-e190-stock-collection\/\",\"name\":\"B&amp;C Camiseta #E190 STOCK COLLECTION - Pegasus Sportswear\",\"isPartOf\":{\"@id\":\"https:\/\/pegasus-sportswear.de\/es\/#website\"},\"primaryImageOfPage\":{\"@id\":\"https:\/\/pegasus-sportswear.de\/es\/produkt\/bc-camiseta-e190-stock-collection\/#primaryimage\"},\"image\":{\"@id\":\"https:\/\/pegasus-sportswear.de\/es\/produkt\/bc-camiseta-e190-stock-collection\/#primaryimage\"},\"thumbnailUrl\":\"https:\/\/pegasus-sportswear.de\/wp-content\/uploads\/2024\/06\/tuc01-bc-perfect-pro.webp\",\"datePublished\":\"2024-06-30T14:51:33+00:00\",\"description\":\"B&C Camiseta #E190 STOCK COLLECTION\",\"breadcrumb\":{\"@id\":\"https:\/\/pegasus-sportswear.de\/es\/produkt\/bc-camiseta-e190-stock-collection\/#breadcrumb\"},\"inLanguage\":\"es\",\"potentialAction\":[{\"@type\":\"ReadAction\",\"target\":[\"https:\/\/pegasus-sportswear.de\/es\/produkt\/bc-camiseta-e190-stock-collection\/\"]}]},{\"@type\":\"ImageObject\",\"inLanguage\":\"es\",\"@id\":\"https:\/\/pegasus-sportswear.de\/es\/produkt\/bc-camiseta-e190-stock-collection\/#primaryimage\",\"url\":\"https:\/\/pegasus-sportswear.de\/wp-content\/uploads\/2024\/06\/tuc01-bc-perfect-pro.webp\",\"contentUrl\":\"https:\/\/pegasus-sportswear.de\/wp-content\/uploads\/2024\/06\/tuc01-bc-perfect-pro.webp\",\"width\":1100,\"height\":1100},{\"@type\":\"BreadcrumbList\",\"@id\":\"https:\/\/pegasus-sportswear.de\/es\/produkt\/bc-camiseta-e190-stock-collection\/#breadcrumb\",\"itemListElement\":[{\"@type\":\"ListItem\",\"position\":1,\"name\":\"Startseite\",\"item\":\"https:\/\/pegasus-sportswear.de\/es\/bienvenido-a-pegasus-sportswear\/\"},{\"@type\":\"ListItem\",\"position\":2,\"name\":\"Tienda\",\"item\":\"https:\/\/pegasus-sportswear.de\/es\/tienda\/\"},{\"@type\":\"ListItem\",\"position\":3,\"name\":\"B&amp;C Camiseta #E190 STOCK COLLECTION\"}]},{\"@type\":\"WebSite\",\"@id\":\"https:\/\/pegasus-sportswear.de\/es\/#website\",\"url\":\"https:\/\/pegasus-sportswear.de\/es\/\",\"name\":\"Pegasus Sportswear\",\"description\":\"\",\"publisher\":{\"@id\":\"https:\/\/pegasus-sportswear.de\/es\/#organization\"},\"potentialAction\":[{\"@type\":\"SearchAction\",\"target\":{\"@type\":\"EntryPoint\",\"urlTemplate\":\"https:\/\/pegasus-sportswear.de\/es\/?s={search_term_string}\"},\"query-input\":{\"@type\":\"PropertyValueSpecification\",\"valueRequired\":true,\"valueName\":\"search_term_string\"}}],\"inLanguage\":\"es\"},{\"@type\":\"Organization\",\"@id\":\"https:\/\/pegasus-sportswear.de\/es\/#organization\",\"name\":\"Pegasus Sportswear\",\"url\":\"https:\/\/pegasus-sportswear.de\/es\/\",\"logo\":{\"@type\":\"ImageObject\",\"inLanguage\":\"es\",\"@id\":\"https:\/\/pegasus-sportswear.de\/es\/#\/schema\/logo\/image\/\",\"url\":\"https:\/\/pegasus-sportswear.de\/wp-content\/uploads\/2024\/03\/Signatur-Logo-neue-Schrift.jpg\",\"contentUrl\":\"https:\/\/pegasus-sportswear.de\/wp-content\/uploads\/2024\/03\/Signatur-Logo-neue-Schrift.jpg\",\"width\":314,\"height\":152,\"caption\":\"Pegasus Sportswear\"},\"image\":{\"@id\":\"https:\/\/pegasus-sportswear.de\/es\/#\/schema\/logo\/image\/\"}}]}<\/script>\n<!-- \/ Yoast SEO plugin. -->","yoast_head_json":{"title":"B&amp;C Camiseta #E190 STOCK COLLECTION - Pegasus Sportswear","description":"B&C Camiseta #E190 STOCK COLLECTION","robots":{"index":"index","follow":"follow","max-snippet":"max-snippet:-1","max-image-preview":"max-image-preview:large","max-video-preview":"max-video-preview:-1"},"canonical":"https:\/\/pegasus-sportswear.de\/es\/produkt\/bc-camiseta-e190-stock-collection\/","og_locale":"es_ES","og_type":"article","og_title":"B&amp;C Camiseta #E190 STOCK COLLECTION - Pegasus Sportswear","og_description":"B&C Camiseta #E190 STOCK COLLECTION","og_url":"https:\/\/pegasus-sportswear.de\/es\/produkt\/bc-camiseta-e190-stock-collection\/","og_site_name":"Pegasus Sportswear","og_image":[{"width":1100,"height":1100,"url":"https:\/\/pegasus-sportswear.de\/wp-content\/uploads\/2024\/06\/tuc01-bc-perfect-pro.webp","type":"image\/webp"}],"twitter_card":"summary_large_image","twitter_misc":{"Tiempo de lectura":"1 minuto"},"schema":{"@context":"https:\/\/schema.org","@graph":[{"@type":"WebPage","@id":"https:\/\/pegasus-sportswear.de\/es\/produkt\/bc-camiseta-e190-stock-collection\/","url":"https:\/\/pegasus-sportswear.de\/es\/produkt\/bc-camiseta-e190-stock-collection\/","name":"B&amp;C Camiseta #E190 STOCK COLLECTION - Pegasus Sportswear","isPartOf":{"@id":"https:\/\/pegasus-sportswear.de\/es\/#website"},"primaryImageOfPage":{"@id":"https:\/\/pegasus-sportswear.de\/es\/produkt\/bc-camiseta-e190-stock-collection\/#primaryimage"},"image":{"@id":"https:\/\/pegasus-sportswear.de\/es\/produkt\/bc-camiseta-e190-stock-collection\/#primaryimage"},"thumbnailUrl":"https:\/\/pegasus-sportswear.de\/wp-content\/uploads\/2024\/06\/tuc01-bc-perfect-pro.webp","datePublished":"2024-06-30T14:51:33+00:00","description":"B&C Camiseta #E190 STOCK COLLECTION","breadcrumb":{"@id":"https:\/\/pegasus-sportswear.de\/es\/produkt\/bc-camiseta-e190-stock-collection\/#breadcrumb"},"inLanguage":"es","potentialAction":[{"@type":"ReadAction","target":["https:\/\/pegasus-sportswear.de\/es\/produkt\/bc-camiseta-e190-stock-collection\/"]}]},{"@type":"ImageObject","inLanguage":"es","@id":"https:\/\/pegasus-sportswear.de\/es\/produkt\/bc-camiseta-e190-stock-collection\/#primaryimage","url":"https:\/\/pegasus-sportswear.de\/wp-content\/uploads\/2024\/06\/tuc01-bc-perfect-pro.webp","contentUrl":"https:\/\/pegasus-sportswear.de\/wp-content\/uploads\/2024\/06\/tuc01-bc-perfect-pro.webp","width":1100,"height":1100},{"@type":"BreadcrumbList","@id":"https:\/\/pegasus-sportswear.de\/es\/produkt\/bc-camiseta-e190-stock-collection\/#breadcrumb","itemListElement":[{"@type":"ListItem","position":1,"name":"Startseite","item":"https:\/\/pegasus-sportswear.de\/es\/bienvenido-a-pegasus-sportswear\/"},{"@type":"ListItem","position":2,"name":"Tienda","item":"https:\/\/pegasus-sportswear.de\/es\/tienda\/"},{"@type":"ListItem","position":3,"name":"B&amp;C Camiseta #E190 STOCK COLLECTION"}]},{"@type":"WebSite","@id":"https:\/\/pegasus-sportswear.de\/es\/#website","url":"https:\/\/pegasus-sportswear.de\/es\/","name":"Pegasus Sportswear","description":"","publisher":{"@id":"https:\/\/pegasus-sportswear.de\/es\/#organization"},"potentialAction":[{"@type":"SearchAction","target":{"@type":"EntryPoint","urlTemplate":"https:\/\/pegasus-sportswear.de\/es\/?s={search_term_string}"},"query-input":{"@type":"PropertyValueSpecification","valueRequired":true,"valueName":"search_term_string"}}],"inLanguage":"es"},{"@type":"Organization","@id":"https:\/\/pegasus-sportswear.de\/es\/#organization","name":"Pegasus Sportswear","url":"https:\/\/pegasus-sportswear.de\/es\/","logo":{"@type":"ImageObject","inLanguage":"es","@id":"https:\/\/pegasus-sportswear.de\/es\/#\/schema\/logo\/image\/","url":"https:\/\/pegasus-sportswear.de\/wp-content\/uploads\/2024\/03\/Signatur-Logo-neue-Schrift.jpg","contentUrl":"https:\/\/pegasus-sportswear.de\/wp-content\/uploads\/2024\/03\/Signatur-Logo-neue-Schrift.jpg","width":314,"height":152,"caption":"Pegasus Sportswear"},"image":{"@id":"https:\/\/pegasus-sportswear.de\/es\/#\/schema\/logo\/image\/"}}]}},"jetpack_sharing_enabled":true,"_links":{"self":[{"href":"https:\/\/pegasus-sportswear.de\/es\/wp-json\/wp\/v2\/product\/41035","targetHints":{"allow":["GET"]}}],"collection":[{"href":"https:\/\/pegasus-sportswear.de\/es\/wp-json\/wp\/v2\/product"}],"about":[{"href":"https:\/\/pegasus-sportswear.de\/es\/wp-json\/wp\/v2\/types\/product"}],"replies":[{"embeddable":true,"href":"https:\/\/pegasus-sportswear.de\/es\/wp-json\/wp\/v2\/comments?post=41035"}],"wp:featuredmedia":[{"embeddable":true,"href":"https:\/\/pegasus-sportswear.de\/es\/wp-json\/wp\/v2\/media\/41036"}],"wp:attachment":[{"href":"https:\/\/pegasus-sportswear.de\/es\/wp-json\/wp\/v2\/media?parent=41035"}],"wp:term":[{"taxonomy":"product_brand","embeddable":true,"href":"https:\/\/pegasus-sportswear.de\/es\/wp-json\/wp\/v2\/product_brand?post=41035"},{"taxonomy":"product_cat","embeddable":true,"href":"https:\/\/pegasus-sportswear.de\/es\/wp-json\/wp\/v2\/product_cat?post=41035"},{"taxonomy":"product_tag","embeddable":true,"href":"https:\/\/pegasus-sportswear.de\/es\/wp-json\/wp\/v2\/product_tag?post=41035"}],"curies":[{"name":"wp","href":"https:\/\/api.w.org\/{rel}","templated":true}]}}