{"id":41285,"date":"2024-05-01T18:06:12","date_gmt":"2024-05-01T16:06:12","guid":{"rendered":"https:\/\/pegasus-sportswear.de\/produkt\/chaqueta-universitaria-mangas-de-lana\/"},"modified":"2024-05-01T18:06:12","modified_gmt":"2024-05-01T16:06:12","slug":"chaqueta-universitaria-mangas-de-lana","status":"publish","type":"product","link":"https:\/\/pegasus-sportswear.de\/es\/produkt\/chaqueta-universitaria-mangas-de-lana\/","title":{"rendered":"Chaqueta universitaria mangas de lana"},"content":{"rendered":"<h6>Cada una de nuestras chaquetas se fabrica especialmente a petici\u00f3n del cliente.<\/h6>\n<p><strong>B\u00e1sicamente, se pueden elegir las siguientes opciones:<\/strong><\/p>\n<p>Mangas de lana Melton, cuero vacuno o vinilo<br \/>\nMangas en estilo set-in o estilo ragl\u00e1n<br \/>\nLana Melton para el cuerpo y las mangas: 34 colores diferentes<br \/>\nCuero para mangas, cuello abatible, ribetes de los bolsillos: 21 colores diferentes<br \/>\nVinilo para mangas, cuello abatible, ribetes de los bolsillos: 13 colores diferentes<br \/>\nBotones: 13 colores diferentes a elegir<br \/>\nMangas estilo ragl\u00e1n posiblesDiversas formas de cuello (cuello de punto, cuello abatible, capucha con y sin cremallera)<br \/>\nPara el cuello de punto, los pu\u00f1os y los bajos hay 8 patrones diferentes para elegir<br \/>\nCremallera en lugar de botones<br \/>\nTallas XS-6XL, adem\u00e1s, las chaquetas tambi\u00e9n est\u00e1n disponibles m\u00e1s largas o m\u00e1s cortas<\/p>\n<p><strong>Los logotipos y las inscripciones est\u00e1n disponibles en las siguientes opciones:<\/strong><\/p>\n<p>Bordado en plano o 3D (dependiendo del logotipo), en el pecho, las mangas, la espalda, etc.<br \/>\nLogotipos de chenilla<br \/>\nLogotipos tejidos, cosidos<br \/>\nTiras de cuero grabadas con l\u00e1ser, cosidas<br \/>\nLogotipos de elast\u00f3mero, cosidos<br \/>\nSerigraf\u00eda<br \/>\nImpresi\u00f3n por transferencia<br \/>\nImpresi\u00f3n digital<\/p>\n<p><strong>En la chaqueta mostrada se han utilizado las siguientes opciones:<\/strong><\/p>\n<p>Lana Melton \/ zona del cuerpo<br \/>\nMangas de lana Melton en estilo set-in<br \/>\nRibete de los bolsillos en cuero \/ color deseado<br \/>\nCuello y pu\u00f1os en patr\u00f3n de 3 colores<br \/>\nBotones en color de contraste<br \/>\nLogotipos en bordado plano en la parte trasera, bordado en la parte delantera derecha y monograma en la izquierda<br \/>\nManga izquierda y derecha con aplicaci\u00f3n<\/p>\n<p><strong>\u00bfTe gusta el estilo? \u00a1Dise\u00f1a tu propia chaqueta con nuestro configurador 3D! <\/strong><br \/>\n<strong>\u00bfNo has encontrado lo que buscas en nuestra p\u00e1gina?<\/strong><br \/>\n<strong>\u00a1Ponte en contacto con nosotros!<\/strong><\/p>\n","protected":false},"excerpt":{"rendered":"<p>Cada una de nuestras chaquetas se fabrica especialmente a petici\u00f3n del cliente. B\u00e1sicamente, se pueden elegir las siguientes opciones: Mangas de lana Melton, cuero vacuno o vinilo Mangas en estilo set-in o estilo ragl\u00e1n Lana Melton para el cuerpo y las mangas: 34 colores diferentes Cuero para mangas, cuello abatible, ribetes de los bolsillos: 21 [&hellip;]<\/p>\n","protected":false},"featured_media":59859,"comment_status":"open","ping_status":"closed","template":"","meta":{"iawp_total_views":0},"product_brand":[],"product_cat":[1920],"product_tag":[],"class_list":{"0":"post-41285","1":"product","2":"type-product","3":"status-publish","4":"has-post-thumbnail","6":"product_cat-chaquetas-universitarias","8":"first","9":"instock","10":"featured","11":"taxable","12":"shipping-taxable","13":"purchasable","14":"product-type-simple","15":"product-type-zakeke","16":"product-type-external"},"yoast_head":"<!-- This site is optimized with the Yoast SEO plugin v27.1.1 - https:\/\/yoast.com\/product\/yoast-seo-wordpress\/ -->\n<title>Chaqueta universitaria mangas de lana - Pegasus Sportswear<\/title>\n<meta name=\"description\" content=\"Chaqueta universitaria mangas de lana\" \/>\n<meta name=\"robots\" content=\"index, follow, max-snippet:-1, max-image-preview:large, max-video-preview:-1\" \/>\n<link rel=\"canonical\" href=\"https:\/\/pegasus-sportswear.de\/es\/produkt\/chaqueta-universitaria-mangas-de-lana\/\" \/>\n<meta property=\"og:locale\" content=\"es_ES\" \/>\n<meta property=\"og:type\" content=\"article\" \/>\n<meta property=\"og:title\" content=\"Chaqueta universitaria mangas de lana - Pegasus Sportswear\" \/>\n<meta property=\"og:description\" content=\"Chaqueta universitaria mangas de lana\" \/>\n<meta property=\"og:url\" content=\"https:\/\/pegasus-sportswear.de\/es\/produkt\/chaqueta-universitaria-mangas-de-lana\/\" \/>\n<meta property=\"og:site_name\" content=\"Pegasus Sportswear\" \/>\n<meta property=\"og:image\" content=\"https:\/\/pegasus-sportswear.de\/wp-content\/uploads\/2024\/05\/Screenshot_20211115-170502_WhatsApp.jpg\" \/>\n\t<meta property=\"og:image:width\" content=\"840\" \/>\n\t<meta property=\"og:image:height\" content=\"632\" \/>\n\t<meta property=\"og:image:type\" content=\"image\/jpeg\" \/>\n<meta name=\"twitter:card\" content=\"summary_large_image\" \/>\n<meta name=\"twitter:label1\" content=\"Tiempo de lectura\" \/>\n\t<meta name=\"twitter:data1\" content=\"1 minuto\" \/>\n<script type=\"application\/ld+json\" class=\"yoast-schema-graph\">{\"@context\":\"https:\/\/schema.org\",\"@graph\":[{\"@type\":\"WebPage\",\"@id\":\"https:\/\/pegasus-sportswear.de\/es\/produkt\/chaqueta-universitaria-mangas-de-lana\/\",\"url\":\"https:\/\/pegasus-sportswear.de\/es\/produkt\/chaqueta-universitaria-mangas-de-lana\/\",\"name\":\"Chaqueta universitaria mangas de lana - Pegasus Sportswear\",\"isPartOf\":{\"@id\":\"https:\/\/pegasus-sportswear.de\/es\/#website\"},\"primaryImageOfPage\":{\"@id\":\"https:\/\/pegasus-sportswear.de\/es\/produkt\/chaqueta-universitaria-mangas-de-lana\/#primaryimage\"},\"image\":{\"@id\":\"https:\/\/pegasus-sportswear.de\/es\/produkt\/chaqueta-universitaria-mangas-de-lana\/#primaryimage\"},\"thumbnailUrl\":\"https:\/\/pegasus-sportswear.de\/wp-content\/uploads\/2024\/05\/Wolle-Wolle-Front.png\",\"datePublished\":\"2024-05-01T16:06:12+00:00\",\"description\":\"Chaqueta universitaria mangas de lana\",\"breadcrumb\":{\"@id\":\"https:\/\/pegasus-sportswear.de\/es\/produkt\/chaqueta-universitaria-mangas-de-lana\/#breadcrumb\"},\"inLanguage\":\"es\",\"potentialAction\":[{\"@type\":\"ReadAction\",\"target\":[\"https:\/\/pegasus-sportswear.de\/es\/produkt\/chaqueta-universitaria-mangas-de-lana\/\"]}]},{\"@type\":\"ImageObject\",\"inLanguage\":\"es\",\"@id\":\"https:\/\/pegasus-sportswear.de\/es\/produkt\/chaqueta-universitaria-mangas-de-lana\/#primaryimage\",\"url\":\"https:\/\/pegasus-sportswear.de\/wp-content\/uploads\/2024\/05\/Wolle-Wolle-Front.png\",\"contentUrl\":\"https:\/\/pegasus-sportswear.de\/wp-content\/uploads\/2024\/05\/Wolle-Wolle-Front.png\",\"width\":565,\"height\":837},{\"@type\":\"BreadcrumbList\",\"@id\":\"https:\/\/pegasus-sportswear.de\/es\/produkt\/chaqueta-universitaria-mangas-de-lana\/#breadcrumb\",\"itemListElement\":[{\"@type\":\"ListItem\",\"position\":1,\"name\":\"Startseite\",\"item\":\"https:\/\/pegasus-sportswear.de\/es\/bienvenido-a-pegasus-sportswear\/\"},{\"@type\":\"ListItem\",\"position\":2,\"name\":\"Tienda\",\"item\":\"https:\/\/pegasus-sportswear.de\/es\/tienda\/\"},{\"@type\":\"ListItem\",\"position\":3,\"name\":\"Chaqueta universitaria mangas de lana\"}]},{\"@type\":\"WebSite\",\"@id\":\"https:\/\/pegasus-sportswear.de\/es\/#website\",\"url\":\"https:\/\/pegasus-sportswear.de\/es\/\",\"name\":\"Pegasus Sportswear\",\"description\":\"\",\"publisher\":{\"@id\":\"https:\/\/pegasus-sportswear.de\/es\/#organization\"},\"potentialAction\":[{\"@type\":\"SearchAction\",\"target\":{\"@type\":\"EntryPoint\",\"urlTemplate\":\"https:\/\/pegasus-sportswear.de\/es\/?s={search_term_string}\"},\"query-input\":{\"@type\":\"PropertyValueSpecification\",\"valueRequired\":true,\"valueName\":\"search_term_string\"}}],\"inLanguage\":\"es\"},{\"@type\":\"Organization\",\"@id\":\"https:\/\/pegasus-sportswear.de\/es\/#organization\",\"name\":\"Pegasus Sportswear\",\"url\":\"https:\/\/pegasus-sportswear.de\/es\/\",\"logo\":{\"@type\":\"ImageObject\",\"inLanguage\":\"es\",\"@id\":\"https:\/\/pegasus-sportswear.de\/es\/#\/schema\/logo\/image\/\",\"url\":\"https:\/\/pegasus-sportswear.de\/wp-content\/uploads\/2024\/03\/Signatur-Logo-neue-Schrift.jpg\",\"contentUrl\":\"https:\/\/pegasus-sportswear.de\/wp-content\/uploads\/2024\/03\/Signatur-Logo-neue-Schrift.jpg\",\"width\":314,\"height\":152,\"caption\":\"Pegasus Sportswear\"},\"image\":{\"@id\":\"https:\/\/pegasus-sportswear.de\/es\/#\/schema\/logo\/image\/\"}}]}<\/script>\n<!-- \/ Yoast SEO plugin. -->","yoast_head_json":{"title":"Chaqueta universitaria mangas de lana - Pegasus Sportswear","description":"Chaqueta universitaria mangas de lana","robots":{"index":"index","follow":"follow","max-snippet":"max-snippet:-1","max-image-preview":"max-image-preview:large","max-video-preview":"max-video-preview:-1"},"canonical":"https:\/\/pegasus-sportswear.de\/es\/produkt\/chaqueta-universitaria-mangas-de-lana\/","og_locale":"es_ES","og_type":"article","og_title":"Chaqueta universitaria mangas de lana - Pegasus Sportswear","og_description":"Chaqueta universitaria mangas de lana","og_url":"https:\/\/pegasus-sportswear.de\/es\/produkt\/chaqueta-universitaria-mangas-de-lana\/","og_site_name":"Pegasus Sportswear","og_image":[{"width":840,"height":632,"url":"https:\/\/pegasus-sportswear.de\/wp-content\/uploads\/2024\/05\/Screenshot_20211115-170502_WhatsApp.jpg","type":"image\/jpeg"}],"twitter_card":"summary_large_image","twitter_misc":{"Tiempo de lectura":"1 minuto"},"schema":{"@context":"https:\/\/schema.org","@graph":[{"@type":"WebPage","@id":"https:\/\/pegasus-sportswear.de\/es\/produkt\/chaqueta-universitaria-mangas-de-lana\/","url":"https:\/\/pegasus-sportswear.de\/es\/produkt\/chaqueta-universitaria-mangas-de-lana\/","name":"Chaqueta universitaria mangas de lana - Pegasus Sportswear","isPartOf":{"@id":"https:\/\/pegasus-sportswear.de\/es\/#website"},"primaryImageOfPage":{"@id":"https:\/\/pegasus-sportswear.de\/es\/produkt\/chaqueta-universitaria-mangas-de-lana\/#primaryimage"},"image":{"@id":"https:\/\/pegasus-sportswear.de\/es\/produkt\/chaqueta-universitaria-mangas-de-lana\/#primaryimage"},"thumbnailUrl":"https:\/\/pegasus-sportswear.de\/wp-content\/uploads\/2024\/05\/Wolle-Wolle-Front.png","datePublished":"2024-05-01T16:06:12+00:00","description":"Chaqueta universitaria mangas de lana","breadcrumb":{"@id":"https:\/\/pegasus-sportswear.de\/es\/produkt\/chaqueta-universitaria-mangas-de-lana\/#breadcrumb"},"inLanguage":"es","potentialAction":[{"@type":"ReadAction","target":["https:\/\/pegasus-sportswear.de\/es\/produkt\/chaqueta-universitaria-mangas-de-lana\/"]}]},{"@type":"ImageObject","inLanguage":"es","@id":"https:\/\/pegasus-sportswear.de\/es\/produkt\/chaqueta-universitaria-mangas-de-lana\/#primaryimage","url":"https:\/\/pegasus-sportswear.de\/wp-content\/uploads\/2024\/05\/Wolle-Wolle-Front.png","contentUrl":"https:\/\/pegasus-sportswear.de\/wp-content\/uploads\/2024\/05\/Wolle-Wolle-Front.png","width":565,"height":837},{"@type":"BreadcrumbList","@id":"https:\/\/pegasus-sportswear.de\/es\/produkt\/chaqueta-universitaria-mangas-de-lana\/#breadcrumb","itemListElement":[{"@type":"ListItem","position":1,"name":"Startseite","item":"https:\/\/pegasus-sportswear.de\/es\/bienvenido-a-pegasus-sportswear\/"},{"@type":"ListItem","position":2,"name":"Tienda","item":"https:\/\/pegasus-sportswear.de\/es\/tienda\/"},{"@type":"ListItem","position":3,"name":"Chaqueta universitaria mangas de lana"}]},{"@type":"WebSite","@id":"https:\/\/pegasus-sportswear.de\/es\/#website","url":"https:\/\/pegasus-sportswear.de\/es\/","name":"Pegasus Sportswear","description":"","publisher":{"@id":"https:\/\/pegasus-sportswear.de\/es\/#organization"},"potentialAction":[{"@type":"SearchAction","target":{"@type":"EntryPoint","urlTemplate":"https:\/\/pegasus-sportswear.de\/es\/?s={search_term_string}"},"query-input":{"@type":"PropertyValueSpecification","valueRequired":true,"valueName":"search_term_string"}}],"inLanguage":"es"},{"@type":"Organization","@id":"https:\/\/pegasus-sportswear.de\/es\/#organization","name":"Pegasus Sportswear","url":"https:\/\/pegasus-sportswear.de\/es\/","logo":{"@type":"ImageObject","inLanguage":"es","@id":"https:\/\/pegasus-sportswear.de\/es\/#\/schema\/logo\/image\/","url":"https:\/\/pegasus-sportswear.de\/wp-content\/uploads\/2024\/03\/Signatur-Logo-neue-Schrift.jpg","contentUrl":"https:\/\/pegasus-sportswear.de\/wp-content\/uploads\/2024\/03\/Signatur-Logo-neue-Schrift.jpg","width":314,"height":152,"caption":"Pegasus Sportswear"},"image":{"@id":"https:\/\/pegasus-sportswear.de\/es\/#\/schema\/logo\/image\/"}}]}},"jetpack_sharing_enabled":true,"_links":{"self":[{"href":"https:\/\/pegasus-sportswear.de\/es\/wp-json\/wp\/v2\/product\/41285","targetHints":{"allow":["GET"]}}],"collection":[{"href":"https:\/\/pegasus-sportswear.de\/es\/wp-json\/wp\/v2\/product"}],"about":[{"href":"https:\/\/pegasus-sportswear.de\/es\/wp-json\/wp\/v2\/types\/product"}],"replies":[{"embeddable":true,"href":"https:\/\/pegasus-sportswear.de\/es\/wp-json\/wp\/v2\/comments?post=41285"}],"wp:featuredmedia":[{"embeddable":true,"href":"https:\/\/pegasus-sportswear.de\/es\/wp-json\/wp\/v2\/media\/59859"}],"wp:attachment":[{"href":"https:\/\/pegasus-sportswear.de\/es\/wp-json\/wp\/v2\/media?parent=41285"}],"wp:term":[{"taxonomy":"product_brand","embeddable":true,"href":"https:\/\/pegasus-sportswear.de\/es\/wp-json\/wp\/v2\/product_brand?post=41285"},{"taxonomy":"product_cat","embeddable":true,"href":"https:\/\/pegasus-sportswear.de\/es\/wp-json\/wp\/v2\/product_cat?post=41285"},{"taxonomy":"product_tag","embeddable":true,"href":"https:\/\/pegasus-sportswear.de\/es\/wp-json\/wp\/v2\/product_tag?post=41285"}],"curies":[{"name":"wp","href":"https:\/\/api.w.org\/{rel}","templated":true}]}}