{"id":41619,"date":"2024-03-14T14:13:00","date_gmt":"2024-03-14T13:13:00","guid":{"rendered":"https:\/\/pegasus-sportswear.de\/produkt\/superposicion-de-camiseta-coleccion-personalizada\/"},"modified":"2024-03-14T14:13:00","modified_gmt":"2024-03-14T13:13:00","slug":"superposicion-de-camiseta-coleccion-personalizada","status":"publish","type":"product","link":"https:\/\/pegasus-sportswear.de\/es\/produkt\/superposicion-de-camiseta-coleccion-personalizada\/","title":{"rendered":"Superposici\u00f3n de camiseta COLECCI\u00d3N PERSONALIZADA"},"content":{"rendered":"<p><strong>Todas nuestras camisetas se fabrican especialmente a petici\u00f3n del cliente, \u00a1as\u00ed que NO son productos en masa!<\/strong><br \/>\nPuedes elegir entre las siguientes opciones:<br \/>\nTUS propios dise\u00f1os O M\u00c1S DE 50 modelos diferentes<br \/>\nHilos te\u00f1idos especialmente seg\u00fan TUS deseos (todos los colores PANTONE son posibles) O 75 colores est\u00e1ndar diferentes<br \/>\nElecci\u00f3n del material: -Algod\u00f3n en 155 \/ 180 \/ 210 gramos -COOLMAX (colores ver \u00abPolos COOLMAX\u00bb)<br \/>\nSi se desea, las camisetas tambi\u00e9n se pueden fabricar m\u00e1s largas, m\u00e1s cortas, m\u00e1s grandes o m\u00e1s peque\u00f1as<br \/>\nLos logotipos y las inscripciones se pueden colocar en la camiseta con las siguientes t\u00e9cnicas:<br \/>\nBordado directo<br \/>\nSerigraf\u00eda<br \/>\nImpresi\u00f3n digital<br \/>\nTransfer<br \/>\nLogotipos fabricados con elast\u00f3mero y luego cosidos<br \/>\nGrabado con l\u00e1ser en insignias de cuero y cosido<br \/>\nPlazo de entrega de 4 a 6 semanas a partir de la aprobaci\u00f3n del pedido<br \/>\nCantidad m\u00ednima de pedido: 50 unidades<br \/>\nPrecio seg\u00fan el modelo y las opciones que elijas: a partir de 12 euros<br \/>\nElige entre estos colores est\u00e1ndar o, bajo petici\u00f3n especial, cualquier color PANTONE:<\/p>\n","protected":false},"excerpt":{"rendered":"<p>Todas nuestras camisetas se fabrican especialmente a petici\u00f3n del cliente, \u00a1as\u00ed que NO son productos en masa! Puedes elegir entre las siguientes opciones: TUS propios dise\u00f1os O M\u00c1S DE 50 modelos diferentes Hilos te\u00f1idos especialmente seg\u00fan TUS deseos (todos los colores PANTONE son posibles) O 75 colores est\u00e1ndar diferentes Elecci\u00f3n del material: -Algod\u00f3n en 155 [&hellip;]<\/p>\n","protected":false},"featured_media":41630,"comment_status":"open","ping_status":"closed","template":"","meta":{"iawp_total_views":0},"product_brand":[],"product_cat":[1764],"product_tag":[],"class_list":{"0":"post-41619","1":"product","2":"type-product","3":"status-publish","4":"has-post-thumbnail","6":"product_cat-camisetas","8":"first","9":"instock","10":"taxable","11":"shipping-taxable","12":"product-type-simple"},"yoast_head":"<!-- This site is optimized with the Yoast SEO plugin v27.1.1 - https:\/\/yoast.com\/product\/yoast-seo-wordpress\/ -->\n<title>Superposici\u00f3n de camiseta COLECCI\u00d3N PERSONALIZADA - Pegasus Sportswear<\/title>\n<meta name=\"description\" content=\"Superposici\u00f3n de camiseta\" \/>\n<meta name=\"robots\" content=\"index, follow, max-snippet:-1, max-image-preview:large, max-video-preview:-1\" \/>\n<link rel=\"canonical\" href=\"https:\/\/pegasus-sportswear.de\/es\/produkt\/superposicion-de-camiseta-coleccion-personalizada\/\" \/>\n<meta property=\"og:locale\" content=\"es_ES\" \/>\n<meta property=\"og:type\" content=\"article\" \/>\n<meta property=\"og:title\" content=\"Superposici\u00f3n de camiseta COLECCI\u00d3N PERSONALIZADA - Pegasus Sportswear\" \/>\n<meta property=\"og:description\" content=\"Superposici\u00f3n de camiseta\" \/>\n<meta property=\"og:url\" content=\"https:\/\/pegasus-sportswear.de\/es\/produkt\/superposicion-de-camiseta-coleccion-personalizada\/\" \/>\n<meta property=\"og:site_name\" content=\"Pegasus Sportswear\" \/>\n<meta property=\"og:image\" content=\"https:\/\/pegasus-sportswear.de\/wp-content\/uploads\/2024\/03\/IMG_1923-1-scaled.jpg\" \/>\n\t<meta property=\"og:image:width\" content=\"1600\" \/>\n\t<meta property=\"og:image:height\" content=\"1328\" \/>\n\t<meta property=\"og:image:type\" content=\"image\/jpeg\" \/>\n<meta name=\"twitter:card\" content=\"summary_large_image\" \/>\n<meta name=\"twitter:label1\" content=\"Tiempo de lectura\" \/>\n\t<meta name=\"twitter:data1\" content=\"1 minuto\" \/>\n<script type=\"application\/ld+json\" class=\"yoast-schema-graph\">{\"@context\":\"https:\/\/schema.org\",\"@graph\":[{\"@type\":\"WebPage\",\"@id\":\"https:\/\/pegasus-sportswear.de\/es\/produkt\/superposicion-de-camiseta-coleccion-personalizada\/\",\"url\":\"https:\/\/pegasus-sportswear.de\/es\/produkt\/superposicion-de-camiseta-coleccion-personalizada\/\",\"name\":\"Superposici\u00f3n de camiseta COLECCI\u00d3N PERSONALIZADA - Pegasus Sportswear\",\"isPartOf\":{\"@id\":\"https:\/\/pegasus-sportswear.de\/es\/#website\"},\"primaryImageOfPage\":{\"@id\":\"https:\/\/pegasus-sportswear.de\/es\/produkt\/superposicion-de-camiseta-coleccion-personalizada\/#primaryimage\"},\"image\":{\"@id\":\"https:\/\/pegasus-sportswear.de\/es\/produkt\/superposicion-de-camiseta-coleccion-personalizada\/#primaryimage\"},\"thumbnailUrl\":\"https:\/\/pegasus-sportswear.de\/wp-content\/uploads\/2024\/03\/IMG_1923-1-scaled.jpg\",\"datePublished\":\"2024-03-14T13:13:00+00:00\",\"description\":\"Superposici\u00f3n de camiseta\",\"breadcrumb\":{\"@id\":\"https:\/\/pegasus-sportswear.de\/es\/produkt\/superposicion-de-camiseta-coleccion-personalizada\/#breadcrumb\"},\"inLanguage\":\"es\",\"potentialAction\":[{\"@type\":\"ReadAction\",\"target\":[\"https:\/\/pegasus-sportswear.de\/es\/produkt\/superposicion-de-camiseta-coleccion-personalizada\/\"]}]},{\"@type\":\"ImageObject\",\"inLanguage\":\"es\",\"@id\":\"https:\/\/pegasus-sportswear.de\/es\/produkt\/superposicion-de-camiseta-coleccion-personalizada\/#primaryimage\",\"url\":\"https:\/\/pegasus-sportswear.de\/wp-content\/uploads\/2024\/03\/IMG_1923-1-scaled.jpg\",\"contentUrl\":\"https:\/\/pegasus-sportswear.de\/wp-content\/uploads\/2024\/03\/IMG_1923-1-scaled.jpg\",\"width\":1600,\"height\":1328},{\"@type\":\"BreadcrumbList\",\"@id\":\"https:\/\/pegasus-sportswear.de\/es\/produkt\/superposicion-de-camiseta-coleccion-personalizada\/#breadcrumb\",\"itemListElement\":[{\"@type\":\"ListItem\",\"position\":1,\"name\":\"Startseite\",\"item\":\"https:\/\/pegasus-sportswear.de\/es\/bienvenido-a-pegasus-sportswear\/\"},{\"@type\":\"ListItem\",\"position\":2,\"name\":\"Tienda\",\"item\":\"https:\/\/pegasus-sportswear.de\/es\/tienda\/\"},{\"@type\":\"ListItem\",\"position\":3,\"name\":\"Superposici\u00f3n de camiseta COLECCI\u00d3N PERSONALIZADA\"}]},{\"@type\":\"WebSite\",\"@id\":\"https:\/\/pegasus-sportswear.de\/es\/#website\",\"url\":\"https:\/\/pegasus-sportswear.de\/es\/\",\"name\":\"Pegasus Sportswear\",\"description\":\"\",\"publisher\":{\"@id\":\"https:\/\/pegasus-sportswear.de\/es\/#organization\"},\"potentialAction\":[{\"@type\":\"SearchAction\",\"target\":{\"@type\":\"EntryPoint\",\"urlTemplate\":\"https:\/\/pegasus-sportswear.de\/es\/?s={search_term_string}\"},\"query-input\":{\"@type\":\"PropertyValueSpecification\",\"valueRequired\":true,\"valueName\":\"search_term_string\"}}],\"inLanguage\":\"es\"},{\"@type\":\"Organization\",\"@id\":\"https:\/\/pegasus-sportswear.de\/es\/#organization\",\"name\":\"Pegasus Sportswear\",\"url\":\"https:\/\/pegasus-sportswear.de\/es\/\",\"logo\":{\"@type\":\"ImageObject\",\"inLanguage\":\"es\",\"@id\":\"https:\/\/pegasus-sportswear.de\/es\/#\/schema\/logo\/image\/\",\"url\":\"https:\/\/pegasus-sportswear.de\/wp-content\/uploads\/2024\/03\/Signatur-Logo-neue-Schrift.jpg\",\"contentUrl\":\"https:\/\/pegasus-sportswear.de\/wp-content\/uploads\/2024\/03\/Signatur-Logo-neue-Schrift.jpg\",\"width\":314,\"height\":152,\"caption\":\"Pegasus Sportswear\"},\"image\":{\"@id\":\"https:\/\/pegasus-sportswear.de\/es\/#\/schema\/logo\/image\/\"}}]}<\/script>\n<!-- \/ Yoast SEO plugin. -->","yoast_head_json":{"title":"Superposici\u00f3n de camiseta COLECCI\u00d3N PERSONALIZADA - Pegasus Sportswear","description":"Superposici\u00f3n de camiseta","robots":{"index":"index","follow":"follow","max-snippet":"max-snippet:-1","max-image-preview":"max-image-preview:large","max-video-preview":"max-video-preview:-1"},"canonical":"https:\/\/pegasus-sportswear.de\/es\/produkt\/superposicion-de-camiseta-coleccion-personalizada\/","og_locale":"es_ES","og_type":"article","og_title":"Superposici\u00f3n de camiseta COLECCI\u00d3N PERSONALIZADA - Pegasus Sportswear","og_description":"Superposici\u00f3n de camiseta","og_url":"https:\/\/pegasus-sportswear.de\/es\/produkt\/superposicion-de-camiseta-coleccion-personalizada\/","og_site_name":"Pegasus Sportswear","og_image":[{"width":1600,"height":1328,"url":"https:\/\/pegasus-sportswear.de\/wp-content\/uploads\/2024\/03\/IMG_1923-1-scaled.jpg","type":"image\/jpeg"}],"twitter_card":"summary_large_image","twitter_misc":{"Tiempo de lectura":"1 minuto"},"schema":{"@context":"https:\/\/schema.org","@graph":[{"@type":"WebPage","@id":"https:\/\/pegasus-sportswear.de\/es\/produkt\/superposicion-de-camiseta-coleccion-personalizada\/","url":"https:\/\/pegasus-sportswear.de\/es\/produkt\/superposicion-de-camiseta-coleccion-personalizada\/","name":"Superposici\u00f3n de camiseta COLECCI\u00d3N PERSONALIZADA - Pegasus Sportswear","isPartOf":{"@id":"https:\/\/pegasus-sportswear.de\/es\/#website"},"primaryImageOfPage":{"@id":"https:\/\/pegasus-sportswear.de\/es\/produkt\/superposicion-de-camiseta-coleccion-personalizada\/#primaryimage"},"image":{"@id":"https:\/\/pegasus-sportswear.de\/es\/produkt\/superposicion-de-camiseta-coleccion-personalizada\/#primaryimage"},"thumbnailUrl":"https:\/\/pegasus-sportswear.de\/wp-content\/uploads\/2024\/03\/IMG_1923-1-scaled.jpg","datePublished":"2024-03-14T13:13:00+00:00","description":"Superposici\u00f3n de camiseta","breadcrumb":{"@id":"https:\/\/pegasus-sportswear.de\/es\/produkt\/superposicion-de-camiseta-coleccion-personalizada\/#breadcrumb"},"inLanguage":"es","potentialAction":[{"@type":"ReadAction","target":["https:\/\/pegasus-sportswear.de\/es\/produkt\/superposicion-de-camiseta-coleccion-personalizada\/"]}]},{"@type":"ImageObject","inLanguage":"es","@id":"https:\/\/pegasus-sportswear.de\/es\/produkt\/superposicion-de-camiseta-coleccion-personalizada\/#primaryimage","url":"https:\/\/pegasus-sportswear.de\/wp-content\/uploads\/2024\/03\/IMG_1923-1-scaled.jpg","contentUrl":"https:\/\/pegasus-sportswear.de\/wp-content\/uploads\/2024\/03\/IMG_1923-1-scaled.jpg","width":1600,"height":1328},{"@type":"BreadcrumbList","@id":"https:\/\/pegasus-sportswear.de\/es\/produkt\/superposicion-de-camiseta-coleccion-personalizada\/#breadcrumb","itemListElement":[{"@type":"ListItem","position":1,"name":"Startseite","item":"https:\/\/pegasus-sportswear.de\/es\/bienvenido-a-pegasus-sportswear\/"},{"@type":"ListItem","position":2,"name":"Tienda","item":"https:\/\/pegasus-sportswear.de\/es\/tienda\/"},{"@type":"ListItem","position":3,"name":"Superposici\u00f3n de camiseta COLECCI\u00d3N PERSONALIZADA"}]},{"@type":"WebSite","@id":"https:\/\/pegasus-sportswear.de\/es\/#website","url":"https:\/\/pegasus-sportswear.de\/es\/","name":"Pegasus Sportswear","description":"","publisher":{"@id":"https:\/\/pegasus-sportswear.de\/es\/#organization"},"potentialAction":[{"@type":"SearchAction","target":{"@type":"EntryPoint","urlTemplate":"https:\/\/pegasus-sportswear.de\/es\/?s={search_term_string}"},"query-input":{"@type":"PropertyValueSpecification","valueRequired":true,"valueName":"search_term_string"}}],"inLanguage":"es"},{"@type":"Organization","@id":"https:\/\/pegasus-sportswear.de\/es\/#organization","name":"Pegasus Sportswear","url":"https:\/\/pegasus-sportswear.de\/es\/","logo":{"@type":"ImageObject","inLanguage":"es","@id":"https:\/\/pegasus-sportswear.de\/es\/#\/schema\/logo\/image\/","url":"https:\/\/pegasus-sportswear.de\/wp-content\/uploads\/2024\/03\/Signatur-Logo-neue-Schrift.jpg","contentUrl":"https:\/\/pegasus-sportswear.de\/wp-content\/uploads\/2024\/03\/Signatur-Logo-neue-Schrift.jpg","width":314,"height":152,"caption":"Pegasus Sportswear"},"image":{"@id":"https:\/\/pegasus-sportswear.de\/es\/#\/schema\/logo\/image\/"}}]}},"jetpack_sharing_enabled":true,"_links":{"self":[{"href":"https:\/\/pegasus-sportswear.de\/es\/wp-json\/wp\/v2\/product\/41619","targetHints":{"allow":["GET"]}}],"collection":[{"href":"https:\/\/pegasus-sportswear.de\/es\/wp-json\/wp\/v2\/product"}],"about":[{"href":"https:\/\/pegasus-sportswear.de\/es\/wp-json\/wp\/v2\/types\/product"}],"replies":[{"embeddable":true,"href":"https:\/\/pegasus-sportswear.de\/es\/wp-json\/wp\/v2\/comments?post=41619"}],"wp:featuredmedia":[{"embeddable":true,"href":"https:\/\/pegasus-sportswear.de\/es\/wp-json\/wp\/v2\/media\/41630"}],"wp:attachment":[{"href":"https:\/\/pegasus-sportswear.de\/es\/wp-json\/wp\/v2\/media?parent=41619"}],"wp:term":[{"taxonomy":"product_brand","embeddable":true,"href":"https:\/\/pegasus-sportswear.de\/es\/wp-json\/wp\/v2\/product_brand?post=41619"},{"taxonomy":"product_cat","embeddable":true,"href":"https:\/\/pegasus-sportswear.de\/es\/wp-json\/wp\/v2\/product_cat?post=41619"},{"taxonomy":"product_tag","embeddable":true,"href":"https:\/\/pegasus-sportswear.de\/es\/wp-json\/wp\/v2\/product_tag?post=41619"}],"curies":[{"name":"wp","href":"https:\/\/api.w.org\/{rel}","templated":true}]}}