{"id":43152,"date":"2025-10-16T16:34:16","date_gmt":"2025-10-16T14:34:16","guid":{"rendered":"https:\/\/pegasus-sportswear.de\/produkt\/la-camiseta-stanley-stella-crafter-se-une-a-el-vuelo-de-la-gaviota\/"},"modified":"2026-03-05T13:00:40","modified_gmt":"2026-03-05T12:00:40","slug":"la-camiseta-stanley-stella-crafter-se-une-a-el-vuelo-de-la-gaviota","status":"publish","type":"product","link":"https:\/\/pegasus-sportswear.de\/es\/produkt\/la-camiseta-stanley-stella-crafter-se-une-a-el-vuelo-de-la-gaviota\/","title":{"rendered":"La camiseta Stanley &amp; Stella CRAFTER se une a El vuelo de la gaviota"},"content":{"rendered":"<h5><strong>Stanley &amp; Stella CRAFTER<\/strong><br \/>\nLa camiseta ic\u00f3nica de la clase premium absoluta<\/h5>\n<h5>se une a<\/h5>\n<h5><strong>EL VUELO DE LA GAVIOTA \/ DER FLUG DER M\u00d6WE<\/strong><\/h5>\n<p><strong>Yoandy Su\u00e1rez Su\u00e1rez<\/strong> es un conocido artista cubano en Gran Canaria.<br \/>\n Aqu\u00ed combinamos sus im\u00e1genes con una de las mejores camisetas.<\/p>\n<p>Singlejersey de 100% algod\u00f3n org\u00e1nico, hilado en anillo y peinado<br \/>\nGramaje: 155 g\/m\u00b2<br \/>\nPrelavado y resistente al encogimiento<\/p>\n<p><strong>Caracter\u00edsticas:<\/strong><\/p>\n<p>Mangas insertadas<br \/>\nCinta de cuello interior del mismo material<br \/>\nDoble puntada en pu\u00f1os y dobladillo<br \/>\nCuello de canal\u00e9 1&#215;1<\/p>\n<p>Aqu\u00ed, en nuestra <strong>FASHION MEETS ART COLLECTION<\/strong>, est\u00e1n disponibles las siguientes opciones:<\/p>\n<h6>39 colores diferentes<\/h6>\n<h6>Tallas de XS a 5XL (seg\u00fan el color)<\/h6>\n<h6>Decoraci\u00f3n mediante impresi\u00f3n digital<\/h6>\n<p><strong>Cada camiseta se fabrica a medida<br \/>\nTiempo de producci\u00f3n m\u00e1ximo 3 semanas<\/strong><\/p>\n<p>&nbsp;<\/p>\n<h5 style=\"text-align: center;\">Biograf\u00eda<\/h5>\n<p><img fetchpriority=\"high\" decoding=\"async\" class=\"size-medium wp-image-31728 aligncenter\" src=\"https:\/\/pegasus-sportswear.de\/wp-content\/uploads\/2025\/10\/ami-2.jpg-225x300.webp\" alt=\"\" width=\"225\" height=\"300\" srcset=\"https:\/\/pegasus-sportswear.de\/wp-content\/uploads\/2025\/10\/ami-2.jpg-225x300.webp 225w, https:\/\/pegasus-sportswear.de\/wp-content\/uploads\/2025\/10\/ami-2.jpg-1025x1366.webp 1025w, https:\/\/pegasus-sportswear.de\/wp-content\/uploads\/2025\/10\/ami-2.jpg-768x1024.webp 768w, https:\/\/pegasus-sportswear.de\/wp-content\/uploads\/2025\/10\/ami-2.jpg-1152x1536.webp 1152w, https:\/\/pegasus-sportswear.de\/wp-content\/uploads\/2025\/10\/ami-2.jpg-1000x1333.webp 1000w, https:\/\/pegasus-sportswear.de\/wp-content\/uploads\/2025\/10\/ami-2.jpg-64x85.webp 64w, https:\/\/pegasus-sportswear.de\/wp-content\/uploads\/2025\/10\/ami-2.jpg.webp 1536w\" sizes=\"(max-width: 225px) 100vw, 225px\" \/><\/p>\n<div class=\"elementor-element elementor-element-8113f22 elementor-widget__width-initial elementor-widget elementor-widget-text-editor\" data-id=\"8113f22\" data-element_type=\"widget\" data-widget_type=\"text-editor.default\">\n<div class=\"elementor-widget-container\">\n<p>Yoandy Su\u00e1rez Su\u00e1rez naci\u00f3 en 1984 en Matanzas, Cuba. Creci\u00f3 junto al mar, rodeado de naturaleza y cultura, lo que contribuy\u00f3 a que desde ni\u00f1o sintiera predilecci\u00f3n por lo emocional, lo espiritual y la esencia de las cosas que le rodeaban.<br \/>\nEn su adolescencia, sus intereses se cultivaron y desarrollaron, donde tuvo la oportunidad de estudiar en la Escuela de Instructores de Arte (EIA), donde en 2004 se gradu\u00f3 en su ciudad natal como Instructor de Arte y Licenciado en Humanidades.<br \/>\nTras finalizar sus estudios, comenz\u00f3 a impartir clases de arte, al tiempo que segu\u00eda desarroll\u00e1ndose como artista pl\u00e1stico. <\/p>\n<p>Contribuy\u00f3 a la formaci\u00f3n de j\u00f3venes talentos y particip\u00f3 activamente en diversos proyectos culturales, lo que le permiti\u00f3 realizar numerosos viajes a Europa y Asia.<br \/>\nDe vuelta en Cuba, estudi\u00f3 y se gradu\u00f3 en 2014 en la Uni\u00f3n Nacional de Escritores y Artistas de Cuba (UNEAC) con un diploma en la concepci\u00f3n, producci\u00f3n y realizaci\u00f3n de espect\u00e1culos musicales. En 2023 se gradu\u00f3 en Arte de la Conservaci\u00f3n y Restauraci\u00f3n del Patrimonio Cultural, con especialidad en Pintura de Caballete, en el Instituto Superior de Arte (ISA) de La Habana. <\/p>\n<p>Sus obras han sido expuestas en Asia, Europa, Estados Unidos y Cuba. Adem\u00e1s de la pintura, desarroll\u00f3 un gran inter\u00e9s por la escultura, especialmente en el campo del ferrocemento.<br \/>\nVarios de sus murales permanentes se pueden admirar en Matanzas y en el centro cultural Omara Portuondo de La Habana. <\/p>\n<p>Present\u00f3 sus obras en la Bienal de La Habana 2019, en la Plaza de la Revoluci\u00f3n, en la F\u00e1brica de Arte Cubano y como miembro del proyecto comunitario y sociocultural Imagen 3 en el Paseo del Prado de La Habana y participa activamente en la formaci\u00f3n de nuevos talentos y presenta all\u00ed sus obras.<\/p>\n<p>Actualmente reside en Gran Canaria, Espa\u00f1a, y sigue buscando respuestas a su existencia art\u00edstica y humana.<\/p>\n<\/div>\n<\/div>\n","protected":false},"excerpt":{"rendered":"<p>Stanley &amp; Stella CRAFTER La camiseta ic\u00f3nica de la clase premium absoluta se une a EL VUELO DE LA GAVIOTA \/ DER FLUG DER M\u00d6WE Yoandy Su\u00e1rez Su\u00e1rez es un conocido artista cubano en Gran Canaria. Aqu\u00ed combinamos sus im\u00e1genes con una de las mejores camisetas. Singlejersey de 100% algod\u00f3n org\u00e1nico, hilado en anillo y [&hellip;]<\/p>\n","protected":false},"featured_media":43154,"comment_status":"open","ping_status":"closed","template":"","meta":{"iawp_total_views":2},"product_brand":[],"product_cat":[1764,1812,1755],"product_tag":[1813],"class_list":{"0":"post-43152","1":"product","2":"type-product","3":"status-publish","4":"has-post-thumbnail","6":"product_cat-camisetas","7":"product_cat-fashion-meets-art","8":"product_cat-stock-collection","9":"product_tag-yoandy","11":"first","12":"instock","13":"taxable","14":"shipping-taxable","15":"purchasable","16":"product-type-variable"},"yoast_head":"<!-- This site is optimized with the Yoast SEO plugin v27.1.1 - https:\/\/yoast.com\/product\/yoast-seo-wordpress\/ -->\n<title>La camiseta Stanley &amp; Stella CRAFTER se une a El vuelo de la gaviota - Pegasus Sportswear<\/title>\n<meta name=\"description\" content=\"Camiseta Stanley&amp;Stella Crafter STOCK COLLECTION\" \/>\n<meta name=\"robots\" content=\"index, follow, max-snippet:-1, max-image-preview:large, max-video-preview:-1\" \/>\n<link rel=\"canonical\" href=\"https:\/\/pegasus-sportswear.de\/es\/produkt\/la-camiseta-stanley-stella-crafter-se-une-a-el-vuelo-de-la-gaviota\/\" \/>\n<meta property=\"og:locale\" content=\"es_ES\" \/>\n<meta property=\"og:type\" content=\"article\" \/>\n<meta property=\"og:title\" content=\"La camiseta Stanley &amp; Stella CRAFTER se une a El vuelo de la gaviota - Pegasus Sportswear\" \/>\n<meta property=\"og:description\" content=\"Camiseta Stanley&amp;Stella Crafter STOCK COLLECTION\" \/>\n<meta property=\"og:url\" content=\"https:\/\/pegasus-sportswear.de\/es\/produkt\/la-camiseta-stanley-stella-crafter-se-une-a-el-vuelo-de-la-gaviota\/\" \/>\n<meta property=\"og:site_name\" content=\"Pegasus Sportswear\" \/>\n<meta property=\"article:modified_time\" content=\"2026-03-05T12:00:40+00:00\" \/>\n<meta property=\"og:image\" content=\"https:\/\/pegasus-sportswear.de\/wp-content\/uploads\/2025\/10\/Dok2.png\" \/>\n\t<meta property=\"og:image:width\" content=\"1343\" \/>\n\t<meta property=\"og:image:height\" content=\"1900\" \/>\n\t<meta property=\"og:image:type\" content=\"image\/png\" \/>\n<meta name=\"twitter:card\" content=\"summary_large_image\" \/>\n<meta name=\"twitter:label1\" content=\"Tiempo de lectura\" \/>\n\t<meta name=\"twitter:data1\" content=\"2 minutos\" \/>\n<script type=\"application\/ld+json\" class=\"yoast-schema-graph\">{\"@context\":\"https:\/\/schema.org\",\"@graph\":[{\"@type\":\"WebPage\",\"@id\":\"https:\/\/pegasus-sportswear.de\/es\/produkt\/la-camiseta-stanley-stella-crafter-se-une-a-el-vuelo-de-la-gaviota\/\",\"url\":\"https:\/\/pegasus-sportswear.de\/es\/produkt\/la-camiseta-stanley-stella-crafter-se-une-a-el-vuelo-de-la-gaviota\/\",\"name\":\"La camiseta Stanley &amp; Stella CRAFTER se une a El vuelo de la gaviota - Pegasus Sportswear\",\"isPartOf\":{\"@id\":\"https:\/\/pegasus-sportswear.de\/es\/#website\"},\"primaryImageOfPage\":{\"@id\":\"https:\/\/pegasus-sportswear.de\/es\/produkt\/la-camiseta-stanley-stella-crafter-se-une-a-el-vuelo-de-la-gaviota\/#primaryimage\"},\"image\":{\"@id\":\"https:\/\/pegasus-sportswear.de\/es\/produkt\/la-camiseta-stanley-stella-crafter-se-une-a-el-vuelo-de-la-gaviota\/#primaryimage\"},\"thumbnailUrl\":\"https:\/\/pegasus-sportswear.de\/wp-content\/uploads\/2025\/10\/Dok2.png\",\"datePublished\":\"2025-10-16T14:34:16+00:00\",\"dateModified\":\"2026-03-05T12:00:40+00:00\",\"description\":\"Camiseta Stanley&Stella Crafter STOCK COLLECTION\",\"breadcrumb\":{\"@id\":\"https:\/\/pegasus-sportswear.de\/es\/produkt\/la-camiseta-stanley-stella-crafter-se-une-a-el-vuelo-de-la-gaviota\/#breadcrumb\"},\"inLanguage\":\"es\",\"potentialAction\":[{\"@type\":\"ReadAction\",\"target\":[\"https:\/\/pegasus-sportswear.de\/es\/produkt\/la-camiseta-stanley-stella-crafter-se-une-a-el-vuelo-de-la-gaviota\/\"]}]},{\"@type\":\"ImageObject\",\"inLanguage\":\"es\",\"@id\":\"https:\/\/pegasus-sportswear.de\/es\/produkt\/la-camiseta-stanley-stella-crafter-se-une-a-el-vuelo-de-la-gaviota\/#primaryimage\",\"url\":\"https:\/\/pegasus-sportswear.de\/wp-content\/uploads\/2025\/10\/Dok2.png\",\"contentUrl\":\"https:\/\/pegasus-sportswear.de\/wp-content\/uploads\/2025\/10\/Dok2.png\",\"width\":1343,\"height\":1900},{\"@type\":\"BreadcrumbList\",\"@id\":\"https:\/\/pegasus-sportswear.de\/es\/produkt\/la-camiseta-stanley-stella-crafter-se-une-a-el-vuelo-de-la-gaviota\/#breadcrumb\",\"itemListElement\":[{\"@type\":\"ListItem\",\"position\":1,\"name\":\"Startseite\",\"item\":\"https:\/\/pegasus-sportswear.de\/es\/bienvenido-a-pegasus-sportswear\/\"},{\"@type\":\"ListItem\",\"position\":2,\"name\":\"Tienda\",\"item\":\"https:\/\/pegasus-sportswear.de\/es\/tienda\/\"},{\"@type\":\"ListItem\",\"position\":3,\"name\":\"La camiseta Stanley &amp; Stella CRAFTER se une a El vuelo de la gaviota\"}]},{\"@type\":\"WebSite\",\"@id\":\"https:\/\/pegasus-sportswear.de\/es\/#website\",\"url\":\"https:\/\/pegasus-sportswear.de\/es\/\",\"name\":\"Pegasus Sportswear\",\"description\":\"\",\"publisher\":{\"@id\":\"https:\/\/pegasus-sportswear.de\/es\/#organization\"},\"potentialAction\":[{\"@type\":\"SearchAction\",\"target\":{\"@type\":\"EntryPoint\",\"urlTemplate\":\"https:\/\/pegasus-sportswear.de\/es\/?s={search_term_string}\"},\"query-input\":{\"@type\":\"PropertyValueSpecification\",\"valueRequired\":true,\"valueName\":\"search_term_string\"}}],\"inLanguage\":\"es\"},{\"@type\":\"Organization\",\"@id\":\"https:\/\/pegasus-sportswear.de\/es\/#organization\",\"name\":\"Pegasus Sportswear\",\"url\":\"https:\/\/pegasus-sportswear.de\/es\/\",\"logo\":{\"@type\":\"ImageObject\",\"inLanguage\":\"es\",\"@id\":\"https:\/\/pegasus-sportswear.de\/es\/#\/schema\/logo\/image\/\",\"url\":\"https:\/\/pegasus-sportswear.de\/wp-content\/uploads\/2024\/03\/Signatur-Logo-neue-Schrift.jpg\",\"contentUrl\":\"https:\/\/pegasus-sportswear.de\/wp-content\/uploads\/2024\/03\/Signatur-Logo-neue-Schrift.jpg\",\"width\":314,\"height\":152,\"caption\":\"Pegasus Sportswear\"},\"image\":{\"@id\":\"https:\/\/pegasus-sportswear.de\/es\/#\/schema\/logo\/image\/\"}}]}<\/script>\n<!-- \/ Yoast SEO plugin. -->","yoast_head_json":{"title":"La camiseta Stanley &amp; Stella CRAFTER se une a El vuelo de la gaviota - Pegasus Sportswear","description":"Camiseta Stanley&Stella Crafter STOCK COLLECTION","robots":{"index":"index","follow":"follow","max-snippet":"max-snippet:-1","max-image-preview":"max-image-preview:large","max-video-preview":"max-video-preview:-1"},"canonical":"https:\/\/pegasus-sportswear.de\/es\/produkt\/la-camiseta-stanley-stella-crafter-se-une-a-el-vuelo-de-la-gaviota\/","og_locale":"es_ES","og_type":"article","og_title":"La camiseta Stanley &amp; Stella CRAFTER se une a El vuelo de la gaviota - Pegasus Sportswear","og_description":"Camiseta Stanley&Stella Crafter STOCK COLLECTION","og_url":"https:\/\/pegasus-sportswear.de\/es\/produkt\/la-camiseta-stanley-stella-crafter-se-une-a-el-vuelo-de-la-gaviota\/","og_site_name":"Pegasus Sportswear","article_modified_time":"2026-03-05T12:00:40+00:00","og_image":[{"width":1343,"height":1900,"url":"https:\/\/pegasus-sportswear.de\/wp-content\/uploads\/2025\/10\/Dok2.png","type":"image\/png"}],"twitter_card":"summary_large_image","twitter_misc":{"Tiempo de lectura":"2 minutos"},"schema":{"@context":"https:\/\/schema.org","@graph":[{"@type":"WebPage","@id":"https:\/\/pegasus-sportswear.de\/es\/produkt\/la-camiseta-stanley-stella-crafter-se-une-a-el-vuelo-de-la-gaviota\/","url":"https:\/\/pegasus-sportswear.de\/es\/produkt\/la-camiseta-stanley-stella-crafter-se-une-a-el-vuelo-de-la-gaviota\/","name":"La camiseta Stanley &amp; Stella CRAFTER se une a El vuelo de la gaviota - Pegasus Sportswear","isPartOf":{"@id":"https:\/\/pegasus-sportswear.de\/es\/#website"},"primaryImageOfPage":{"@id":"https:\/\/pegasus-sportswear.de\/es\/produkt\/la-camiseta-stanley-stella-crafter-se-une-a-el-vuelo-de-la-gaviota\/#primaryimage"},"image":{"@id":"https:\/\/pegasus-sportswear.de\/es\/produkt\/la-camiseta-stanley-stella-crafter-se-une-a-el-vuelo-de-la-gaviota\/#primaryimage"},"thumbnailUrl":"https:\/\/pegasus-sportswear.de\/wp-content\/uploads\/2025\/10\/Dok2.png","datePublished":"2025-10-16T14:34:16+00:00","dateModified":"2026-03-05T12:00:40+00:00","description":"Camiseta Stanley&Stella Crafter STOCK COLLECTION","breadcrumb":{"@id":"https:\/\/pegasus-sportswear.de\/es\/produkt\/la-camiseta-stanley-stella-crafter-se-une-a-el-vuelo-de-la-gaviota\/#breadcrumb"},"inLanguage":"es","potentialAction":[{"@type":"ReadAction","target":["https:\/\/pegasus-sportswear.de\/es\/produkt\/la-camiseta-stanley-stella-crafter-se-une-a-el-vuelo-de-la-gaviota\/"]}]},{"@type":"ImageObject","inLanguage":"es","@id":"https:\/\/pegasus-sportswear.de\/es\/produkt\/la-camiseta-stanley-stella-crafter-se-une-a-el-vuelo-de-la-gaviota\/#primaryimage","url":"https:\/\/pegasus-sportswear.de\/wp-content\/uploads\/2025\/10\/Dok2.png","contentUrl":"https:\/\/pegasus-sportswear.de\/wp-content\/uploads\/2025\/10\/Dok2.png","width":1343,"height":1900},{"@type":"BreadcrumbList","@id":"https:\/\/pegasus-sportswear.de\/es\/produkt\/la-camiseta-stanley-stella-crafter-se-une-a-el-vuelo-de-la-gaviota\/#breadcrumb","itemListElement":[{"@type":"ListItem","position":1,"name":"Startseite","item":"https:\/\/pegasus-sportswear.de\/es\/bienvenido-a-pegasus-sportswear\/"},{"@type":"ListItem","position":2,"name":"Tienda","item":"https:\/\/pegasus-sportswear.de\/es\/tienda\/"},{"@type":"ListItem","position":3,"name":"La camiseta Stanley &amp; Stella CRAFTER se une a El vuelo de la gaviota"}]},{"@type":"WebSite","@id":"https:\/\/pegasus-sportswear.de\/es\/#website","url":"https:\/\/pegasus-sportswear.de\/es\/","name":"Pegasus Sportswear","description":"","publisher":{"@id":"https:\/\/pegasus-sportswear.de\/es\/#organization"},"potentialAction":[{"@type":"SearchAction","target":{"@type":"EntryPoint","urlTemplate":"https:\/\/pegasus-sportswear.de\/es\/?s={search_term_string}"},"query-input":{"@type":"PropertyValueSpecification","valueRequired":true,"valueName":"search_term_string"}}],"inLanguage":"es"},{"@type":"Organization","@id":"https:\/\/pegasus-sportswear.de\/es\/#organization","name":"Pegasus Sportswear","url":"https:\/\/pegasus-sportswear.de\/es\/","logo":{"@type":"ImageObject","inLanguage":"es","@id":"https:\/\/pegasus-sportswear.de\/es\/#\/schema\/logo\/image\/","url":"https:\/\/pegasus-sportswear.de\/wp-content\/uploads\/2024\/03\/Signatur-Logo-neue-Schrift.jpg","contentUrl":"https:\/\/pegasus-sportswear.de\/wp-content\/uploads\/2024\/03\/Signatur-Logo-neue-Schrift.jpg","width":314,"height":152,"caption":"Pegasus Sportswear"},"image":{"@id":"https:\/\/pegasus-sportswear.de\/es\/#\/schema\/logo\/image\/"}}]}},"jetpack_sharing_enabled":true,"_links":{"self":[{"href":"https:\/\/pegasus-sportswear.de\/es\/wp-json\/wp\/v2\/product\/43152","targetHints":{"allow":["GET"]}}],"collection":[{"href":"https:\/\/pegasus-sportswear.de\/es\/wp-json\/wp\/v2\/product"}],"about":[{"href":"https:\/\/pegasus-sportswear.de\/es\/wp-json\/wp\/v2\/types\/product"}],"replies":[{"embeddable":true,"href":"https:\/\/pegasus-sportswear.de\/es\/wp-json\/wp\/v2\/comments?post=43152"}],"wp:featuredmedia":[{"embeddable":true,"href":"https:\/\/pegasus-sportswear.de\/es\/wp-json\/wp\/v2\/media\/43154"}],"wp:attachment":[{"href":"https:\/\/pegasus-sportswear.de\/es\/wp-json\/wp\/v2\/media?parent=43152"}],"wp:term":[{"taxonomy":"product_brand","embeddable":true,"href":"https:\/\/pegasus-sportswear.de\/es\/wp-json\/wp\/v2\/product_brand?post=43152"},{"taxonomy":"product_cat","embeddable":true,"href":"https:\/\/pegasus-sportswear.de\/es\/wp-json\/wp\/v2\/product_cat?post=43152"},{"taxonomy":"product_tag","embeddable":true,"href":"https:\/\/pegasus-sportswear.de\/es\/wp-json\/wp\/v2\/product_tag?post=43152"}],"curies":[{"name":"wp","href":"https:\/\/api.w.org\/{rel}","templated":true}]}}