{"id":43223,"date":"2024-10-24T00:17:01","date_gmt":"2024-10-23T22:17:01","guid":{"rendered":"https:\/\/pegasus-sportswear.de\/produkt\/gorra-snapback-ultimate-de-6-paneles\/"},"modified":"2025-11-26T10:03:05","modified_gmt":"2025-11-26T09:03:05","slug":"gorra-snapback-ultimate-de-6-paneles","status":"publish","type":"product","link":"https:\/\/pegasus-sportswear.de\/es\/produkt\/gorra-snapback-ultimate-de-6-paneles\/","title":{"rendered":"GORRA SNAPBACK ULTIMATE DE 6 PANELES"},"content":{"rendered":"<h5>GORRA SNAPBACK ULTIMATE DE 6 PANELES<\/h5>\n<p>Fabricada con tela de algod\u00f3n 100%.<br \/>\nDise\u00f1o de 6 paneles con visera precurvada.<br \/>\nOjales cosidos con cierre SNAPBACK.<\/p>\n<p>Aqu\u00ed, en nuestra <strong>COLECCI\u00d3N STOCK<\/strong>, esta gorra est\u00e1 disponible en las siguientes opciones:<\/p>\n<h6>5 colores diferentes<\/h6>\n<h6>Talla \u00fanica<\/h6>\n<h6>Bordado plano de hasta 5000 puntadas (incluido en el precio)<\/h6>\n<p>Programa de bordado (incluido en el precio)<\/p>\n<p><strong>Plazo de entrega incl. Tiempo de producci\u00f3n m\u00e1ximo de 3 semanas<\/strong><br \/>\n<strong>Cantidad m\u00ednima de pedido: 25 unidades<\/strong><\/p>\n<h6>Las siguientes opciones de decoraci\u00f3n adicionales est\u00e1n disponibles bajo pedido:<\/h6>\n<p>Bordado en 3D (dependiendo del logo), directamente en el gorro<br \/>\nLogotipos tejidos, cosidos<br \/>\nTiras de cuero grabadas con l\u00e1ser, cosidas<br \/>\nLogotipos de elast\u00f3mero, cosidos<\/p>\n<p><strong>Alternativamente<\/strong>, tambi\u00e9n ofrecemos gorras en nuestra <strong>COLECCI\u00d3N CUSTOM<\/strong>.<br \/>\nAqu\u00ed se puede implementar (casi) cualquier dise\u00f1o imaginable.<\/p>\n<p>B\u00e1sicamente, se pueden elegir las siguientes opciones:<\/p>\n<p>32 colores diferentes \/ Lana<br \/>\nElige TU modelo entre cientos de variantes<br \/>\nElige el material de la gorra y la visera<br \/>\nElige el tipo de cierre (tambi\u00e9n Flexcap)<br \/>\nDetermina los colores para cada segmento individual<br \/>\nCada parte de la gorra<br \/>\nVisera (tambi\u00e9n la parte inferior)<br \/>\nCosturas<br \/>\nBotones<br \/>\nOrificios de ventilaci\u00f3n \/ Ojales<\/p>\n<p>Si lo deseas, tienes las siguientes variantes para la decoraci\u00f3n:<\/p>\n<p>Bordado, tambi\u00e9n en 3D<br \/>\nImpresi\u00f3n, tambi\u00e9n en la parte inferior de la visera si lo deseas<br \/>\nHecho de elast\u00f3mero y cosido<br \/>\n\u00abGrabado\u00bb con l\u00e1ser en insignias de cuero y cosido<br \/>\nPlazo de entrega de 4 a 6 semanas a partir de la aprobaci\u00f3n del pedido<br \/>\nCantidad m\u00ednima de pedido: A partir de 30 unidades, seg\u00fan el modelo y la decoraci\u00f3n deseada<br \/>\nPrecio seg\u00fan el modelo y la opci\u00f3n elegida<\/p>\n<p>&nbsp;<\/p>\n<p><strong>\u00bfTe gusta el estilo? \u00a1Env\u00edanos tus colores y logotipos! <\/strong><br \/>\n<strong>\u00bfNo has encontrado lo que buscas en nuestra p\u00e1gina?<\/strong><br \/>\n<strong>\u00a1Ponte en contacto con nosotros!<\/strong><\/p>\n","protected":false},"excerpt":{"rendered":"<p>GORRA SNAPBACK ULTIMATE DE 6 PANELES Fabricada con tela de algod\u00f3n 100%. Dise\u00f1o de 6 paneles con visera precurvada. Ojales cosidos con cierre SNAPBACK. Aqu\u00ed, en nuestra COLECCI\u00d3N STOCK, esta gorra est\u00e1 disponible en las siguientes opciones: 5 colores diferentes Talla \u00fanica Bordado plano de hasta 5000 puntadas (incluido en el precio) Programa de bordado [&hellip;]<\/p>\n","protected":false},"featured_media":43236,"comment_status":"open","ping_status":"closed","template":"","meta":{"iawp_total_views":0},"product_brand":[],"product_cat":[1919,1755],"product_tag":[],"class_list":{"0":"post-43223","1":"product","2":"type-product","3":"status-publish","4":"has-post-thumbnail","6":"product_cat-caps-custom-collection","7":"product_cat-stock-collection","9":"first","10":"instock","11":"taxable","12":"shipping-taxable","13":"purchasable","14":"product-type-variable","15":"product-type-zakeke","16":"product-type-external"},"yoast_head":"<!-- This site is optimized with the Yoast SEO plugin v27.1.1 - https:\/\/yoast.com\/product\/yoast-seo-wordpress\/ -->\n<title>GORRA SNAPBACK ULTIMATE DE 6 PANELES - Pegasus Sportswear<\/title>\n<meta name=\"robots\" content=\"index, follow, max-snippet:-1, max-image-preview:large, max-video-preview:-1\" \/>\n<link rel=\"canonical\" href=\"https:\/\/pegasus-sportswear.de\/es\/produkt\/gorra-snapback-ultimate-de-6-paneles\/\" \/>\n<meta property=\"og:locale\" content=\"es_ES\" \/>\n<meta property=\"og:type\" content=\"article\" \/>\n<meta property=\"og:title\" content=\"GORRA SNAPBACK ULTIMATE DE 6 PANELES - Pegasus Sportswear\" \/>\n<meta property=\"og:description\" content=\"GORRA SNAPBACK ULTIMATE DE 6 PANELES Fabricada con tela de algod\u00f3n 100%. Dise\u00f1o de 6 paneles con visera precurvada. Ojales cosidos con cierre SNAPBACK. Aqu\u00ed, en nuestra COLECCI\u00d3N STOCK, esta gorra est\u00e1 disponible en las siguientes opciones: 5 colores diferentes Talla \u00fanica Bordado plano de hasta 5000 puntadas (incluido en el precio) Programa de bordado [&hellip;]\" \/>\n<meta property=\"og:url\" content=\"https:\/\/pegasus-sportswear.de\/es\/produkt\/gorra-snapback-ultimate-de-6-paneles\/\" \/>\n<meta property=\"og:site_name\" content=\"Pegasus Sportswear\" \/>\n<meta property=\"article:modified_time\" content=\"2025-11-26T09:03:05+00:00\" \/>\n<meta property=\"og:image\" content=\"https:\/\/pegasus-sportswear.de\/wp-content\/uploads\/2024\/10\/French-Navy.png\" \/>\n\t<meta property=\"og:image:width\" content=\"600\" \/>\n\t<meta property=\"og:image:height\" content=\"600\" \/>\n\t<meta property=\"og:image:type\" content=\"image\/png\" \/>\n<meta name=\"twitter:card\" content=\"summary_large_image\" \/>\n<meta name=\"twitter:label1\" content=\"Tiempo de lectura\" \/>\n\t<meta name=\"twitter:data1\" content=\"2 minutos\" \/>\n<script type=\"application\/ld+json\" class=\"yoast-schema-graph\">{\"@context\":\"https:\/\/schema.org\",\"@graph\":[{\"@type\":\"WebPage\",\"@id\":\"https:\/\/pegasus-sportswear.de\/es\/produkt\/gorra-snapback-ultimate-de-6-paneles\/\",\"url\":\"https:\/\/pegasus-sportswear.de\/es\/produkt\/gorra-snapback-ultimate-de-6-paneles\/\",\"name\":\"GORRA SNAPBACK ULTIMATE DE 6 PANELES - Pegasus Sportswear\",\"isPartOf\":{\"@id\":\"https:\/\/pegasus-sportswear.de\/es\/#website\"},\"primaryImageOfPage\":{\"@id\":\"https:\/\/pegasus-sportswear.de\/es\/produkt\/gorra-snapback-ultimate-de-6-paneles\/#primaryimage\"},\"image\":{\"@id\":\"https:\/\/pegasus-sportswear.de\/es\/produkt\/gorra-snapback-ultimate-de-6-paneles\/#primaryimage\"},\"thumbnailUrl\":\"https:\/\/pegasus-sportswear.de\/wp-content\/uploads\/2024\/10\/French-Navy.png\",\"datePublished\":\"2024-10-23T22:17:01+00:00\",\"dateModified\":\"2025-11-26T09:03:05+00:00\",\"breadcrumb\":{\"@id\":\"https:\/\/pegasus-sportswear.de\/es\/produkt\/gorra-snapback-ultimate-de-6-paneles\/#breadcrumb\"},\"inLanguage\":\"es\",\"potentialAction\":[{\"@type\":\"ReadAction\",\"target\":[\"https:\/\/pegasus-sportswear.de\/es\/produkt\/gorra-snapback-ultimate-de-6-paneles\/\"]}]},{\"@type\":\"ImageObject\",\"inLanguage\":\"es\",\"@id\":\"https:\/\/pegasus-sportswear.de\/es\/produkt\/gorra-snapback-ultimate-de-6-paneles\/#primaryimage\",\"url\":\"https:\/\/pegasus-sportswear.de\/wp-content\/uploads\/2024\/10\/French-Navy.png\",\"contentUrl\":\"https:\/\/pegasus-sportswear.de\/wp-content\/uploads\/2024\/10\/French-Navy.png\",\"width\":600,\"height\":600},{\"@type\":\"BreadcrumbList\",\"@id\":\"https:\/\/pegasus-sportswear.de\/es\/produkt\/gorra-snapback-ultimate-de-6-paneles\/#breadcrumb\",\"itemListElement\":[{\"@type\":\"ListItem\",\"position\":1,\"name\":\"Startseite\",\"item\":\"https:\/\/pegasus-sportswear.de\/es\/bienvenido-a-pegasus-sportswear\/\"},{\"@type\":\"ListItem\",\"position\":2,\"name\":\"Tienda\",\"item\":\"https:\/\/pegasus-sportswear.de\/es\/tienda\/\"},{\"@type\":\"ListItem\",\"position\":3,\"name\":\"GORRA SNAPBACK ULTIMATE DE 6 PANELES\"}]},{\"@type\":\"WebSite\",\"@id\":\"https:\/\/pegasus-sportswear.de\/es\/#website\",\"url\":\"https:\/\/pegasus-sportswear.de\/es\/\",\"name\":\"Pegasus Sportswear\",\"description\":\"\",\"publisher\":{\"@id\":\"https:\/\/pegasus-sportswear.de\/es\/#organization\"},\"potentialAction\":[{\"@type\":\"SearchAction\",\"target\":{\"@type\":\"EntryPoint\",\"urlTemplate\":\"https:\/\/pegasus-sportswear.de\/es\/?s={search_term_string}\"},\"query-input\":{\"@type\":\"PropertyValueSpecification\",\"valueRequired\":true,\"valueName\":\"search_term_string\"}}],\"inLanguage\":\"es\"},{\"@type\":\"Organization\",\"@id\":\"https:\/\/pegasus-sportswear.de\/es\/#organization\",\"name\":\"Pegasus Sportswear\",\"url\":\"https:\/\/pegasus-sportswear.de\/es\/\",\"logo\":{\"@type\":\"ImageObject\",\"inLanguage\":\"es\",\"@id\":\"https:\/\/pegasus-sportswear.de\/es\/#\/schema\/logo\/image\/\",\"url\":\"https:\/\/pegasus-sportswear.de\/wp-content\/uploads\/2024\/03\/Signatur-Logo-neue-Schrift.jpg\",\"contentUrl\":\"https:\/\/pegasus-sportswear.de\/wp-content\/uploads\/2024\/03\/Signatur-Logo-neue-Schrift.jpg\",\"width\":314,\"height\":152,\"caption\":\"Pegasus Sportswear\"},\"image\":{\"@id\":\"https:\/\/pegasus-sportswear.de\/es\/#\/schema\/logo\/image\/\"}}]}<\/script>\n<!-- \/ Yoast SEO plugin. -->","yoast_head_json":{"title":"GORRA SNAPBACK ULTIMATE DE 6 PANELES - Pegasus Sportswear","robots":{"index":"index","follow":"follow","max-snippet":"max-snippet:-1","max-image-preview":"max-image-preview:large","max-video-preview":"max-video-preview:-1"},"canonical":"https:\/\/pegasus-sportswear.de\/es\/produkt\/gorra-snapback-ultimate-de-6-paneles\/","og_locale":"es_ES","og_type":"article","og_title":"GORRA SNAPBACK ULTIMATE DE 6 PANELES - Pegasus Sportswear","og_description":"GORRA SNAPBACK ULTIMATE DE 6 PANELES Fabricada con tela de algod\u00f3n 100%. Dise\u00f1o de 6 paneles con visera precurvada. Ojales cosidos con cierre SNAPBACK. Aqu\u00ed, en nuestra COLECCI\u00d3N STOCK, esta gorra est\u00e1 disponible en las siguientes opciones: 5 colores diferentes Talla \u00fanica Bordado plano de hasta 5000 puntadas (incluido en el precio) Programa de bordado [&hellip;]","og_url":"https:\/\/pegasus-sportswear.de\/es\/produkt\/gorra-snapback-ultimate-de-6-paneles\/","og_site_name":"Pegasus Sportswear","article_modified_time":"2025-11-26T09:03:05+00:00","og_image":[{"width":600,"height":600,"url":"https:\/\/pegasus-sportswear.de\/wp-content\/uploads\/2024\/10\/French-Navy.png","type":"image\/png"}],"twitter_card":"summary_large_image","twitter_misc":{"Tiempo de lectura":"2 minutos"},"schema":{"@context":"https:\/\/schema.org","@graph":[{"@type":"WebPage","@id":"https:\/\/pegasus-sportswear.de\/es\/produkt\/gorra-snapback-ultimate-de-6-paneles\/","url":"https:\/\/pegasus-sportswear.de\/es\/produkt\/gorra-snapback-ultimate-de-6-paneles\/","name":"GORRA SNAPBACK ULTIMATE DE 6 PANELES - Pegasus Sportswear","isPartOf":{"@id":"https:\/\/pegasus-sportswear.de\/es\/#website"},"primaryImageOfPage":{"@id":"https:\/\/pegasus-sportswear.de\/es\/produkt\/gorra-snapback-ultimate-de-6-paneles\/#primaryimage"},"image":{"@id":"https:\/\/pegasus-sportswear.de\/es\/produkt\/gorra-snapback-ultimate-de-6-paneles\/#primaryimage"},"thumbnailUrl":"https:\/\/pegasus-sportswear.de\/wp-content\/uploads\/2024\/10\/French-Navy.png","datePublished":"2024-10-23T22:17:01+00:00","dateModified":"2025-11-26T09:03:05+00:00","breadcrumb":{"@id":"https:\/\/pegasus-sportswear.de\/es\/produkt\/gorra-snapback-ultimate-de-6-paneles\/#breadcrumb"},"inLanguage":"es","potentialAction":[{"@type":"ReadAction","target":["https:\/\/pegasus-sportswear.de\/es\/produkt\/gorra-snapback-ultimate-de-6-paneles\/"]}]},{"@type":"ImageObject","inLanguage":"es","@id":"https:\/\/pegasus-sportswear.de\/es\/produkt\/gorra-snapback-ultimate-de-6-paneles\/#primaryimage","url":"https:\/\/pegasus-sportswear.de\/wp-content\/uploads\/2024\/10\/French-Navy.png","contentUrl":"https:\/\/pegasus-sportswear.de\/wp-content\/uploads\/2024\/10\/French-Navy.png","width":600,"height":600},{"@type":"BreadcrumbList","@id":"https:\/\/pegasus-sportswear.de\/es\/produkt\/gorra-snapback-ultimate-de-6-paneles\/#breadcrumb","itemListElement":[{"@type":"ListItem","position":1,"name":"Startseite","item":"https:\/\/pegasus-sportswear.de\/es\/bienvenido-a-pegasus-sportswear\/"},{"@type":"ListItem","position":2,"name":"Tienda","item":"https:\/\/pegasus-sportswear.de\/es\/tienda\/"},{"@type":"ListItem","position":3,"name":"GORRA SNAPBACK ULTIMATE DE 6 PANELES"}]},{"@type":"WebSite","@id":"https:\/\/pegasus-sportswear.de\/es\/#website","url":"https:\/\/pegasus-sportswear.de\/es\/","name":"Pegasus Sportswear","description":"","publisher":{"@id":"https:\/\/pegasus-sportswear.de\/es\/#organization"},"potentialAction":[{"@type":"SearchAction","target":{"@type":"EntryPoint","urlTemplate":"https:\/\/pegasus-sportswear.de\/es\/?s={search_term_string}"},"query-input":{"@type":"PropertyValueSpecification","valueRequired":true,"valueName":"search_term_string"}}],"inLanguage":"es"},{"@type":"Organization","@id":"https:\/\/pegasus-sportswear.de\/es\/#organization","name":"Pegasus Sportswear","url":"https:\/\/pegasus-sportswear.de\/es\/","logo":{"@type":"ImageObject","inLanguage":"es","@id":"https:\/\/pegasus-sportswear.de\/es\/#\/schema\/logo\/image\/","url":"https:\/\/pegasus-sportswear.de\/wp-content\/uploads\/2024\/03\/Signatur-Logo-neue-Schrift.jpg","contentUrl":"https:\/\/pegasus-sportswear.de\/wp-content\/uploads\/2024\/03\/Signatur-Logo-neue-Schrift.jpg","width":314,"height":152,"caption":"Pegasus Sportswear"},"image":{"@id":"https:\/\/pegasus-sportswear.de\/es\/#\/schema\/logo\/image\/"}}]}},"jetpack_sharing_enabled":true,"_links":{"self":[{"href":"https:\/\/pegasus-sportswear.de\/es\/wp-json\/wp\/v2\/product\/43223","targetHints":{"allow":["GET"]}}],"collection":[{"href":"https:\/\/pegasus-sportswear.de\/es\/wp-json\/wp\/v2\/product"}],"about":[{"href":"https:\/\/pegasus-sportswear.de\/es\/wp-json\/wp\/v2\/types\/product"}],"replies":[{"embeddable":true,"href":"https:\/\/pegasus-sportswear.de\/es\/wp-json\/wp\/v2\/comments?post=43223"}],"wp:featuredmedia":[{"embeddable":true,"href":"https:\/\/pegasus-sportswear.de\/es\/wp-json\/wp\/v2\/media\/43236"}],"wp:attachment":[{"href":"https:\/\/pegasus-sportswear.de\/es\/wp-json\/wp\/v2\/media?parent=43223"}],"wp:term":[{"taxonomy":"product_brand","embeddable":true,"href":"https:\/\/pegasus-sportswear.de\/es\/wp-json\/wp\/v2\/product_brand?post=43223"},{"taxonomy":"product_cat","embeddable":true,"href":"https:\/\/pegasus-sportswear.de\/es\/wp-json\/wp\/v2\/product_cat?post=43223"},{"taxonomy":"product_tag","embeddable":true,"href":"https:\/\/pegasus-sportswear.de\/es\/wp-json\/wp\/v2\/product_tag?post=43223"}],"curies":[{"name":"wp","href":"https:\/\/api.w.org\/{rel}","templated":true}]}}