{"id":43535,"date":"2024-06-30T17:04:14","date_gmt":"2024-06-30T15:04:14","guid":{"rendered":"https:\/\/pegasus-sportswear.de\/produkt\/sudadera-stanleystella-changer-2-0-stock-collection\/"},"modified":"2024-06-30T17:04:14","modified_gmt":"2024-06-30T15:04:14","slug":"sudadera-stanleystella-changer-2-0-stock-collection","status":"publish","type":"product","link":"https:\/\/pegasus-sportswear.de\/es\/produkt\/sudadera-stanleystella-changer-2-0-stock-collection\/","title":{"rendered":"Sudadera Stanley&amp;Stella Changer 2.0 STOCK COLLECTION"},"content":{"rendered":"<h5><strong>Sudadera unisex de cuello redondo Iconic,<br \/>\ncalidad premium<\/strong><\/h5>\n<p>Material perchado de algod\u00f3n 100% org\u00e1nico, hilado en anillos y peinado<br \/>\nGramaje: 350 g\/m\u00b2<br \/>\nPrelavado y resistente al encogimiento<\/p>\n<p><strong>Caracter\u00edsticas:<\/strong><\/p>\n<p>Mangas montadas<br \/>\nCinta tapacosturas de espiga en el cuello<br \/>\nPuntada doble en el canal\u00e9 del cuello, los pu\u00f1os y el dobladillo inferior<br \/>\nPuntada simple en el cuello<br \/>\nMedia luna en tejido principal en la parte posterior del cuello<\/p>\n<p>Aqu\u00ed, en nuestra <strong>STOCK COLLECTION<\/strong>, est\u00e1n disponibles las siguientes opciones:<\/p>\n<h6>24 colores diferentes<\/h6>\n<h6>Tallas de XS-5XL (seg\u00fan el color)<\/h6>\n<h6>Decoraci\u00f3n mediante impresi\u00f3n digital<\/h6>\n<p><strong>Plazo de entrega incl. Tiempo de producci\u00f3n m\u00e1ximo de 3 semanas<\/strong><br \/>\n<strong>Cantidad m\u00ednima de pedido: 1 unidad<\/strong><\/p>\n<h6>Las siguientes opciones de decoraci\u00f3n adicionales est\u00e1n disponibles bajo pedido:<\/h6>\n<p>Bordado plano o 3D (dependiendo del logotipo), en pecho, manga, espalda, etc.<br \/>\nLogotipos tejidos, cosidos<br \/>\nTiras de cuero grabadas con l\u00e1ser, cosidas<br \/>\nLogotipos de elast\u00f3mero, cosidos<br \/>\nSerigraf\u00eda<br \/>\nImpresi\u00f3n por transferencia<\/p>\n<p><strong>Alternativamente<\/strong>, ofrecemos la sudadera en nuestra <strong>SPEED COLLECTION<\/strong>, donde est\u00e1n disponibles las siguientes opciones:<br \/>\n4 colores<br \/>\nTallas de la S a la XXL (seg\u00fan el color)<br \/>\nImpresi\u00f3n digital<br \/>\n<strong>Tiempo de producci\u00f3n m\u00e1ximo de 1 semana<\/strong><br \/>\n<strong>Pedidos a partir de 1 unidad disponibles<\/strong><\/p>\n<p><strong>\u00bfTe gusta el estilo? \u00a1Env\u00edanos tus colores y logotipos! <\/strong><br \/>\n<strong>\u00bfNo has encontrado lo que buscas en nuestra p\u00e1gina?<\/strong><br \/>\n<strong>\u00a1Ponte en contacto con nosotros!<\/strong><\/p>\n","protected":false},"excerpt":{"rendered":"<p>Sudadera unisex de cuello redondo Iconic, calidad premium Material perchado de algod\u00f3n 100% org\u00e1nico, hilado en anillos y peinado Gramaje: 350 g\/m\u00b2 Prelavado y resistente al encogimiento Caracter\u00edsticas: Mangas montadas Cinta tapacosturas de espiga en el cuello Puntada doble en el canal\u00e9 del cuello, los pu\u00f1os y el dobladillo inferior Puntada simple en el cuello [&hellip;]<\/p>\n","protected":false},"featured_media":39862,"comment_status":"open","ping_status":"closed","template":"","meta":{"iawp_total_views":0},"product_brand":[],"product_cat":[1755,1757],"product_tag":[],"class_list":{"0":"post-43535","1":"product","2":"type-product","3":"status-publish","4":"has-post-thumbnail","6":"product_cat-stock-collection","7":"product_cat-sudaderas-con-capucha-y-sudaderas","9":"first","10":"instock","11":"taxable","12":"shipping-taxable","13":"purchasable","14":"product-type-variable","15":"product-type-zakeke","16":"product-type-external"},"yoast_head":"<!-- This site is optimized with the Yoast SEO plugin v27.4 - https:\/\/yoast.com\/product\/yoast-seo-wordpress\/ -->\n<title>Sudadera Stanley&amp;Stella Changer 2.0 STOCK COLLECTION - Pegasus Sportswear<\/title>\n<meta name=\"description\" content=\"Sudadera Stanley&amp;Stella Changer 2.0 STOCK COLLECTION\" \/>\n<meta name=\"robots\" content=\"index, follow, max-snippet:-1, max-image-preview:large, max-video-preview:-1\" \/>\n<link rel=\"canonical\" href=\"https:\/\/pegasus-sportswear.de\/es\/produkt\/sudadera-stanleystella-changer-2-0-stock-collection\/\" \/>\n<meta property=\"og:locale\" content=\"es_ES\" \/>\n<meta property=\"og:type\" content=\"article\" \/>\n<meta property=\"og:title\" content=\"Sudadera Stanley&amp;Stella Changer 2.0 STOCK COLLECTION - Pegasus Sportswear\" \/>\n<meta property=\"og:description\" content=\"Sudadera Stanley&amp;Stella Changer 2.0 STOCK COLLECTION\" \/>\n<meta property=\"og:url\" content=\"https:\/\/pegasus-sportswear.de\/es\/produkt\/sudadera-stanleystella-changer-2-0-stock-collection\/\" \/>\n<meta property=\"og:site_name\" content=\"Pegasus Sportswear\" \/>\n<meta property=\"og:image\" content=\"https:\/\/pegasus-sportswear.de\/wp-content\/uploads\/2024\/06\/French-Navy-1.webp\" \/>\n\t<meta property=\"og:image:width\" content=\"2400\" \/>\n\t<meta property=\"og:image:height\" content=\"3000\" \/>\n\t<meta property=\"og:image:type\" content=\"image\/webp\" \/>\n<meta name=\"twitter:card\" content=\"summary_large_image\" \/>\n<meta name=\"twitter:label1\" content=\"Tiempo de lectura\" \/>\n\t<meta name=\"twitter:data1\" content=\"1 minuto\" \/>\n<script type=\"application\/ld+json\" class=\"yoast-schema-graph\">{\"@context\":\"https:\\\/\\\/schema.org\",\"@graph\":[{\"@type\":\"WebPage\",\"@id\":\"https:\\\/\\\/pegasus-sportswear.de\\\/es\\\/produkt\\\/sudadera-stanleystella-changer-2-0-stock-collection\\\/\",\"url\":\"https:\\\/\\\/pegasus-sportswear.de\\\/es\\\/produkt\\\/sudadera-stanleystella-changer-2-0-stock-collection\\\/\",\"name\":\"Sudadera Stanley&amp;Stella Changer 2.0 STOCK COLLECTION - Pegasus Sportswear\",\"isPartOf\":{\"@id\":\"https:\\\/\\\/pegasus-sportswear.de\\\/es\\\/#website\"},\"primaryImageOfPage\":{\"@id\":\"https:\\\/\\\/pegasus-sportswear.de\\\/es\\\/produkt\\\/sudadera-stanleystella-changer-2-0-stock-collection\\\/#primaryimage\"},\"image\":{\"@id\":\"https:\\\/\\\/pegasus-sportswear.de\\\/es\\\/produkt\\\/sudadera-stanleystella-changer-2-0-stock-collection\\\/#primaryimage\"},\"thumbnailUrl\":\"https:\\\/\\\/pegasus-sportswear.de\\\/wp-content\\\/uploads\\\/2024\\\/06\\\/French-Navy-1.webp\",\"datePublished\":\"2024-06-30T15:04:14+00:00\",\"description\":\"Sudadera Stanley&Stella Changer 2.0 STOCK COLLECTION\",\"breadcrumb\":{\"@id\":\"https:\\\/\\\/pegasus-sportswear.de\\\/es\\\/produkt\\\/sudadera-stanleystella-changer-2-0-stock-collection\\\/#breadcrumb\"},\"inLanguage\":\"es\",\"potentialAction\":[{\"@type\":\"ReadAction\",\"target\":[\"https:\\\/\\\/pegasus-sportswear.de\\\/es\\\/produkt\\\/sudadera-stanleystella-changer-2-0-stock-collection\\\/\"]}]},{\"@type\":\"ImageObject\",\"inLanguage\":\"es\",\"@id\":\"https:\\\/\\\/pegasus-sportswear.de\\\/es\\\/produkt\\\/sudadera-stanleystella-changer-2-0-stock-collection\\\/#primaryimage\",\"url\":\"https:\\\/\\\/pegasus-sportswear.de\\\/wp-content\\\/uploads\\\/2024\\\/06\\\/French-Navy-1.webp\",\"contentUrl\":\"https:\\\/\\\/pegasus-sportswear.de\\\/wp-content\\\/uploads\\\/2024\\\/06\\\/French-Navy-1.webp\",\"width\":2400,\"height\":3000},{\"@type\":\"BreadcrumbList\",\"@id\":\"https:\\\/\\\/pegasus-sportswear.de\\\/es\\\/produkt\\\/sudadera-stanleystella-changer-2-0-stock-collection\\\/#breadcrumb\",\"itemListElement\":[{\"@type\":\"ListItem\",\"position\":1,\"name\":\"Startseite\",\"item\":\"https:\\\/\\\/pegasus-sportswear.de\\\/es\\\/bienvenido-a-pegasus-sportswear\\\/\"},{\"@type\":\"ListItem\",\"position\":2,\"name\":\"Tienda\",\"item\":\"https:\\\/\\\/pegasus-sportswear.de\\\/es\\\/tienda\\\/\"},{\"@type\":\"ListItem\",\"position\":3,\"name\":\"Sudadera Stanley&amp;Stella Changer 2.0 STOCK COLLECTION\"}]},{\"@type\":\"WebSite\",\"@id\":\"https:\\\/\\\/pegasus-sportswear.de\\\/es\\\/#website\",\"url\":\"https:\\\/\\\/pegasus-sportswear.de\\\/es\\\/\",\"name\":\"Pegasus Sportswear\",\"description\":\"\",\"publisher\":{\"@id\":\"https:\\\/\\\/pegasus-sportswear.de\\\/es\\\/#organization\"},\"potentialAction\":[{\"@type\":\"SearchAction\",\"target\":{\"@type\":\"EntryPoint\",\"urlTemplate\":\"https:\\\/\\\/pegasus-sportswear.de\\\/es\\\/?s={search_term_string}\"},\"query-input\":{\"@type\":\"PropertyValueSpecification\",\"valueRequired\":true,\"valueName\":\"search_term_string\"}}],\"inLanguage\":\"es\"},{\"@type\":\"Organization\",\"@id\":\"https:\\\/\\\/pegasus-sportswear.de\\\/es\\\/#organization\",\"name\":\"Pegasus Sportswear\",\"url\":\"https:\\\/\\\/pegasus-sportswear.de\\\/es\\\/\",\"logo\":{\"@type\":\"ImageObject\",\"inLanguage\":\"es\",\"@id\":\"https:\\\/\\\/pegasus-sportswear.de\\\/es\\\/#\\\/schema\\\/logo\\\/image\\\/\",\"url\":\"https:\\\/\\\/pegasus-sportswear.de\\\/wp-content\\\/uploads\\\/2024\\\/03\\\/Signatur-Logo-neue-Schrift.jpg\",\"contentUrl\":\"https:\\\/\\\/pegasus-sportswear.de\\\/wp-content\\\/uploads\\\/2024\\\/03\\\/Signatur-Logo-neue-Schrift.jpg\",\"width\":314,\"height\":152,\"caption\":\"Pegasus Sportswear\"},\"image\":{\"@id\":\"https:\\\/\\\/pegasus-sportswear.de\\\/es\\\/#\\\/schema\\\/logo\\\/image\\\/\"}}]}<\/script>\n<!-- \/ Yoast SEO plugin. -->","yoast_head_json":{"title":"Sudadera Stanley&amp;Stella Changer 2.0 STOCK COLLECTION - Pegasus Sportswear","description":"Sudadera Stanley&Stella Changer 2.0 STOCK COLLECTION","robots":{"index":"index","follow":"follow","max-snippet":"max-snippet:-1","max-image-preview":"max-image-preview:large","max-video-preview":"max-video-preview:-1"},"canonical":"https:\/\/pegasus-sportswear.de\/es\/produkt\/sudadera-stanleystella-changer-2-0-stock-collection\/","og_locale":"es_ES","og_type":"article","og_title":"Sudadera Stanley&amp;Stella Changer 2.0 STOCK COLLECTION - Pegasus Sportswear","og_description":"Sudadera Stanley&Stella Changer 2.0 STOCK COLLECTION","og_url":"https:\/\/pegasus-sportswear.de\/es\/produkt\/sudadera-stanleystella-changer-2-0-stock-collection\/","og_site_name":"Pegasus Sportswear","og_image":[{"width":2400,"height":3000,"url":"https:\/\/pegasus-sportswear.de\/wp-content\/uploads\/2024\/06\/French-Navy-1.webp","type":"image\/webp"}],"twitter_card":"summary_large_image","twitter_misc":{"Tiempo de lectura":"1 minuto"},"schema":{"@context":"https:\/\/schema.org","@graph":[{"@type":"WebPage","@id":"https:\/\/pegasus-sportswear.de\/es\/produkt\/sudadera-stanleystella-changer-2-0-stock-collection\/","url":"https:\/\/pegasus-sportswear.de\/es\/produkt\/sudadera-stanleystella-changer-2-0-stock-collection\/","name":"Sudadera Stanley&amp;Stella Changer 2.0 STOCK COLLECTION - Pegasus Sportswear","isPartOf":{"@id":"https:\/\/pegasus-sportswear.de\/es\/#website"},"primaryImageOfPage":{"@id":"https:\/\/pegasus-sportswear.de\/es\/produkt\/sudadera-stanleystella-changer-2-0-stock-collection\/#primaryimage"},"image":{"@id":"https:\/\/pegasus-sportswear.de\/es\/produkt\/sudadera-stanleystella-changer-2-0-stock-collection\/#primaryimage"},"thumbnailUrl":"https:\/\/pegasus-sportswear.de\/wp-content\/uploads\/2024\/06\/French-Navy-1.webp","datePublished":"2024-06-30T15:04:14+00:00","description":"Sudadera Stanley&Stella Changer 2.0 STOCK COLLECTION","breadcrumb":{"@id":"https:\/\/pegasus-sportswear.de\/es\/produkt\/sudadera-stanleystella-changer-2-0-stock-collection\/#breadcrumb"},"inLanguage":"es","potentialAction":[{"@type":"ReadAction","target":["https:\/\/pegasus-sportswear.de\/es\/produkt\/sudadera-stanleystella-changer-2-0-stock-collection\/"]}]},{"@type":"ImageObject","inLanguage":"es","@id":"https:\/\/pegasus-sportswear.de\/es\/produkt\/sudadera-stanleystella-changer-2-0-stock-collection\/#primaryimage","url":"https:\/\/pegasus-sportswear.de\/wp-content\/uploads\/2024\/06\/French-Navy-1.webp","contentUrl":"https:\/\/pegasus-sportswear.de\/wp-content\/uploads\/2024\/06\/French-Navy-1.webp","width":2400,"height":3000},{"@type":"BreadcrumbList","@id":"https:\/\/pegasus-sportswear.de\/es\/produkt\/sudadera-stanleystella-changer-2-0-stock-collection\/#breadcrumb","itemListElement":[{"@type":"ListItem","position":1,"name":"Startseite","item":"https:\/\/pegasus-sportswear.de\/es\/bienvenido-a-pegasus-sportswear\/"},{"@type":"ListItem","position":2,"name":"Tienda","item":"https:\/\/pegasus-sportswear.de\/es\/tienda\/"},{"@type":"ListItem","position":3,"name":"Sudadera Stanley&amp;Stella Changer 2.0 STOCK COLLECTION"}]},{"@type":"WebSite","@id":"https:\/\/pegasus-sportswear.de\/es\/#website","url":"https:\/\/pegasus-sportswear.de\/es\/","name":"Pegasus Sportswear","description":"","publisher":{"@id":"https:\/\/pegasus-sportswear.de\/es\/#organization"},"potentialAction":[{"@type":"SearchAction","target":{"@type":"EntryPoint","urlTemplate":"https:\/\/pegasus-sportswear.de\/es\/?s={search_term_string}"},"query-input":{"@type":"PropertyValueSpecification","valueRequired":true,"valueName":"search_term_string"}}],"inLanguage":"es"},{"@type":"Organization","@id":"https:\/\/pegasus-sportswear.de\/es\/#organization","name":"Pegasus Sportswear","url":"https:\/\/pegasus-sportswear.de\/es\/","logo":{"@type":"ImageObject","inLanguage":"es","@id":"https:\/\/pegasus-sportswear.de\/es\/#\/schema\/logo\/image\/","url":"https:\/\/pegasus-sportswear.de\/wp-content\/uploads\/2024\/03\/Signatur-Logo-neue-Schrift.jpg","contentUrl":"https:\/\/pegasus-sportswear.de\/wp-content\/uploads\/2024\/03\/Signatur-Logo-neue-Schrift.jpg","width":314,"height":152,"caption":"Pegasus Sportswear"},"image":{"@id":"https:\/\/pegasus-sportswear.de\/es\/#\/schema\/logo\/image\/"}}]}},"jetpack_sharing_enabled":true,"_links":{"self":[{"href":"https:\/\/pegasus-sportswear.de\/es\/wp-json\/wp\/v2\/product\/43535","targetHints":{"allow":["GET"]}}],"collection":[{"href":"https:\/\/pegasus-sportswear.de\/es\/wp-json\/wp\/v2\/product"}],"about":[{"href":"https:\/\/pegasus-sportswear.de\/es\/wp-json\/wp\/v2\/types\/product"}],"replies":[{"embeddable":true,"href":"https:\/\/pegasus-sportswear.de\/es\/wp-json\/wp\/v2\/comments?post=43535"}],"wp:featuredmedia":[{"embeddable":true,"href":"https:\/\/pegasus-sportswear.de\/es\/wp-json\/wp\/v2\/media\/39862"}],"wp:attachment":[{"href":"https:\/\/pegasus-sportswear.de\/es\/wp-json\/wp\/v2\/media?parent=43535"}],"wp:term":[{"taxonomy":"product_brand","embeddable":true,"href":"https:\/\/pegasus-sportswear.de\/es\/wp-json\/wp\/v2\/product_brand?post=43535"},{"taxonomy":"product_cat","embeddable":true,"href":"https:\/\/pegasus-sportswear.de\/es\/wp-json\/wp\/v2\/product_cat?post=43535"},{"taxonomy":"product_tag","embeddable":true,"href":"https:\/\/pegasus-sportswear.de\/es\/wp-json\/wp\/v2\/product_tag?post=43535"}],"curies":[{"name":"wp","href":"https:\/\/api.w.org\/{rel}","templated":true}]}}