{"id":44871,"date":"2024-09-11T17:38:18","date_gmt":"2024-09-11T15:38:18","guid":{"rendered":"https:\/\/pegasus-sportswear.de\/produkt\/stanleystella-creator-2-0-camiseta-stock-collection\/"},"modified":"2025-11-26T10:04:15","modified_gmt":"2025-11-26T09:04:15","slug":"stanleystella-creator-2-0-camiseta-stock-collection","status":"publish","type":"product","link":"https:\/\/pegasus-sportswear.de\/es\/produkt\/stanleystella-creator-2-0-camiseta-stock-collection\/","title":{"rendered":"Stanley&amp;Stella Creator 2.0 Camiseta STOCK COLLECTION"},"content":{"rendered":"<h5>La camiseta Iconic de la absoluta clase Premium<\/h5>\n<p>Singlejersey de algod\u00f3n 100% org\u00e1nico, hilado en anillo y peinado<br \/>\nGramaje: 180 g\/m\u00b2<br \/>\nPrelavado y resistente al encogimiento<\/p>\n<p><strong>Caracter\u00edsticas:<\/strong><\/p>\n<p>Mangas insertadas<br \/>\nCinta de cuello interior del mismo material<br \/>\nDoble puntada en pu\u00f1os y dobladillo<br \/>\nCuello de canal\u00e9 1&#215;1<\/p>\n<p>Aqu\u00ed, en nuestra <strong>STOCK COLLECTION<\/strong>, est\u00e1n disponibles las siguientes opciones:<\/p>\n<h6>37 colores diferentes<\/h6>\n<h6>Tallas de XS-5XL (seg\u00fan el color)<\/h6>\n<h6><strong>Decoraci\u00f3n mediante impresi\u00f3n digital<\/strong><\/h6>\n<p><strong>Plazo de entrega incl. Tiempo de producci\u00f3n m\u00e1ximo de 3 semanas<\/strong><br \/>\n<strong>Cantidad m\u00ednima de pedido: 1 unidad<\/strong><\/p>\n<h6>Las siguientes opciones de decoraci\u00f3n est\u00e1n disponibles <strong>bajo pedido<\/strong>:<\/h6>\n<p>Bordado plano o 3D (dependiendo del logotipo), en pecho, manga, espalda, etc.<br \/>\nLogotipos tejidos, cosidos<br \/>\nTiras de cuero grabadas con l\u00e1ser, cosidas<br \/>\nLogotipos de elast\u00f3mero, cosidos<br \/>\nSerigraf\u00eda<br \/>\nImpresi\u00f3n por transferencia<\/p>\n<p><strong>Alternativamente<\/strong>, ofrecemos la camiseta en nuestra <strong>SPEED COLLECTION<\/strong>, donde est\u00e1n disponibles las siguientes opciones:<br \/>\n10 colores<br \/>\nTallas de XS-5XL (seg\u00fan el color)<br \/>\nImpresi\u00f3n digital<br \/>\n<strong>Tiempo de producci\u00f3n m\u00e1ximo de 1 semana<\/strong><br \/>\n<strong>Pedidos a partir de 1 unidad disponibles<\/strong><\/p>\n<p>&nbsp;<\/p>\n<p><strong>\u00bfTe gusta el estilo? \u00a1Env\u00edanos tus colores y logotipos! <\/strong><br \/>\n<strong>\u00bfNo has encontrado lo que buscas en nuestra p\u00e1gina?<\/strong><br \/>\n<strong>\u00a1Ponte en contacto con nosotros!<\/strong><\/p>\n<p>&nbsp;<\/p>\n<p>&nbsp;<\/p>\n","protected":false},"excerpt":{"rendered":"<p>La camiseta Iconic de la absoluta clase Premium Singlejersey de algod\u00f3n 100% org\u00e1nico, hilado en anillo y peinado Gramaje: 180 g\/m\u00b2 Prelavado y resistente al encogimiento Caracter\u00edsticas: Mangas insertadas Cinta de cuello interior del mismo material Doble puntada en pu\u00f1os y dobladillo Cuello de canal\u00e9 1&#215;1 Aqu\u00ed, en nuestra STOCK COLLECTION, est\u00e1n disponibles las siguientes [&hellip;]<\/p>\n","protected":false},"featured_media":41911,"comment_status":"open","ping_status":"closed","template":"","meta":{"iawp_total_views":0},"product_brand":[],"product_cat":[1764,1755],"product_tag":[],"class_list":{"0":"post-44871","1":"product","2":"type-product","3":"status-publish","4":"has-post-thumbnail","6":"product_cat-camisetas","7":"product_cat-stock-collection","9":"first","10":"instock","11":"taxable","12":"shipping-taxable","13":"purchasable","14":"product-type-variable","15":"has-default-attributes","16":"product-type-zakeke","17":"product-type-external"},"yoast_head":"<!-- This site is optimized with the Yoast SEO plugin v27.4 - https:\/\/yoast.com\/product\/yoast-seo-wordpress\/ -->\n<title>Stanley&amp;Stella Creator 2.0 Camiseta STOCK COLLECTION - Pegasus Sportswear<\/title>\n<meta name=\"description\" content=\"Stanley&amp;Stella Creator 2.0 Camiseta STOCK COLLECTION\" \/>\n<meta name=\"robots\" content=\"index, follow, max-snippet:-1, max-image-preview:large, max-video-preview:-1\" \/>\n<link rel=\"canonical\" href=\"https:\/\/pegasus-sportswear.de\/es\/produkt\/stanleystella-creator-2-0-camiseta-stock-collection\/\" \/>\n<meta property=\"og:locale\" content=\"es_ES\" \/>\n<meta property=\"og:type\" content=\"article\" \/>\n<meta property=\"og:title\" content=\"Stanley&amp;Stella Creator 2.0 Camiseta STOCK COLLECTION - Pegasus Sportswear\" \/>\n<meta property=\"og:description\" content=\"Stanley&amp;Stella Creator 2.0 Camiseta STOCK COLLECTION\" \/>\n<meta property=\"og:url\" content=\"https:\/\/pegasus-sportswear.de\/es\/produkt\/stanleystella-creator-2-0-camiseta-stock-collection\/\" \/>\n<meta property=\"og:site_name\" content=\"Pegasus Sportswear\" \/>\n<meta property=\"article:modified_time\" content=\"2025-11-26T09:04:15+00:00\" \/>\n<meta property=\"og:image\" content=\"https:\/\/pegasus-sportswear.de\/wp-content\/uploads\/2024\/06\/White.webp\" \/>\n\t<meta property=\"og:image:width\" content=\"2400\" \/>\n\t<meta property=\"og:image:height\" content=\"3000\" \/>\n\t<meta property=\"og:image:type\" content=\"image\/webp\" \/>\n<meta name=\"twitter:card\" content=\"summary_large_image\" \/>\n<meta name=\"twitter:label1\" content=\"Tiempo de lectura\" \/>\n\t<meta name=\"twitter:data1\" content=\"1 minuto\" \/>\n<script type=\"application\/ld+json\" class=\"yoast-schema-graph\">{\"@context\":\"https:\\\/\\\/schema.org\",\"@graph\":[{\"@type\":\"WebPage\",\"@id\":\"https:\\\/\\\/pegasus-sportswear.de\\\/es\\\/produkt\\\/stanleystella-creator-2-0-camiseta-stock-collection\\\/\",\"url\":\"https:\\\/\\\/pegasus-sportswear.de\\\/es\\\/produkt\\\/stanleystella-creator-2-0-camiseta-stock-collection\\\/\",\"name\":\"Stanley&amp;Stella Creator 2.0 Camiseta STOCK COLLECTION - Pegasus Sportswear\",\"isPartOf\":{\"@id\":\"https:\\\/\\\/pegasus-sportswear.de\\\/es\\\/#website\"},\"primaryImageOfPage\":{\"@id\":\"https:\\\/\\\/pegasus-sportswear.de\\\/es\\\/produkt\\\/stanleystella-creator-2-0-camiseta-stock-collection\\\/#primaryimage\"},\"image\":{\"@id\":\"https:\\\/\\\/pegasus-sportswear.de\\\/es\\\/produkt\\\/stanleystella-creator-2-0-camiseta-stock-collection\\\/#primaryimage\"},\"thumbnailUrl\":\"https:\\\/\\\/pegasus-sportswear.de\\\/wp-content\\\/uploads\\\/2024\\\/06\\\/White.webp\",\"datePublished\":\"2024-09-11T15:38:18+00:00\",\"dateModified\":\"2025-11-26T09:04:15+00:00\",\"description\":\"Stanley&Stella Creator 2.0 Camiseta STOCK COLLECTION\",\"breadcrumb\":{\"@id\":\"https:\\\/\\\/pegasus-sportswear.de\\\/es\\\/produkt\\\/stanleystella-creator-2-0-camiseta-stock-collection\\\/#breadcrumb\"},\"inLanguage\":\"es\",\"potentialAction\":[{\"@type\":\"ReadAction\",\"target\":[\"https:\\\/\\\/pegasus-sportswear.de\\\/es\\\/produkt\\\/stanleystella-creator-2-0-camiseta-stock-collection\\\/\"]}]},{\"@type\":\"ImageObject\",\"inLanguage\":\"es\",\"@id\":\"https:\\\/\\\/pegasus-sportswear.de\\\/es\\\/produkt\\\/stanleystella-creator-2-0-camiseta-stock-collection\\\/#primaryimage\",\"url\":\"https:\\\/\\\/pegasus-sportswear.de\\\/wp-content\\\/uploads\\\/2024\\\/06\\\/White.webp\",\"contentUrl\":\"https:\\\/\\\/pegasus-sportswear.de\\\/wp-content\\\/uploads\\\/2024\\\/06\\\/White.webp\",\"width\":2400,\"height\":3000},{\"@type\":\"BreadcrumbList\",\"@id\":\"https:\\\/\\\/pegasus-sportswear.de\\\/es\\\/produkt\\\/stanleystella-creator-2-0-camiseta-stock-collection\\\/#breadcrumb\",\"itemListElement\":[{\"@type\":\"ListItem\",\"position\":1,\"name\":\"Startseite\",\"item\":\"https:\\\/\\\/pegasus-sportswear.de\\\/es\\\/bienvenido-a-pegasus-sportswear\\\/\"},{\"@type\":\"ListItem\",\"position\":2,\"name\":\"Tienda\",\"item\":\"https:\\\/\\\/pegasus-sportswear.de\\\/es\\\/tienda\\\/\"},{\"@type\":\"ListItem\",\"position\":3,\"name\":\"Stanley&amp;Stella Creator 2.0 Camiseta STOCK COLLECTION\"}]},{\"@type\":\"WebSite\",\"@id\":\"https:\\\/\\\/pegasus-sportswear.de\\\/es\\\/#website\",\"url\":\"https:\\\/\\\/pegasus-sportswear.de\\\/es\\\/\",\"name\":\"Pegasus Sportswear\",\"description\":\"\",\"publisher\":{\"@id\":\"https:\\\/\\\/pegasus-sportswear.de\\\/es\\\/#organization\"},\"potentialAction\":[{\"@type\":\"SearchAction\",\"target\":{\"@type\":\"EntryPoint\",\"urlTemplate\":\"https:\\\/\\\/pegasus-sportswear.de\\\/es\\\/?s={search_term_string}\"},\"query-input\":{\"@type\":\"PropertyValueSpecification\",\"valueRequired\":true,\"valueName\":\"search_term_string\"}}],\"inLanguage\":\"es\"},{\"@type\":\"Organization\",\"@id\":\"https:\\\/\\\/pegasus-sportswear.de\\\/es\\\/#organization\",\"name\":\"Pegasus Sportswear\",\"url\":\"https:\\\/\\\/pegasus-sportswear.de\\\/es\\\/\",\"logo\":{\"@type\":\"ImageObject\",\"inLanguage\":\"es\",\"@id\":\"https:\\\/\\\/pegasus-sportswear.de\\\/es\\\/#\\\/schema\\\/logo\\\/image\\\/\",\"url\":\"https:\\\/\\\/pegasus-sportswear.de\\\/wp-content\\\/uploads\\\/2024\\\/03\\\/Signatur-Logo-neue-Schrift.jpg\",\"contentUrl\":\"https:\\\/\\\/pegasus-sportswear.de\\\/wp-content\\\/uploads\\\/2024\\\/03\\\/Signatur-Logo-neue-Schrift.jpg\",\"width\":314,\"height\":152,\"caption\":\"Pegasus Sportswear\"},\"image\":{\"@id\":\"https:\\\/\\\/pegasus-sportswear.de\\\/es\\\/#\\\/schema\\\/logo\\\/image\\\/\"}}]}<\/script>\n<!-- \/ Yoast SEO plugin. -->","yoast_head_json":{"title":"Stanley&amp;Stella Creator 2.0 Camiseta STOCK COLLECTION - Pegasus Sportswear","description":"Stanley&Stella Creator 2.0 Camiseta STOCK COLLECTION","robots":{"index":"index","follow":"follow","max-snippet":"max-snippet:-1","max-image-preview":"max-image-preview:large","max-video-preview":"max-video-preview:-1"},"canonical":"https:\/\/pegasus-sportswear.de\/es\/produkt\/stanleystella-creator-2-0-camiseta-stock-collection\/","og_locale":"es_ES","og_type":"article","og_title":"Stanley&amp;Stella Creator 2.0 Camiseta STOCK COLLECTION - Pegasus Sportswear","og_description":"Stanley&Stella Creator 2.0 Camiseta STOCK COLLECTION","og_url":"https:\/\/pegasus-sportswear.de\/es\/produkt\/stanleystella-creator-2-0-camiseta-stock-collection\/","og_site_name":"Pegasus Sportswear","article_modified_time":"2025-11-26T09:04:15+00:00","og_image":[{"width":2400,"height":3000,"url":"https:\/\/pegasus-sportswear.de\/wp-content\/uploads\/2024\/06\/White.webp","type":"image\/webp"}],"twitter_card":"summary_large_image","twitter_misc":{"Tiempo de lectura":"1 minuto"},"schema":{"@context":"https:\/\/schema.org","@graph":[{"@type":"WebPage","@id":"https:\/\/pegasus-sportswear.de\/es\/produkt\/stanleystella-creator-2-0-camiseta-stock-collection\/","url":"https:\/\/pegasus-sportswear.de\/es\/produkt\/stanleystella-creator-2-0-camiseta-stock-collection\/","name":"Stanley&amp;Stella Creator 2.0 Camiseta STOCK COLLECTION - Pegasus Sportswear","isPartOf":{"@id":"https:\/\/pegasus-sportswear.de\/es\/#website"},"primaryImageOfPage":{"@id":"https:\/\/pegasus-sportswear.de\/es\/produkt\/stanleystella-creator-2-0-camiseta-stock-collection\/#primaryimage"},"image":{"@id":"https:\/\/pegasus-sportswear.de\/es\/produkt\/stanleystella-creator-2-0-camiseta-stock-collection\/#primaryimage"},"thumbnailUrl":"https:\/\/pegasus-sportswear.de\/wp-content\/uploads\/2024\/06\/White.webp","datePublished":"2024-09-11T15:38:18+00:00","dateModified":"2025-11-26T09:04:15+00:00","description":"Stanley&Stella Creator 2.0 Camiseta STOCK COLLECTION","breadcrumb":{"@id":"https:\/\/pegasus-sportswear.de\/es\/produkt\/stanleystella-creator-2-0-camiseta-stock-collection\/#breadcrumb"},"inLanguage":"es","potentialAction":[{"@type":"ReadAction","target":["https:\/\/pegasus-sportswear.de\/es\/produkt\/stanleystella-creator-2-0-camiseta-stock-collection\/"]}]},{"@type":"ImageObject","inLanguage":"es","@id":"https:\/\/pegasus-sportswear.de\/es\/produkt\/stanleystella-creator-2-0-camiseta-stock-collection\/#primaryimage","url":"https:\/\/pegasus-sportswear.de\/wp-content\/uploads\/2024\/06\/White.webp","contentUrl":"https:\/\/pegasus-sportswear.de\/wp-content\/uploads\/2024\/06\/White.webp","width":2400,"height":3000},{"@type":"BreadcrumbList","@id":"https:\/\/pegasus-sportswear.de\/es\/produkt\/stanleystella-creator-2-0-camiseta-stock-collection\/#breadcrumb","itemListElement":[{"@type":"ListItem","position":1,"name":"Startseite","item":"https:\/\/pegasus-sportswear.de\/es\/bienvenido-a-pegasus-sportswear\/"},{"@type":"ListItem","position":2,"name":"Tienda","item":"https:\/\/pegasus-sportswear.de\/es\/tienda\/"},{"@type":"ListItem","position":3,"name":"Stanley&amp;Stella Creator 2.0 Camiseta STOCK COLLECTION"}]},{"@type":"WebSite","@id":"https:\/\/pegasus-sportswear.de\/es\/#website","url":"https:\/\/pegasus-sportswear.de\/es\/","name":"Pegasus Sportswear","description":"","publisher":{"@id":"https:\/\/pegasus-sportswear.de\/es\/#organization"},"potentialAction":[{"@type":"SearchAction","target":{"@type":"EntryPoint","urlTemplate":"https:\/\/pegasus-sportswear.de\/es\/?s={search_term_string}"},"query-input":{"@type":"PropertyValueSpecification","valueRequired":true,"valueName":"search_term_string"}}],"inLanguage":"es"},{"@type":"Organization","@id":"https:\/\/pegasus-sportswear.de\/es\/#organization","name":"Pegasus Sportswear","url":"https:\/\/pegasus-sportswear.de\/es\/","logo":{"@type":"ImageObject","inLanguage":"es","@id":"https:\/\/pegasus-sportswear.de\/es\/#\/schema\/logo\/image\/","url":"https:\/\/pegasus-sportswear.de\/wp-content\/uploads\/2024\/03\/Signatur-Logo-neue-Schrift.jpg","contentUrl":"https:\/\/pegasus-sportswear.de\/wp-content\/uploads\/2024\/03\/Signatur-Logo-neue-Schrift.jpg","width":314,"height":152,"caption":"Pegasus Sportswear"},"image":{"@id":"https:\/\/pegasus-sportswear.de\/es\/#\/schema\/logo\/image\/"}}]}},"jetpack_sharing_enabled":true,"_links":{"self":[{"href":"https:\/\/pegasus-sportswear.de\/es\/wp-json\/wp\/v2\/product\/44871","targetHints":{"allow":["GET"]}}],"collection":[{"href":"https:\/\/pegasus-sportswear.de\/es\/wp-json\/wp\/v2\/product"}],"about":[{"href":"https:\/\/pegasus-sportswear.de\/es\/wp-json\/wp\/v2\/types\/product"}],"replies":[{"embeddable":true,"href":"https:\/\/pegasus-sportswear.de\/es\/wp-json\/wp\/v2\/comments?post=44871"}],"wp:featuredmedia":[{"embeddable":true,"href":"https:\/\/pegasus-sportswear.de\/es\/wp-json\/wp\/v2\/media\/41911"}],"wp:attachment":[{"href":"https:\/\/pegasus-sportswear.de\/es\/wp-json\/wp\/v2\/media?parent=44871"}],"wp:term":[{"taxonomy":"product_brand","embeddable":true,"href":"https:\/\/pegasus-sportswear.de\/es\/wp-json\/wp\/v2\/product_brand?post=44871"},{"taxonomy":"product_cat","embeddable":true,"href":"https:\/\/pegasus-sportswear.de\/es\/wp-json\/wp\/v2\/product_cat?post=44871"},{"taxonomy":"product_tag","embeddable":true,"href":"https:\/\/pegasus-sportswear.de\/es\/wp-json\/wp\/v2\/product_tag?post=44871"}],"curies":[{"name":"wp","href":"https:\/\/api.w.org\/{rel}","templated":true}]}}