{"id":45216,"date":"2024-06-30T17:02:32","date_gmt":"2024-06-30T15:02:32","guid":{"rendered":"https:\/\/pegasus-sportswear.de\/produkt\/sudadera-con-capucha-stanleystella-drummer-2-0-coleccion-de-stock\/"},"modified":"2025-11-26T10:05:26","modified_gmt":"2025-11-26T09:05:26","slug":"sudadera-con-capucha-stanleystella-drummer-2-0-coleccion-de-stock","status":"publish","type":"product","link":"https:\/\/pegasus-sportswear.de\/es\/produkt\/sudadera-con-capucha-stanleystella-drummer-2-0-coleccion-de-stock\/","title":{"rendered":"Sudadera con capucha Stanley&amp;Stella Drummer 2.0 COLECCI\u00d3N DE STOCK"},"content":{"rendered":"<h5><strong>Sudadera con capucha unisex de alta calidad<\/strong><\/h5>\n<p>Material perchado, 85% algod\u00f3n org\u00e1nico peinado de hilado en anillo, 15% poli\u00e9ster reciclado<br \/>\nGramaje: 280 g\/m\u00b2<br \/>\nPrelavado y resistente al encogimiento<\/p>\n<p><strong>Caracter\u00edsticas:<\/strong><\/p>\n<p>Mangas insertadas<br \/>\nCapucha con forro del mismo tejido<br \/>\nCord\u00f3n plano del mismo color<br \/>\nOjales bordados<br \/>\nCinta de sarga en el cuello, media luna en el cuello<br \/>\nPespunte simple en el escote y a lo largo de la capucha<br \/>\nPunto canal\u00e9 1&#215;1 en los pu\u00f1os de las mangas y el dobladillo inferior<br \/>\nDoble pespunte en las sisas, los pu\u00f1os de las mangas y el dobladillo inferior<br \/>\nBolsillo canguro<\/p>\n<p>Aqu\u00ed, en nuestra <strong>STOCK COLLECTION<\/strong>, est\u00e1n disponibles las siguientes opciones:<\/p>\n<h6>22 colores diferentes<\/h6>\n<h6>Tallas de XS-5XL (seg\u00fan el color)<\/h6>\n<h6>Decoraci\u00f3n mediante impresi\u00f3n digital<\/h6>\n<p><strong>Plazo de entrega incl. Tiempo de producci\u00f3n m\u00e1ximo de 3 semanas<\/strong><br \/>\n<strong>Cantidad m\u00ednima de pedido: unidad<\/strong><\/p>\n<h6>Las siguientes opciones de decoraci\u00f3n adicionales est\u00e1n disponibles bajo pedido:<\/h6>\n<p>Bordado plano o 3D (dependiendo del logotipo), en pecho, manga, espalda, etc.<br \/>\nLogotipos tejidos, cosidos<br \/>\nTiras de cuero grabadas con l\u00e1ser, cosidas<br \/>\nLogotipos de elast\u00f3mero, cosidos<br \/>\nSerigraf\u00eda<br \/>\nImpresi\u00f3n por transferencia<\/p>\n<p><strong>Alternativamente<\/strong>, ofrecemos la sudadera en nuestra <strong>SPEED COLLECTION<\/strong>, donde est\u00e1n disponibles las siguientes opciones:<\/p>\n<p>4 colores<br \/>\nTallas de la S a la XXL (seg\u00fan el color)<br \/>\nImpresi\u00f3n digital<br \/>\n<strong>Tiempo de producci\u00f3n m\u00e1ximo de 1 semana<\/strong><br \/>\n<strong>Pedidos a partir de 1 unidad disponibles<\/strong><\/p>\n<p>&nbsp;<\/p>\n<p><strong>\u00bfTe gusta el estilo? \u00a1Elegante con tus colores y logotipos! <\/strong><br \/>\n<strong>\u00bfNo has encontrado lo que buscas en nuestra p\u00e1gina?<\/strong><br \/>\n<strong>\u00a1Ponte en contacto con nosotros!<\/strong><\/p>\n","protected":false},"excerpt":{"rendered":"<p>Sudadera con capucha unisex de alta calidad Material perchado, 85% algod\u00f3n org\u00e1nico peinado de hilado en anillo, 15% poli\u00e9ster reciclado Gramaje: 280 g\/m\u00b2 Prelavado y resistente al encogimiento Caracter\u00edsticas: Mangas insertadas Capucha con forro del mismo tejido Cord\u00f3n plano del mismo color Ojales bordados Cinta de sarga en el cuello, media luna en el cuello [&hellip;]<\/p>\n","protected":false},"featured_media":40120,"comment_status":"open","ping_status":"closed","template":"","meta":{"iawp_total_views":0},"product_brand":[],"product_cat":[1755,1757],"product_tag":[],"class_list":{"0":"post-45216","1":"product","2":"type-product","3":"status-publish","4":"has-post-thumbnail","6":"product_cat-stock-collection","7":"product_cat-sudaderas-con-capucha-y-sudaderas","9":"first","10":"instock","11":"taxable","12":"shipping-taxable","13":"purchasable","14":"product-type-variable","15":"product-type-zakeke","16":"product-type-external"},"yoast_head":"<!-- This site is optimized with the Yoast SEO plugin v27.1.1 - https:\/\/yoast.com\/product\/yoast-seo-wordpress\/ -->\n<title>Sudadera con capucha Stanley&amp;Stella Drummer 2.0 COLECCI\u00d3N DE STOCK<\/title>\n<meta name=\"description\" content=\"Sudadera con capucha Stanley&amp;Stella Drummer 2.0 COLECCI\u00d3N DE STOCK\" \/>\n<meta name=\"robots\" content=\"index, follow, max-snippet:-1, max-image-preview:large, max-video-preview:-1\" \/>\n<link rel=\"canonical\" href=\"https:\/\/pegasus-sportswear.de\/es\/produkt\/sudadera-con-capucha-stanleystella-drummer-2-0-coleccion-de-stock\/\" \/>\n<meta property=\"og:locale\" content=\"es_ES\" \/>\n<meta property=\"og:type\" content=\"article\" \/>\n<meta property=\"og:title\" content=\"Sudadera con capucha Stanley&amp;Stella Drummer 2.0 COLECCI\u00d3N DE STOCK\" \/>\n<meta property=\"og:description\" content=\"Sudadera con capucha Stanley&amp;Stella Drummer 2.0 COLECCI\u00d3N DE STOCK\" \/>\n<meta property=\"og:url\" content=\"https:\/\/pegasus-sportswear.de\/es\/produkt\/sudadera-con-capucha-stanleystella-drummer-2-0-coleccion-de-stock\/\" \/>\n<meta property=\"og:site_name\" content=\"Pegasus Sportswear\" \/>\n<meta property=\"article:modified_time\" content=\"2025-11-26T09:05:26+00:00\" \/>\n<meta property=\"og:image\" content=\"https:\/\/pegasus-sportswear.de\/wp-content\/uploads\/2024\/06\/SFM5_STSU168_C002.webp\" \/>\n\t<meta property=\"og:image:width\" content=\"2400\" \/>\n\t<meta property=\"og:image:height\" content=\"3000\" \/>\n\t<meta property=\"og:image:type\" content=\"image\/webp\" \/>\n<meta name=\"twitter:card\" content=\"summary_large_image\" \/>\n<meta name=\"twitter:label1\" content=\"Tiempo de lectura\" \/>\n\t<meta name=\"twitter:data1\" content=\"1 minuto\" \/>\n<script type=\"application\/ld+json\" class=\"yoast-schema-graph\">{\"@context\":\"https:\/\/schema.org\",\"@graph\":[{\"@type\":\"WebPage\",\"@id\":\"https:\/\/pegasus-sportswear.de\/es\/produkt\/sudadera-con-capucha-stanleystella-drummer-2-0-coleccion-de-stock\/\",\"url\":\"https:\/\/pegasus-sportswear.de\/es\/produkt\/sudadera-con-capucha-stanleystella-drummer-2-0-coleccion-de-stock\/\",\"name\":\"Sudadera con capucha Stanley&Stella Drummer 2.0 COLECCI\u00d3N DE STOCK\",\"isPartOf\":{\"@id\":\"https:\/\/pegasus-sportswear.de\/es\/#website\"},\"primaryImageOfPage\":{\"@id\":\"https:\/\/pegasus-sportswear.de\/es\/produkt\/sudadera-con-capucha-stanleystella-drummer-2-0-coleccion-de-stock\/#primaryimage\"},\"image\":{\"@id\":\"https:\/\/pegasus-sportswear.de\/es\/produkt\/sudadera-con-capucha-stanleystella-drummer-2-0-coleccion-de-stock\/#primaryimage\"},\"thumbnailUrl\":\"https:\/\/pegasus-sportswear.de\/wp-content\/uploads\/2024\/06\/SFM5_STSU168_C002.webp\",\"datePublished\":\"2024-06-30T15:02:32+00:00\",\"dateModified\":\"2025-11-26T09:05:26+00:00\",\"description\":\"Sudadera con capucha Stanley&Stella Drummer 2.0 COLECCI\u00d3N DE STOCK\",\"breadcrumb\":{\"@id\":\"https:\/\/pegasus-sportswear.de\/es\/produkt\/sudadera-con-capucha-stanleystella-drummer-2-0-coleccion-de-stock\/#breadcrumb\"},\"inLanguage\":\"es\",\"potentialAction\":[{\"@type\":\"ReadAction\",\"target\":[\"https:\/\/pegasus-sportswear.de\/es\/produkt\/sudadera-con-capucha-stanleystella-drummer-2-0-coleccion-de-stock\/\"]}]},{\"@type\":\"ImageObject\",\"inLanguage\":\"es\",\"@id\":\"https:\/\/pegasus-sportswear.de\/es\/produkt\/sudadera-con-capucha-stanleystella-drummer-2-0-coleccion-de-stock\/#primaryimage\",\"url\":\"https:\/\/pegasus-sportswear.de\/wp-content\/uploads\/2024\/06\/SFM5_STSU168_C002.webp\",\"contentUrl\":\"https:\/\/pegasus-sportswear.de\/wp-content\/uploads\/2024\/06\/SFM5_STSU168_C002.webp\",\"width\":2400,\"height\":3000},{\"@type\":\"BreadcrumbList\",\"@id\":\"https:\/\/pegasus-sportswear.de\/es\/produkt\/sudadera-con-capucha-stanleystella-drummer-2-0-coleccion-de-stock\/#breadcrumb\",\"itemListElement\":[{\"@type\":\"ListItem\",\"position\":1,\"name\":\"Startseite\",\"item\":\"https:\/\/pegasus-sportswear.de\/es\/bienvenido-a-pegasus-sportswear\/\"},{\"@type\":\"ListItem\",\"position\":2,\"name\":\"Tienda\",\"item\":\"https:\/\/pegasus-sportswear.de\/es\/tienda\/\"},{\"@type\":\"ListItem\",\"position\":3,\"name\":\"Sudadera con capucha Stanley&amp;Stella Drummer 2.0 COLECCI\u00d3N DE STOCK\"}]},{\"@type\":\"WebSite\",\"@id\":\"https:\/\/pegasus-sportswear.de\/es\/#website\",\"url\":\"https:\/\/pegasus-sportswear.de\/es\/\",\"name\":\"Pegasus Sportswear\",\"description\":\"\",\"publisher\":{\"@id\":\"https:\/\/pegasus-sportswear.de\/es\/#organization\"},\"potentialAction\":[{\"@type\":\"SearchAction\",\"target\":{\"@type\":\"EntryPoint\",\"urlTemplate\":\"https:\/\/pegasus-sportswear.de\/es\/?s={search_term_string}\"},\"query-input\":{\"@type\":\"PropertyValueSpecification\",\"valueRequired\":true,\"valueName\":\"search_term_string\"}}],\"inLanguage\":\"es\"},{\"@type\":\"Organization\",\"@id\":\"https:\/\/pegasus-sportswear.de\/es\/#organization\",\"name\":\"Pegasus Sportswear\",\"url\":\"https:\/\/pegasus-sportswear.de\/es\/\",\"logo\":{\"@type\":\"ImageObject\",\"inLanguage\":\"es\",\"@id\":\"https:\/\/pegasus-sportswear.de\/es\/#\/schema\/logo\/image\/\",\"url\":\"https:\/\/pegasus-sportswear.de\/wp-content\/uploads\/2024\/03\/Signatur-Logo-neue-Schrift.jpg\",\"contentUrl\":\"https:\/\/pegasus-sportswear.de\/wp-content\/uploads\/2024\/03\/Signatur-Logo-neue-Schrift.jpg\",\"width\":314,\"height\":152,\"caption\":\"Pegasus Sportswear\"},\"image\":{\"@id\":\"https:\/\/pegasus-sportswear.de\/es\/#\/schema\/logo\/image\/\"}}]}<\/script>\n<!-- \/ Yoast SEO plugin. -->","yoast_head_json":{"title":"Sudadera con capucha Stanley&Stella Drummer 2.0 COLECCI\u00d3N DE STOCK","description":"Sudadera con capucha Stanley&Stella Drummer 2.0 COLECCI\u00d3N DE STOCK","robots":{"index":"index","follow":"follow","max-snippet":"max-snippet:-1","max-image-preview":"max-image-preview:large","max-video-preview":"max-video-preview:-1"},"canonical":"https:\/\/pegasus-sportswear.de\/es\/produkt\/sudadera-con-capucha-stanleystella-drummer-2-0-coleccion-de-stock\/","og_locale":"es_ES","og_type":"article","og_title":"Sudadera con capucha Stanley&Stella Drummer 2.0 COLECCI\u00d3N DE STOCK","og_description":"Sudadera con capucha Stanley&Stella Drummer 2.0 COLECCI\u00d3N DE STOCK","og_url":"https:\/\/pegasus-sportswear.de\/es\/produkt\/sudadera-con-capucha-stanleystella-drummer-2-0-coleccion-de-stock\/","og_site_name":"Pegasus Sportswear","article_modified_time":"2025-11-26T09:05:26+00:00","og_image":[{"width":2400,"height":3000,"url":"https:\/\/pegasus-sportswear.de\/wp-content\/uploads\/2024\/06\/SFM5_STSU168_C002.webp","type":"image\/webp"}],"twitter_card":"summary_large_image","twitter_misc":{"Tiempo de lectura":"1 minuto"},"schema":{"@context":"https:\/\/schema.org","@graph":[{"@type":"WebPage","@id":"https:\/\/pegasus-sportswear.de\/es\/produkt\/sudadera-con-capucha-stanleystella-drummer-2-0-coleccion-de-stock\/","url":"https:\/\/pegasus-sportswear.de\/es\/produkt\/sudadera-con-capucha-stanleystella-drummer-2-0-coleccion-de-stock\/","name":"Sudadera con capucha Stanley&Stella Drummer 2.0 COLECCI\u00d3N DE STOCK","isPartOf":{"@id":"https:\/\/pegasus-sportswear.de\/es\/#website"},"primaryImageOfPage":{"@id":"https:\/\/pegasus-sportswear.de\/es\/produkt\/sudadera-con-capucha-stanleystella-drummer-2-0-coleccion-de-stock\/#primaryimage"},"image":{"@id":"https:\/\/pegasus-sportswear.de\/es\/produkt\/sudadera-con-capucha-stanleystella-drummer-2-0-coleccion-de-stock\/#primaryimage"},"thumbnailUrl":"https:\/\/pegasus-sportswear.de\/wp-content\/uploads\/2024\/06\/SFM5_STSU168_C002.webp","datePublished":"2024-06-30T15:02:32+00:00","dateModified":"2025-11-26T09:05:26+00:00","description":"Sudadera con capucha Stanley&Stella Drummer 2.0 COLECCI\u00d3N DE STOCK","breadcrumb":{"@id":"https:\/\/pegasus-sportswear.de\/es\/produkt\/sudadera-con-capucha-stanleystella-drummer-2-0-coleccion-de-stock\/#breadcrumb"},"inLanguage":"es","potentialAction":[{"@type":"ReadAction","target":["https:\/\/pegasus-sportswear.de\/es\/produkt\/sudadera-con-capucha-stanleystella-drummer-2-0-coleccion-de-stock\/"]}]},{"@type":"ImageObject","inLanguage":"es","@id":"https:\/\/pegasus-sportswear.de\/es\/produkt\/sudadera-con-capucha-stanleystella-drummer-2-0-coleccion-de-stock\/#primaryimage","url":"https:\/\/pegasus-sportswear.de\/wp-content\/uploads\/2024\/06\/SFM5_STSU168_C002.webp","contentUrl":"https:\/\/pegasus-sportswear.de\/wp-content\/uploads\/2024\/06\/SFM5_STSU168_C002.webp","width":2400,"height":3000},{"@type":"BreadcrumbList","@id":"https:\/\/pegasus-sportswear.de\/es\/produkt\/sudadera-con-capucha-stanleystella-drummer-2-0-coleccion-de-stock\/#breadcrumb","itemListElement":[{"@type":"ListItem","position":1,"name":"Startseite","item":"https:\/\/pegasus-sportswear.de\/es\/bienvenido-a-pegasus-sportswear\/"},{"@type":"ListItem","position":2,"name":"Tienda","item":"https:\/\/pegasus-sportswear.de\/es\/tienda\/"},{"@type":"ListItem","position":3,"name":"Sudadera con capucha Stanley&amp;Stella Drummer 2.0 COLECCI\u00d3N DE STOCK"}]},{"@type":"WebSite","@id":"https:\/\/pegasus-sportswear.de\/es\/#website","url":"https:\/\/pegasus-sportswear.de\/es\/","name":"Pegasus Sportswear","description":"","publisher":{"@id":"https:\/\/pegasus-sportswear.de\/es\/#organization"},"potentialAction":[{"@type":"SearchAction","target":{"@type":"EntryPoint","urlTemplate":"https:\/\/pegasus-sportswear.de\/es\/?s={search_term_string}"},"query-input":{"@type":"PropertyValueSpecification","valueRequired":true,"valueName":"search_term_string"}}],"inLanguage":"es"},{"@type":"Organization","@id":"https:\/\/pegasus-sportswear.de\/es\/#organization","name":"Pegasus Sportswear","url":"https:\/\/pegasus-sportswear.de\/es\/","logo":{"@type":"ImageObject","inLanguage":"es","@id":"https:\/\/pegasus-sportswear.de\/es\/#\/schema\/logo\/image\/","url":"https:\/\/pegasus-sportswear.de\/wp-content\/uploads\/2024\/03\/Signatur-Logo-neue-Schrift.jpg","contentUrl":"https:\/\/pegasus-sportswear.de\/wp-content\/uploads\/2024\/03\/Signatur-Logo-neue-Schrift.jpg","width":314,"height":152,"caption":"Pegasus Sportswear"},"image":{"@id":"https:\/\/pegasus-sportswear.de\/es\/#\/schema\/logo\/image\/"}}]}},"jetpack_sharing_enabled":true,"_links":{"self":[{"href":"https:\/\/pegasus-sportswear.de\/es\/wp-json\/wp\/v2\/product\/45216","targetHints":{"allow":["GET"]}}],"collection":[{"href":"https:\/\/pegasus-sportswear.de\/es\/wp-json\/wp\/v2\/product"}],"about":[{"href":"https:\/\/pegasus-sportswear.de\/es\/wp-json\/wp\/v2\/types\/product"}],"replies":[{"embeddable":true,"href":"https:\/\/pegasus-sportswear.de\/es\/wp-json\/wp\/v2\/comments?post=45216"}],"wp:featuredmedia":[{"embeddable":true,"href":"https:\/\/pegasus-sportswear.de\/es\/wp-json\/wp\/v2\/media\/40120"}],"wp:attachment":[{"href":"https:\/\/pegasus-sportswear.de\/es\/wp-json\/wp\/v2\/media?parent=45216"}],"wp:term":[{"taxonomy":"product_brand","embeddable":true,"href":"https:\/\/pegasus-sportswear.de\/es\/wp-json\/wp\/v2\/product_brand?post=45216"},{"taxonomy":"product_cat","embeddable":true,"href":"https:\/\/pegasus-sportswear.de\/es\/wp-json\/wp\/v2\/product_cat?post=45216"},{"taxonomy":"product_tag","embeddable":true,"href":"https:\/\/pegasus-sportswear.de\/es\/wp-json\/wp\/v2\/product_tag?post=45216"}],"curies":[{"name":"wp","href":"https:\/\/api.w.org\/{rel}","templated":true}]}}